{"id":1033,"date":"2025-07-08T09:41:30","date_gmt":"2025-07-08T09:41:30","guid":{"rendered":"https:\/\/www.uni-r.pt\/?page_id=1033"},"modified":"2025-11-19T12:00:45","modified_gmt":"2025-11-19T12:00:45","slug":"progestart","status":"publish","type":"page","link":"https:\/\/www.uni-r.pt\/?page_id=1033","title":{"rendered":"ProgestArt"},"content":{"rendered":"<div class=\"fusion-fullwidth fullwidth-box fusion-builder-row-1 fusion-flex-container has-pattern-background has-mask-background nonhundred-percent-fullwidth non-hundred-percent-height-scrolling\" style=\"--awb-border-radius-top-left:0px;--awb-border-radius-top-right:0px;--awb-border-radius-bottom-right:0px;--awb-border-radius-bottom-left:0px;--awb-flex-wrap:wrap;\" ><div class=\"fusion-builder-row fusion-row fusion-flex-align-items-flex-start fusion-flex-content-wrap\" style=\"max-width:1248px;margin-left: calc(-4% \/ 2 );margin-right: calc(-4% \/ 2 );\"><div class=\"fusion-layout-column fusion_builder_column fusion-builder-column-0 fusion_builder_column_2_3 2_3 fusion-flex-column\" style=\"--awb-bg-size:cover;--awb-width-large:66.666666666667%;--awb-margin-top-large:0px;--awb-spacing-right-large:2.88%;--awb-margin-bottom-large:20px;--awb-spacing-left-large:2.88%;--awb-width-medium:66.666666666667%;--awb-order-medium:0;--awb-spacing-right-medium:2.88%;--awb-spacing-left-medium:2.88%;--awb-width-small:100%;--awb-order-small:0;--awb-spacing-right-small:1.92%;--awb-spacing-left-small:1.92%;\"><div class=\"fusion-column-wrapper fusion-column-has-shadow fusion-flex-justify-content-flex-start fusion-content-layout-column\"><div class=\"fusion-text fusion-text-1\"><p>Ao longo do segundo semestre do ano letivo de 2024\/2025, a Professora Teresa Almeida Rocha, do Ispa, e o Professor Ant\u00f3nio Manuel Duarte, da Faculdade de Psicologia da Universidade de Lisboa, coordenaram no ISPA o projeto ProgestArt &#8211; vers\u00e3o adultos. Este projeto procurou fomentar a aprecia\u00e7\u00e3o cr\u00edtica e art\u00edstica dos estudantes, assim como a sua criatividade, enquanto elementos importantes para o seu bem-estar.<\/p>\n<p>Este programa art\u00edstico e totalmente gratuito gerido e aplicado pela Psic\u00f3loga Carolina Fraz\u00e3o, contou com oito sess\u00f5es entre abril e junho de 2025 organizadas em dois grupos, compostos por estudantes de diferentes cursos e ciclos de estudos do Ispa. Ao longo destas oito sess\u00f5es, procurou-se explorar a compreens\u00e3o de v\u00e1rias t\u00e9cnicas e movimentos art\u00edsticos.<\/p>\n<p style=\"padding-left: 40px;\"><em>\u201c Tenho-me aprofundado na \u00e1rea do Desenvolvimento Est\u00e9tico e Art\u00edstico nos \u00faltimos anos e tive a sorte de aplicar o Progestart v.2 no concelho de Almada ao longo dos \u00faltimos tr\u00eas anos, com crian\u00e7as de 1\u00ba ciclo. \u00c9 fascinante poder testemunhar uma expans\u00e3o da criatividade e do esp\u00edrito cr\u00edtico em t\u00e3o poucas semanas. Atrav\u00e9s de pinturas que, \u00e0 partida, n\u00e3o lhes dizem nada, come\u00e7amos a notar o desenvolvimento de uma linguagem art\u00edstica pr\u00f3pria, de novas formas de observa\u00e7\u00e3o e explora\u00e7\u00e3o, bem como um aumento da sensibilidade est\u00e9tica, ao longo das sess\u00f5es.&#8221;<\/em><\/p>\n<p style=\"padding-left: 40px;\"><em>Quem nunca foi a um museu e se sentiu, de certa forma, frustrado com aquilo que viu? Para onde olhar? Que leitura fazer? Esta obra diz-me alguma coisa? O que dizer sobre ela? Sinto-me capaz de discutir esta obra com algu\u00e9m? <\/em><\/p>\n<p style=\"padding-left: 40px;\"><em>O Progestart &#8211; vers\u00e3o adultos, surge precisamente como uma oportunidade de desenvolvimento das capacidades de aprecia\u00e7\u00e3o art\u00edstica e de sensibilidade est\u00e9tica, atrav\u00e9s da observa\u00e7\u00e3o, contempla\u00e7\u00e3o, di\u00e1logo e cria\u00e7\u00e3o. O olhar art\u00edstico e a sensibilidade est\u00e9tica s\u00e3o muito mais do que compet\u00eancias ligadas \u00e0 arte. S\u00e3o compet\u00eancias para a vida. Come\u00e7am nas pequenas coisas, na nossa observa\u00e7\u00e3o do mundo e no nosso estado de presen\u00e7a.&#8221; <\/em> &#8211;\u00a0Carolina Fraz\u00e3o, Formadora do Projeto ProgestArt v2<\/p>\n<p>Cada sess\u00e3o contou com dois momentos distintos na sua estrutura\u00e7\u00e3o. Na primeira metade da sess\u00e3o, eram apresentadas obras de artes, no \u00e2mbito da tem\u00e1tica da sess\u00e3o, promovendo a aprecia\u00e7\u00e3o cr\u00edtica e art\u00edstica dos estudantes em discuss\u00f5es coletivas sobre as mesmas. Na segunda metade da sess\u00e3o, os estudantes eram convidados a estimular a sua criatividade art\u00edstica atrav\u00e9s da aplica\u00e7\u00e3o de novas t\u00e9cnicas recorrendo a novos materiais e instrumentos, em torno da tem\u00e1tica da sess\u00e3o.<\/p>\n<p>Ainda que os resultados do programa devam ser analisados de modo a compreender o seu contributo para o bem-estar, ao longo de todas as sess\u00f5es, os estudantes sempre demonstraram uma enorme ades\u00e3o e interesse pelas tem\u00e1ticas e exerc\u00edcios abordados. Este entusiasmo e dedica\u00e7\u00e3o por si s\u00f3, revelam o qu\u00e3o ben\u00e9fico pode ser para os estudantes explorar as v\u00e1rias dimens\u00f5es da sua identidade art\u00edstica, levando a que este programa possa, quem sabe, vir mesmo a ter uma segunda edi\u00e7\u00e3o no pr\u00f3ximo ano letivo\u2026<\/p>\n<\/div><div class=\"fusion-image-carousel fusion-image-carousel-auto fusion-image-carousel-1 lightbox-enabled\"><div class=\"awb-carousel awb-swiper awb-swiper-carousel awb-carousel--carousel awb-swiper-dots-position-bottom\" data-layout=\"carousel\" data-autoplay=\"no\" data-autoplayspeed=\"2500\" data-autoplaypause=\"no\" data-loop=\"yes\" data-columns=\"5\" data-columnsmedium=\"1\" data-columnssmall=\"1\" data-itemmargin=\"13\" data-itemwidth=\"180\" data-touchscroll=\"no\" data-freemode=\"no\" data-imagesize=\"auto\" data-scrollitems=\"0\" data-centeredslides=\"no\" data-rotationangle=\"50\" data-depth=\"100\" data-speed=\"500\" data-shadow=\"no\" data-pagination=\"bullets\" style=\"--awb-dots-align:center;\"><div class=\"swiper-wrapper awb-image-carousel-wrapper fusion-flex-align-items-center\"><div class=\"swiper-slide\"><div class=\"fusion-carousel-item-wrapper\"><div class=\"fusion-image-wrapper hover-type-none\"><a data-rel=\"iLightbox[image_carousel_1]\" data-title=\"WhatsApp Image 2025-07-04 at 23.41.56 (2)\" aria-label=\"WhatsApp Image 2025-07-04 at 23.41.56 (2)\" href=\"http:\/\/www.uni-r.pt\/wp-content\/uploads\/2025\/07\/WhatsApp-Image-2025-07-04-at-23.41.56-2.jpeg\" target=\"_self\"><img decoding=\"async\" width=\"2000\" height=\"896\" src=\"https:\/\/www.uni-r.pt\/wp-content\/uploads\/2025\/07\/WhatsApp-Image-2025-07-04-at-23.41.56-2.jpeg\" class=\"attachment-full size-full\" alt=\"\" srcset=\"https:\/\/www.uni-r.pt\/wp-content\/uploads\/2025\/07\/WhatsApp-Image-2025-07-04-at-23.41.56-2-200x90.jpeg 200w, https:\/\/www.uni-r.pt\/wp-content\/uploads\/2025\/07\/WhatsApp-Image-2025-07-04-at-23.41.56-2-400x179.jpeg 400w, https:\/\/www.uni-r.pt\/wp-content\/uploads\/2025\/07\/WhatsApp-Image-2025-07-04-at-23.41.56-2-600x269.jpeg 600w, https:\/\/www.uni-r.pt\/wp-content\/uploads\/2025\/07\/WhatsApp-Image-2025-07-04-at-23.41.56-2-800x358.jpeg 800w, https:\/\/www.uni-r.pt\/wp-content\/uploads\/2025\/07\/WhatsApp-Image-2025-07-04-at-23.41.56-2-1200x538.jpeg 1200w, https:\/\/www.uni-r.pt\/wp-content\/uploads\/2025\/07\/WhatsApp-Image-2025-07-04-at-23.41.56-2.jpeg 2000w\" sizes=\"(min-width: 2200px) 100vw, (min-width: 928px) 230px, (min-width: 856px) 287px, (min-width: 784px) 383px, (min-width: 712px) 574px, (min-width: 640px) 712px, \" \/><\/a><\/div><\/div><\/div><div class=\"swiper-slide\"><div class=\"fusion-carousel-item-wrapper\"><div class=\"fusion-image-wrapper hover-type-none\"><a data-rel=\"iLightbox[image_carousel_1]\" data-title=\"WhatsApp Image 2025-07-04 at 23.41.56\" aria-label=\"WhatsApp Image 2025-07-04 at 23.41.56\" href=\"http:\/\/www.uni-r.pt\/wp-content\/uploads\/2025\/07\/WhatsApp-Image-2025-07-04-at-23.41.56.jpeg\" target=\"_self\"><img decoding=\"async\" width=\"2000\" height=\"896\" src=\"https:\/\/www.uni-r.pt\/wp-content\/uploads\/2025\/07\/WhatsApp-Image-2025-07-04-at-23.41.56.jpeg\" class=\"attachment-full size-full\" alt=\"\" srcset=\"https:\/\/www.uni-r.pt\/wp-content\/uploads\/2025\/07\/WhatsApp-Image-2025-07-04-at-23.41.56-200x90.jpeg 200w, https:\/\/www.uni-r.pt\/wp-content\/uploads\/2025\/07\/WhatsApp-Image-2025-07-04-at-23.41.56-400x179.jpeg 400w, https:\/\/www.uni-r.pt\/wp-content\/uploads\/2025\/07\/WhatsApp-Image-2025-07-04-at-23.41.56-600x269.jpeg 600w, https:\/\/www.uni-r.pt\/wp-content\/uploads\/2025\/07\/WhatsApp-Image-2025-07-04-at-23.41.56-800x358.jpeg 800w, https:\/\/www.uni-r.pt\/wp-content\/uploads\/2025\/07\/WhatsApp-Image-2025-07-04-at-23.41.56-1200x538.jpeg 1200w, https:\/\/www.uni-r.pt\/wp-content\/uploads\/2025\/07\/WhatsApp-Image-2025-07-04-at-23.41.56.jpeg 2000w\" sizes=\"(min-width: 2200px) 100vw, (min-width: 928px) 230px, (min-width: 856px) 287px, (min-width: 784px) 383px, (min-width: 712px) 574px, (min-width: 640px) 712px, \" \/><\/a><\/div><\/div><\/div><div class=\"swiper-slide\"><div class=\"fusion-carousel-item-wrapper\"><div class=\"fusion-image-wrapper hover-type-none\"><a data-rel=\"iLightbox[image_carousel_1]\" data-title=\"WhatsApp Image 2025-07-04 at 23.35.31 (1)\" aria-label=\"WhatsApp Image 2025-07-04 at 23.35.31 (1)\" href=\"http:\/\/www.uni-r.pt\/wp-content\/uploads\/2025\/07\/WhatsApp-Image-2025-07-04-at-23.35.31-1-rotated.jpeg\" target=\"_self\"><img decoding=\"async\" width=\"1920\" height=\"1080\" src=\"https:\/\/www.uni-r.pt\/wp-content\/uploads\/2025\/07\/WhatsApp-Image-2025-07-04-at-23.35.31-1-rotated.jpeg\" class=\"attachment-full size-full\" alt=\"\" srcset=\"https:\/\/www.uni-r.pt\/wp-content\/uploads\/2025\/07\/WhatsApp-Image-2025-07-04-at-23.35.31-1-200x113.jpeg 200w, https:\/\/www.uni-r.pt\/wp-content\/uploads\/2025\/07\/WhatsApp-Image-2025-07-04-at-23.35.31-1-400x225.jpeg 400w, https:\/\/www.uni-r.pt\/wp-content\/uploads\/2025\/07\/WhatsApp-Image-2025-07-04-at-23.35.31-1-600x338.jpeg 600w, https:\/\/www.uni-r.pt\/wp-content\/uploads\/2025\/07\/WhatsApp-Image-2025-07-04-at-23.35.31-1-800x450.jpeg 800w, https:\/\/www.uni-r.pt\/wp-content\/uploads\/2025\/07\/WhatsApp-Image-2025-07-04-at-23.35.31-1-1200x675.jpeg 1200w, https:\/\/www.uni-r.pt\/wp-content\/uploads\/2025\/07\/WhatsApp-Image-2025-07-04-at-23.35.31-1-rotated.jpeg 1920w\" sizes=\"(min-width: 2200px) 100vw, (min-width: 928px) 230px, (min-width: 856px) 287px, (min-width: 784px) 383px, (min-width: 712px) 574px, (min-width: 640px) 712px, \" \/><\/a><\/div><\/div><\/div><div class=\"swiper-slide\"><div class=\"fusion-carousel-item-wrapper\"><div class=\"fusion-image-wrapper hover-type-none\"><a data-rel=\"iLightbox[image_carousel_1]\" data-title=\"WhatsApp Image 2025-07-04 at 23.35.31\" aria-label=\"WhatsApp Image 2025-07-04 at 23.35.31\" href=\"http:\/\/www.uni-r.pt\/wp-content\/uploads\/2025\/07\/WhatsApp-Image-2025-07-04-at-23.35.31.jpeg\" target=\"_self\"><img decoding=\"async\" width=\"2000\" height=\"896\" src=\"https:\/\/www.uni-r.pt\/wp-content\/uploads\/2025\/07\/WhatsApp-Image-2025-07-04-at-23.35.31.jpeg\" class=\"attachment-full size-full\" alt=\"\" srcset=\"https:\/\/www.uni-r.pt\/wp-content\/uploads\/2025\/07\/WhatsApp-Image-2025-07-04-at-23.35.31-200x90.jpeg 200w, https:\/\/www.uni-r.pt\/wp-content\/uploads\/2025\/07\/WhatsApp-Image-2025-07-04-at-23.35.31-400x179.jpeg 400w, https:\/\/www.uni-r.pt\/wp-content\/uploads\/2025\/07\/WhatsApp-Image-2025-07-04-at-23.35.31-600x269.jpeg 600w, https:\/\/www.uni-r.pt\/wp-content\/uploads\/2025\/07\/WhatsApp-Image-2025-07-04-at-23.35.31-800x358.jpeg 800w, https:\/\/www.uni-r.pt\/wp-content\/uploads\/2025\/07\/WhatsApp-Image-2025-07-04-at-23.35.31-1200x538.jpeg 1200w, https:\/\/www.uni-r.pt\/wp-content\/uploads\/2025\/07\/WhatsApp-Image-2025-07-04-at-23.35.31.jpeg 2000w\" sizes=\"(min-width: 2200px) 100vw, (min-width: 928px) 230px, (min-width: 856px) 287px, (min-width: 784px) 383px, (min-width: 712px) 574px, (min-width: 640px) 712px, \" \/><\/a><\/div><\/div><\/div><div class=\"swiper-slide\"><div class=\"fusion-carousel-item-wrapper\"><div class=\"fusion-image-wrapper hover-type-none\"><a data-rel=\"iLightbox[image_carousel_1]\" data-title=\"WhatsApp Image 2025-07-04 at 23.41.55\" aria-label=\"WhatsApp Image 2025-07-04 at 23.41.55\" href=\"http:\/\/www.uni-r.pt\/wp-content\/uploads\/2025\/07\/WhatsApp-Image-2025-07-04-at-23.41.55.jpeg\" target=\"_self\"><img decoding=\"async\" width=\"896\" height=\"2000\" src=\"https:\/\/www.uni-r.pt\/wp-content\/uploads\/2025\/07\/WhatsApp-Image-2025-07-04-at-23.41.55.jpeg\" class=\"attachment-full size-full\" alt=\"\" srcset=\"https:\/\/www.uni-r.pt\/wp-content\/uploads\/2025\/07\/WhatsApp-Image-2025-07-04-at-23.41.55-200x446.jpeg 200w, https:\/\/www.uni-r.pt\/wp-content\/uploads\/2025\/07\/WhatsApp-Image-2025-07-04-at-23.41.55-400x893.jpeg 400w, https:\/\/www.uni-r.pt\/wp-content\/uploads\/2025\/07\/WhatsApp-Image-2025-07-04-at-23.41.55-600x1339.jpeg 600w, https:\/\/www.uni-r.pt\/wp-content\/uploads\/2025\/07\/WhatsApp-Image-2025-07-04-at-23.41.55-800x1786.jpeg 800w, https:\/\/www.uni-r.pt\/wp-content\/uploads\/2025\/07\/WhatsApp-Image-2025-07-04-at-23.41.55.jpeg 896w\" sizes=\"(min-width: 2200px) 100vw, (min-width: 928px) 230px, (min-width: 856px) 287px, (min-width: 784px) 383px, (min-width: 712px) 574px, (min-width: 640px) 712px, \" \/><\/a><\/div><\/div><\/div><div class=\"swiper-slide\"><div class=\"fusion-carousel-item-wrapper\"><div class=\"fusion-image-wrapper hover-type-none\"><a data-rel=\"iLightbox[image_carousel_1]\" data-title=\"WhatsApp Image 2025-07-04 at 23.41.56 (1)\" aria-label=\"WhatsApp Image 2025-07-04 at 23.41.56 (1)\" href=\"http:\/\/www.uni-r.pt\/wp-content\/uploads\/2025\/07\/WhatsApp-Image-2025-07-04-at-23.41.56-1.jpeg\" target=\"_self\"><img decoding=\"async\" width=\"2000\" height=\"896\" src=\"https:\/\/www.uni-r.pt\/wp-content\/uploads\/2025\/07\/WhatsApp-Image-2025-07-04-at-23.41.56-1.jpeg\" class=\"attachment-full size-full\" alt=\"\" srcset=\"https:\/\/www.uni-r.pt\/wp-content\/uploads\/2025\/07\/WhatsApp-Image-2025-07-04-at-23.41.56-1-200x90.jpeg 200w, https:\/\/www.uni-r.pt\/wp-content\/uploads\/2025\/07\/WhatsApp-Image-2025-07-04-at-23.41.56-1-400x179.jpeg 400w, https:\/\/www.uni-r.pt\/wp-content\/uploads\/2025\/07\/WhatsApp-Image-2025-07-04-at-23.41.56-1-600x269.jpeg 600w, https:\/\/www.uni-r.pt\/wp-content\/uploads\/2025\/07\/WhatsApp-Image-2025-07-04-at-23.41.56-1-800x358.jpeg 800w, https:\/\/www.uni-r.pt\/wp-content\/uploads\/2025\/07\/WhatsApp-Image-2025-07-04-at-23.41.56-1-1200x538.jpeg 1200w, https:\/\/www.uni-r.pt\/wp-content\/uploads\/2025\/07\/WhatsApp-Image-2025-07-04-at-23.41.56-1.jpeg 2000w\" sizes=\"(min-width: 2200px) 100vw, (min-width: 928px) 230px, (min-width: 856px) 287px, (min-width: 784px) 383px, (min-width: 712px) 574px, (min-width: 640px) 712px, \" \/><\/a><\/div><\/div><\/div><\/div><div class=\"awb-swiper-button awb-swiper-button-prev\"><i class=\"awb-icon-angle-left\" aria-hidden=\"true\"><\/i><\/div><div class=\"awb-swiper-button awb-swiper-button-next\"><i class=\"awb-icon-angle-right\" aria-hidden=\"true\"><\/i><\/div><\/div><\/div><\/div><\/div><div class=\"fusion-layout-column fusion_builder_column fusion-builder-column-1 fusion_builder_column_1_3 1_3 fusion-flex-column\" style=\"--awb-bg-size:cover;--awb-width-large:33.333333333333%;--awb-margin-top-large:0px;--awb-spacing-right-large:5.76%;--awb-margin-bottom-large:20px;--awb-spacing-left-large:5.76%;--awb-width-medium:33.333333333333%;--awb-order-medium:0;--awb-spacing-right-medium:5.76%;--awb-spacing-left-medium:5.76%;--awb-width-small:100%;--awb-order-small:0;--awb-spacing-right-small:1.92%;--awb-spacing-left-small:1.92%;\"><div class=\"fusion-column-wrapper fusion-column-has-shadow fusion-flex-justify-content-flex-start fusion-content-layout-column\"><div class=\"fusion-image-element \" style=\"--awb-caption-title-font-family:var(--h2_typography-font-family);--awb-caption-title-font-weight:var(--h2_typography-font-weight);--awb-caption-title-font-style:var(--h2_typography-font-style);--awb-caption-title-size:var(--h2_typography-font-size);--awb-caption-title-transform:var(--h2_typography-text-transform);--awb-caption-title-line-height:var(--h2_typography-line-height);--awb-caption-title-letter-spacing:var(--h2_typography-letter-spacing);\"><span class=\" fusion-imageframe imageframe-none imageframe-1 hover-type-none\"><img decoding=\"async\" width=\"900\" height=\"1600\" title=\"Cartaz_ProgesArt\" src=\"http:\/\/www.uni-r.pt\/wp-content\/uploads\/2025\/07\/Cartaz_ProgesArt.jpeg\" alt class=\"img-responsive wp-image-1040\" srcset=\"https:\/\/www.uni-r.pt\/wp-content\/uploads\/2025\/07\/Cartaz_ProgesArt-200x356.jpeg 200w, https:\/\/www.uni-r.pt\/wp-content\/uploads\/2025\/07\/Cartaz_ProgesArt-400x711.jpeg 400w, https:\/\/www.uni-r.pt\/wp-content\/uploads\/2025\/07\/Cartaz_ProgesArt-600x1067.jpeg 600w, https:\/\/www.uni-r.pt\/wp-content\/uploads\/2025\/07\/Cartaz_ProgesArt-800x1422.jpeg 800w, https:\/\/www.uni-r.pt\/wp-content\/uploads\/2025\/07\/Cartaz_ProgesArt.jpeg 900w\" sizes=\"(max-width: 640px) 100vw, 400px\" \/><\/span><\/div><\/div><\/div><\/div><\/div>\n","protected":false},"excerpt":{"rendered":"","protected":false},"author":1,"featured_media":0,"parent":0,"menu_order":0,"comment_status":"closed","ping_status":"closed","template":"100-width.php","meta":{"_acf_changed":false,"footnotes":""},"class_list":["post-1033","page","type-page","status-publish","hentry"],"acf":[],"_links":{"self":[{"href":"https:\/\/www.uni-r.pt\/index.php?rest_route=\/wp\/v2\/pages\/1033","targetHints":{"allow":["GET"]}}],"collection":[{"href":"https:\/\/www.uni-r.pt\/index.php?rest_route=\/wp\/v2\/pages"}],"about":[{"href":"https:\/\/www.uni-r.pt\/index.php?rest_route=\/wp\/v2\/types\/page"}],"author":[{"embeddable":true,"href":"https:\/\/www.uni-r.pt\/index.php?rest_route=\/wp\/v2\/users\/1"}],"replies":[{"embeddable":true,"href":"https:\/\/www.uni-r.pt\/index.php?rest_route=%2Fwp%2Fv2%2Fcomments&post=1033"}],"version-history":[{"count":6,"href":"https:\/\/www.uni-r.pt\/index.php?rest_route=\/wp\/v2\/pages\/1033\/revisions"}],"predecessor-version":[{"id":1463,"href":"https:\/\/www.uni-r.pt\/index.php?rest_route=\/wp\/v2\/pages\/1033\/revisions\/1463"}],"wp:attachment":[{"href":"https:\/\/www.uni-r.pt\/index.php?rest_route=%2Fwp%2Fv2%2Fmedia&parent=1033"}],"curies":[{"name":"wp","href":"https:\/\/api.w.org\/{rel}","templated":true}]}}