{"id":1050,"date":"2025-07-08T09:52:07","date_gmt":"2025-07-08T09:52:07","guid":{"rendered":"https:\/\/www.uni-r.pt\/?page_id=1050"},"modified":"2025-11-19T11:49:57","modified_gmt":"2025-11-19T11:49:57","slug":"uni_r_box","status":"publish","type":"page","link":"https:\/\/www.uni-r.pt\/?page_id=1050","title":{"rendered":"UNI_R_BOX"},"content":{"rendered":"<div class=\"fusion-fullwidth fullwidth-box fusion-builder-row-1 fusion-flex-container has-pattern-background has-mask-background nonhundred-percent-fullwidth non-hundred-percent-height-scrolling\" style=\"--awb-border-radius-top-left:0px;--awb-border-radius-top-right:0px;--awb-border-radius-bottom-right:0px;--awb-border-radius-bottom-left:0px;--awb-flex-wrap:wrap;\" ><div class=\"fusion-builder-row fusion-row fusion-flex-align-items-flex-start fusion-flex-content-wrap\" style=\"max-width:1248px;margin-left: calc(-4% \/ 2 );margin-right: calc(-4% \/ 2 );\"><div class=\"fusion-layout-column fusion_builder_column fusion-builder-column-0 fusion_builder_column_2_3 2_3 fusion-flex-column\" style=\"--awb-bg-size:cover;--awb-width-large:66.666666666667%;--awb-margin-top-large:0px;--awb-spacing-right-large:2.88%;--awb-margin-bottom-large:20px;--awb-spacing-left-large:2.88%;--awb-width-medium:66.666666666667%;--awb-order-medium:0;--awb-spacing-right-medium:2.88%;--awb-spacing-left-medium:2.88%;--awb-width-small:100%;--awb-order-small:0;--awb-spacing-right-small:1.92%;--awb-spacing-left-small:1.92%;\"><div class=\"fusion-column-wrapper fusion-column-has-shadow fusion-flex-justify-content-flex-start fusion-content-layout-column\"><div class=\"fusion-text fusion-text-1\" style=\"--awb-content-alignment:justify;\"><p>Ao longo do segundo semestre (17 de fevereiro a 6 de junho), estiveram distribu\u00eddas estrategicamente pelo ISPA, v\u00e1rias UNI_R_BOX que rapidamente chamaram a aten\u00e7\u00e3o dos estudantes. Mas o que \u00e9 uma UNI_R_BOX? Estas caixas totalmente decoradas para darem nas vistas procuram recolher sugest\u00f5es onde os estudantes dos diferentes cursos e ciclos de estudos possam submeter as atividades que gostavam de ver ser implementadas no Ispa.<\/p>\n<p>Este projeto nasceu das reuni\u00f5es semanais com os Estudantes Colaboradores do Projeto UNI_R, enquanto estrat\u00e9gia para procurar compreender de que forma os estudantes perspetivam a universidade enquanto uma via para satisfazer as suas necessidades nas v\u00e1rias dimens\u00f5es da sua vida. Neste sentido, os estudantes estiveram presentes durante a formula\u00e7\u00e3o, a implementa\u00e7\u00e3o e a an\u00e1lise de todo o processo que envolveu as UNI_R_BOX.<\/p>\n<p>Para al\u00e9m de procurar compreender as principais \u00e1reas de interesse e as atividades sugeridas pelos estudantes, este projeto ainda teve como objetivo compreender a sua inten\u00e7\u00e3o de envolv\u00eancia dos estudantes com a implementa\u00e7\u00f5es das atividades propostas e com o pr\u00f3prio projeto UNI_R. Como tal, v\u00e1rios estudantes foram contactados ap\u00f3s a an\u00e1lise de todas as sugest\u00f5es e convidados a receber apoio da nossa equipa para implementar a sua atividade, de modo a desenvolverem ferramentas de autonomia, planeamento e gest\u00e3o de atividades.<\/p>\n<p style=\"padding-left: 40px;\"><em>\u201cMais importante que conseguir compreender o que estudantes querem, \u00e9 faz\u00ea-los compreender que podem ser eles pr\u00f3prios a \u201clutar\u201d por isso. Os estudantes s\u00e3o uma componente importante de qualquer institui\u00e7\u00e3o de ensino superior e, como tal, n\u00e3o devem ser meros agentes passivos nas decis\u00f5es e mudan\u00e7as da sua universidade. Devem compreender que t\u00eam uma voz e devem faz\u00ea-la ouvir!<\/em>\u201d \u2013 Francisco Queir\u00f3s, T\u00e9cnico do Projeto UNI_R<\/p>\n<p>Foram recolhidas at\u00e9 ao momento 87 sugest\u00f5es de atividades que promovem diferentes compet\u00eancias e interv\u00eam nas v\u00e1rias \u00e1reas da vida dos estudantes do Ispa. At\u00e9 ao momento? Sim, ao que parece tamb\u00e9m as UNI_R_BOX v\u00e3o tirar uns meses para viajar e ir de f\u00e9rias, mas contam voltar em setembro para receber os novos estudantes e as suas ideias para construir uma universidade feita por todos e para todos!<\/p>\n<\/div><\/div><\/div><div class=\"fusion-layout-column fusion_builder_column fusion-builder-column-1 fusion_builder_column_1_3 1_3 fusion-flex-column\" style=\"--awb-bg-size:cover;--awb-width-large:33.333333333333%;--awb-margin-top-large:0px;--awb-spacing-right-large:5.76%;--awb-margin-bottom-large:20px;--awb-spacing-left-large:5.76%;--awb-width-medium:33.333333333333%;--awb-order-medium:0;--awb-spacing-right-medium:5.76%;--awb-spacing-left-medium:5.76%;--awb-width-small:100%;--awb-order-small:0;--awb-spacing-right-small:1.92%;--awb-spacing-left-small:1.92%;\"><div class=\"fusion-column-wrapper fusion-column-has-shadow fusion-flex-justify-content-flex-start fusion-content-layout-column\"><div class=\"fusion-image-element \" style=\"--awb-caption-title-font-family:var(--h2_typography-font-family);--awb-caption-title-font-weight:var(--h2_typography-font-weight);--awb-caption-title-font-style:var(--h2_typography-font-style);--awb-caption-title-size:var(--h2_typography-font-size);--awb-caption-title-transform:var(--h2_typography-text-transform);--awb-caption-title-line-height:var(--h2_typography-line-height);--awb-caption-title-letter-spacing:var(--h2_typography-letter-spacing);\"><span class=\" fusion-imageframe imageframe-none imageframe-1 hover-type-none\" style=\"border:1px solid var(--awb-color3);\"><img decoding=\"async\" width=\"212\" height=\"300\" title=\"Uni_R_BOX_Cartaz\" src=\"http:\/\/www.uni-r.pt\/wp-content\/uploads\/2025\/07\/Uni_R_BOX_Cartaz-212x300.png\" alt class=\"img-responsive wp-image-1051\" srcset=\"https:\/\/www.uni-r.pt\/wp-content\/uploads\/2025\/07\/Uni_R_BOX_Cartaz-200x283.png 200w, https:\/\/www.uni-r.pt\/wp-content\/uploads\/2025\/07\/Uni_R_BOX_Cartaz-400x566.png 400w, https:\/\/www.uni-r.pt\/wp-content\/uploads\/2025\/07\/Uni_R_BOX_Cartaz-600x848.png 600w, https:\/\/www.uni-r.pt\/wp-content\/uploads\/2025\/07\/Uni_R_BOX_Cartaz-800x1131.png 800w, https:\/\/www.uni-r.pt\/wp-content\/uploads\/2025\/07\/Uni_R_BOX_Cartaz.png 843w\" sizes=\"(max-width: 640px) 100vw, 400px\" \/><\/span><\/div><\/div><\/div><\/div><\/div>\n","protected":false},"excerpt":{"rendered":"","protected":false},"author":1,"featured_media":0,"parent":0,"menu_order":0,"comment_status":"closed","ping_status":"closed","template":"100-width.php","meta":{"_acf_changed":false,"footnotes":""},"class_list":["post-1050","page","type-page","status-publish","hentry"],"acf":[],"_links":{"self":[{"href":"https:\/\/www.uni-r.pt\/index.php?rest_route=\/wp\/v2\/pages\/1050","targetHints":{"allow":["GET"]}}],"collection":[{"href":"https:\/\/www.uni-r.pt\/index.php?rest_route=\/wp\/v2\/pages"}],"about":[{"href":"https:\/\/www.uni-r.pt\/index.php?rest_route=\/wp\/v2\/types\/page"}],"author":[{"embeddable":true,"href":"https:\/\/www.uni-r.pt\/index.php?rest_route=\/wp\/v2\/users\/1"}],"replies":[{"embeddable":true,"href":"https:\/\/www.uni-r.pt\/index.php?rest_route=%2Fwp%2Fv2%2Fcomments&post=1050"}],"version-history":[{"count":4,"href":"https:\/\/www.uni-r.pt\/index.php?rest_route=\/wp\/v2\/pages\/1050\/revisions"}],"predecessor-version":[{"id":1459,"href":"https:\/\/www.uni-r.pt\/index.php?rest_route=\/wp\/v2\/pages\/1050\/revisions\/1459"}],"wp:attachment":[{"href":"https:\/\/www.uni-r.pt\/index.php?rest_route=%2Fwp%2Fv2%2Fmedia&parent=1050"}],"curies":[{"name":"wp","href":"https:\/\/api.w.org\/{rel}","templated":true}]}}