{"id":1393,"date":"2025-10-22T16:07:02","date_gmt":"2025-10-22T16:07:02","guid":{"rendered":"https:\/\/www.uni-r.pt\/?page_id=1393"},"modified":"2025-11-19T12:12:44","modified_gmt":"2025-11-19T12:12:44","slug":"o-que-e-para-ti-o-bem-estar","status":"publish","type":"page","link":"https:\/\/www.uni-r.pt\/?page_id=1393","title":{"rendered":"O que \u00e9 para ti o Bem-Estar?"},"content":{"rendered":"<div class=\"fusion-fullwidth fullwidth-box fusion-builder-row-1 fusion-flex-container has-pattern-background has-mask-background nonhundred-percent-fullwidth non-hundred-percent-height-scrolling\" style=\"--awb-border-radius-top-left:0px;--awb-border-radius-top-right:0px;--awb-border-radius-bottom-right:0px;--awb-border-radius-bottom-left:0px;--awb-flex-wrap:wrap;\" ><div class=\"fusion-builder-row fusion-row fusion-flex-align-items-flex-start fusion-flex-content-wrap\" style=\"max-width:1248px;margin-left: calc(-4% \/ 2 );margin-right: calc(-4% \/ 2 );\"><div class=\"fusion-layout-column fusion_builder_column fusion-builder-column-0 fusion_builder_column_2_3 2_3 fusion-flex-column\" style=\"--awb-bg-size:cover;--awb-width-large:66.666666666667%;--awb-margin-top-large:0px;--awb-spacing-right-large:2.88%;--awb-margin-bottom-large:20px;--awb-spacing-left-large:2.88%;--awb-width-medium:66.666666666667%;--awb-order-medium:0;--awb-spacing-right-medium:2.88%;--awb-spacing-left-medium:2.88%;--awb-width-small:100%;--awb-order-small:0;--awb-spacing-right-small:1.92%;--awb-spacing-left-small:1.92%;\"><div class=\"fusion-column-wrapper fusion-column-has-shadow fusion-flex-justify-content-flex-start fusion-content-layout-column\"><div class=\"fusion-text fusion-text-1\"><p>Para comemorar o Dia Mundial da Sa\u00fade Mental (10 de outubro de 2025), a comunidade do Ispa foi convidada a refletir sobre os fatores promotores de sa\u00fade mental e de bem-estar nas v\u00e1rias dimens\u00f5es das suas vidas, atrav\u00e9s de uma iniciativa proporcionada pela Associa\u00e7\u00e3o de Estudantes do Ispa (AEISPA) e pelo projeto UNI_R. Esta iniciativa teve como objetivo promover uma reflex\u00e3o integrativa, din\u00e2mica e criativa entre todos os elementos da comunidade do Ispa.<\/p>\n<p style=\"padding-left: 40px;\"><em>\u201cO Dia Mundial da Sa\u00fade \u00e9 uma oportunidade de promover a reflex\u00e3o, o di\u00e1logo e a empatia sobre o bem-estar psicol\u00f3gico. A atividade que a AE e o UNI R criaram refor\u00e7ou a import\u00e2ncia de cuidar e expressar a mente com o mesmo carinho com que cuidamos do corpo.\u201d \u2013 <\/em>In\u00eas Contramestre, Departamento Cultural da AEISPA<\/p>\n<p>Durante o dia 10 de Outubro de 2025, decorreram v\u00e1rias atividades localizadas em diferentes pontos do Ispa. Na rece\u00e7\u00e3o, a AEISPA organizou um mural com v\u00e1rios <em>post-its<\/em> multiformes e coloridos para afixar fatores promotores de sa\u00fade mental. Na Galeria M\u00e1rio Casimiro, encontrava-se um mural, organizado pelo Projeto UNI_R, com o mote \u201cO que \u00e9 para ti o Bem-Estar?\u201d, onde os participantes poderiam registar as suas perspetivas e\/ou interagir com a de outros elementos da comunidade, atrav\u00e9s desenhos, palavras e colagens de revistas, jornais e postais. Para al\u00e9m disso, encontravam-se ainda afixados um quadro da Professora Teresa Almeida Rocha e um poster com algumas das fotografias submetidas por estudantes, no ano letivo 2024\/2025, para um estudo de <em>PhotoVoice <\/em>sobre o bem-estar acad\u00e9mico.<\/p>\n<p style=\"padding-left: 40px;\">\u201c<em>Adorei! Acho que \u00e9 extremamente importante ter atividades assim, especialmente para o curso de Psicologia, em que temos que refletir ainda mais sobre as quest\u00f5es da sa\u00fade mental e bem-estar.<\/em>\u201d \u2013 Estudante do 2\u00ba de Licenciatura<\/p>\n<p style=\"padding-left: 40px;\">\u201c<em>Adoro este tipo de iniciativas, \u00e9 algo simples que pode mudar o dia de quem participa, al\u00e9m de possibilitar fazer novas amizades.<\/em>\u201d \u2013 Estudante do 3\u00ba Ano de Licenciatura<\/p>\n<p style=\"padding-left: 40px;\">\u201c<em>Fez-nos parar, sair da zona de conforto do dia a dia, estar connosco e com o pr\u00f3ximo. Pensar no que realmente importa.<\/em>\u201d \u2013 Colaborador do Ispa<\/p>\n<p>Para promover o papel integrativo e colaborativo da comunidade do Ispa, os murais e os restantes materiais expositivos ficaram em exibi\u00e7\u00e3o, na Galeria M\u00e1rio Casimiro, entre os dias 10 e 17 de outubro de 2025. Esta exposi\u00e7\u00e3o refletiu, atrav\u00e9s de materiais e iniciativas diversificadas, o potencial que uma comunidade consegue atingir quando unida em prol de objetivos comuns.<\/p>\n<\/div><div class=\"fusion-image-carousel fusion-image-carousel-auto fusion-image-carousel-1 lightbox-enabled\"><div class=\"awb-carousel awb-swiper awb-swiper-carousel awb-carousel--carousel awb-swiper-dots-position-bottom\" data-layout=\"carousel\" data-autoplay=\"no\" data-autoplayspeed=\"2500\" data-autoplaypause=\"no\" data-loop=\"yes\" data-columns=\"5\" data-columnsmedium=\"1\" data-columnssmall=\"1\" data-itemmargin=\"13\" data-itemwidth=\"180\" data-touchscroll=\"no\" data-freemode=\"no\" data-imagesize=\"auto\" data-scrollitems=\"0\" data-centeredslides=\"no\" data-rotationangle=\"50\" data-depth=\"100\" data-speed=\"500\" data-shadow=\"no\" data-pagination=\"bullets\" style=\"--awb-dots-align:center;\"><div class=\"swiper-wrapper awb-image-carousel-wrapper fusion-flex-align-items-center\"><div class=\"swiper-slide\"><div class=\"fusion-carousel-item-wrapper\"><div class=\"fusion-image-wrapper hover-type-none\"><a data-rel=\"iLightbox[image_carousel_1]\" data-title=\"1f128f3f-1f7d-4d36-9cec-f627b5655941 (M\u00e9dia)\" aria-label=\"1f128f3f-1f7d-4d36-9cec-f627b5655941 (M\u00e9dia)\" href=\"http:\/\/www.uni-r.pt\/wp-content\/uploads\/2025\/10\/1f128f3f-1f7d-4d36-9cec-f627b5655941-Media.jpg\" target=\"_self\"><img decoding=\"async\" width=\"768\" height=\"1024\" src=\"https:\/\/www.uni-r.pt\/wp-content\/uploads\/2025\/10\/1f128f3f-1f7d-4d36-9cec-f627b5655941-Media.jpg\" class=\"attachment-full size-full\" alt=\"\" srcset=\"https:\/\/www.uni-r.pt\/wp-content\/uploads\/2025\/10\/1f128f3f-1f7d-4d36-9cec-f627b5655941-Media-200x267.jpg 200w, https:\/\/www.uni-r.pt\/wp-content\/uploads\/2025\/10\/1f128f3f-1f7d-4d36-9cec-f627b5655941-Media-400x533.jpg 400w, https:\/\/www.uni-r.pt\/wp-content\/uploads\/2025\/10\/1f128f3f-1f7d-4d36-9cec-f627b5655941-Media-600x800.jpg 600w, https:\/\/www.uni-r.pt\/wp-content\/uploads\/2025\/10\/1f128f3f-1f7d-4d36-9cec-f627b5655941-Media.jpg 768w\" sizes=\"(min-width: 2200px) 100vw, (min-width: 928px) 230px, (min-width: 856px) 287px, (min-width: 784px) 383px, (min-width: 712px) 574px, (min-width: 640px) 712px, \" \/><\/a><\/div><\/div><\/div><div class=\"swiper-slide\"><div class=\"fusion-carousel-item-wrapper\"><div class=\"fusion-image-wrapper hover-type-none\"><a data-rel=\"iLightbox[image_carousel_1]\" data-title=\"IMG_1331 (M\u00e9dia)\" aria-label=\"IMG_1331 (M\u00e9dia)\" href=\"http:\/\/www.uni-r.pt\/wp-content\/uploads\/2025\/10\/IMG_1331-Media.jpg\" target=\"_self\"><img decoding=\"async\" width=\"1024\" height=\"768\" src=\"https:\/\/www.uni-r.pt\/wp-content\/uploads\/2025\/10\/IMG_1331-Media.jpg\" class=\"attachment-full size-full\" alt=\"\" srcset=\"https:\/\/www.uni-r.pt\/wp-content\/uploads\/2025\/10\/IMG_1331-Media-200x150.jpg 200w, https:\/\/www.uni-r.pt\/wp-content\/uploads\/2025\/10\/IMG_1331-Media-400x300.jpg 400w, https:\/\/www.uni-r.pt\/wp-content\/uploads\/2025\/10\/IMG_1331-Media-600x450.jpg 600w, https:\/\/www.uni-r.pt\/wp-content\/uploads\/2025\/10\/IMG_1331-Media-800x600.jpg 800w, https:\/\/www.uni-r.pt\/wp-content\/uploads\/2025\/10\/IMG_1331-Media.jpg 1024w\" sizes=\"(min-width: 2200px) 100vw, (min-width: 928px) 230px, (min-width: 856px) 287px, (min-width: 784px) 383px, (min-width: 712px) 574px, (min-width: 640px) 712px, \" \/><\/a><\/div><\/div><\/div><div class=\"swiper-slide\"><div class=\"fusion-carousel-item-wrapper\"><div class=\"fusion-image-wrapper hover-type-none\"><a data-rel=\"iLightbox[image_carousel_1]\" data-title=\"IMG_1330 (M\u00e9dia)\" aria-label=\"IMG_1330 (M\u00e9dia)\" href=\"http:\/\/www.uni-r.pt\/wp-content\/uploads\/2025\/10\/IMG_1330-Media.jpg\" target=\"_self\"><img decoding=\"async\" width=\"1024\" height=\"768\" src=\"https:\/\/www.uni-r.pt\/wp-content\/uploads\/2025\/10\/IMG_1330-Media.jpg\" class=\"attachment-full size-full\" alt=\"\" srcset=\"https:\/\/www.uni-r.pt\/wp-content\/uploads\/2025\/10\/IMG_1330-Media-200x150.jpg 200w, https:\/\/www.uni-r.pt\/wp-content\/uploads\/2025\/10\/IMG_1330-Media-400x300.jpg 400w, https:\/\/www.uni-r.pt\/wp-content\/uploads\/2025\/10\/IMG_1330-Media-600x450.jpg 600w, https:\/\/www.uni-r.pt\/wp-content\/uploads\/2025\/10\/IMG_1330-Media-800x600.jpg 800w, https:\/\/www.uni-r.pt\/wp-content\/uploads\/2025\/10\/IMG_1330-Media.jpg 1024w\" sizes=\"(min-width: 2200px) 100vw, (min-width: 928px) 230px, (min-width: 856px) 287px, (min-width: 784px) 383px, (min-width: 712px) 574px, (min-width: 640px) 712px, \" \/><\/a><\/div><\/div><\/div><div class=\"swiper-slide\"><div class=\"fusion-carousel-item-wrapper\"><div class=\"fusion-image-wrapper hover-type-none\"><a data-rel=\"iLightbox[image_carousel_1]\" data-title=\"IMG_1326 (M\u00e9dia)\" aria-label=\"IMG_1326 (M\u00e9dia)\" href=\"http:\/\/www.uni-r.pt\/wp-content\/uploads\/2025\/10\/IMG_1326-Media.jpg\" target=\"_self\"><img decoding=\"async\" width=\"1024\" height=\"768\" src=\"https:\/\/www.uni-r.pt\/wp-content\/uploads\/2025\/10\/IMG_1326-Media.jpg\" class=\"attachment-full size-full\" alt=\"\" srcset=\"https:\/\/www.uni-r.pt\/wp-content\/uploads\/2025\/10\/IMG_1326-Media-200x150.jpg 200w, https:\/\/www.uni-r.pt\/wp-content\/uploads\/2025\/10\/IMG_1326-Media-400x300.jpg 400w, https:\/\/www.uni-r.pt\/wp-content\/uploads\/2025\/10\/IMG_1326-Media-600x450.jpg 600w, https:\/\/www.uni-r.pt\/wp-content\/uploads\/2025\/10\/IMG_1326-Media-800x600.jpg 800w, https:\/\/www.uni-r.pt\/wp-content\/uploads\/2025\/10\/IMG_1326-Media.jpg 1024w\" sizes=\"(min-width: 2200px) 100vw, (min-width: 928px) 230px, (min-width: 856px) 287px, (min-width: 784px) 383px, (min-width: 712px) 574px, (min-width: 640px) 712px, \" \/><\/a><\/div><\/div><\/div><div class=\"swiper-slide\"><div class=\"fusion-carousel-item-wrapper\"><div class=\"fusion-image-wrapper hover-type-none\"><a data-rel=\"iLightbox[image_carousel_1]\" data-title=\"IMG_1305 (M\u00e9dia)\" aria-label=\"IMG_1305 (M\u00e9dia)\" href=\"http:\/\/www.uni-r.pt\/wp-content\/uploads\/2025\/10\/IMG_1305-Media.jpg\" target=\"_self\"><img decoding=\"async\" width=\"1024\" height=\"768\" src=\"https:\/\/www.uni-r.pt\/wp-content\/uploads\/2025\/10\/IMG_1305-Media.jpg\" class=\"attachment-full size-full\" alt=\"\" srcset=\"https:\/\/www.uni-r.pt\/wp-content\/uploads\/2025\/10\/IMG_1305-Media-200x150.jpg 200w, https:\/\/www.uni-r.pt\/wp-content\/uploads\/2025\/10\/IMG_1305-Media-400x300.jpg 400w, https:\/\/www.uni-r.pt\/wp-content\/uploads\/2025\/10\/IMG_1305-Media-600x450.jpg 600w, https:\/\/www.uni-r.pt\/wp-content\/uploads\/2025\/10\/IMG_1305-Media-800x600.jpg 800w, https:\/\/www.uni-r.pt\/wp-content\/uploads\/2025\/10\/IMG_1305-Media.jpg 1024w\" sizes=\"(min-width: 2200px) 100vw, (min-width: 928px) 230px, (min-width: 856px) 287px, (min-width: 784px) 383px, (min-width: 712px) 574px, (min-width: 640px) 712px, \" \/><\/a><\/div><\/div><\/div><div class=\"swiper-slide\"><div class=\"fusion-carousel-item-wrapper\"><div class=\"fusion-image-wrapper hover-type-none\"><a data-rel=\"iLightbox[image_carousel_1]\" data-title=\"d0dd6591-5da1-4dec-a40f-40521d3834b4 (M\u00e9dia)\" aria-label=\"d0dd6591-5da1-4dec-a40f-40521d3834b4 (M\u00e9dia)\" href=\"http:\/\/www.uni-r.pt\/wp-content\/uploads\/2025\/10\/d0dd6591-5da1-4dec-a40f-40521d3834b4-Media.jpg\" target=\"_self\"><img decoding=\"async\" width=\"1024\" height=\"768\" src=\"https:\/\/www.uni-r.pt\/wp-content\/uploads\/2025\/10\/d0dd6591-5da1-4dec-a40f-40521d3834b4-Media.jpg\" class=\"attachment-full size-full\" alt=\"\" srcset=\"https:\/\/www.uni-r.pt\/wp-content\/uploads\/2025\/10\/d0dd6591-5da1-4dec-a40f-40521d3834b4-Media-200x150.jpg 200w, https:\/\/www.uni-r.pt\/wp-content\/uploads\/2025\/10\/d0dd6591-5da1-4dec-a40f-40521d3834b4-Media-400x300.jpg 400w, https:\/\/www.uni-r.pt\/wp-content\/uploads\/2025\/10\/d0dd6591-5da1-4dec-a40f-40521d3834b4-Media-600x450.jpg 600w, https:\/\/www.uni-r.pt\/wp-content\/uploads\/2025\/10\/d0dd6591-5da1-4dec-a40f-40521d3834b4-Media-800x600.jpg 800w, https:\/\/www.uni-r.pt\/wp-content\/uploads\/2025\/10\/d0dd6591-5da1-4dec-a40f-40521d3834b4-Media.jpg 1024w\" sizes=\"(min-width: 2200px) 100vw, (min-width: 928px) 230px, (min-width: 856px) 287px, (min-width: 784px) 383px, (min-width: 712px) 574px, (min-width: 640px) 712px, \" \/><\/a><\/div><\/div><\/div><div class=\"swiper-slide\"><div class=\"fusion-carousel-item-wrapper\"><div class=\"fusion-image-wrapper hover-type-none\"><a data-rel=\"iLightbox[image_carousel_1]\" data-title=\"b86f8db5-22f2-43c9-a943-df94e32b9a58 (M\u00e9dia)\" aria-label=\"b86f8db5-22f2-43c9-a943-df94e32b9a58 (M\u00e9dia)\" href=\"http:\/\/www.uni-r.pt\/wp-content\/uploads\/2025\/10\/b86f8db5-22f2-43c9-a943-df94e32b9a58-Media.jpg\" target=\"_self\"><img decoding=\"async\" width=\"768\" height=\"1024\" src=\"https:\/\/www.uni-r.pt\/wp-content\/uploads\/2025\/10\/b86f8db5-22f2-43c9-a943-df94e32b9a58-Media.jpg\" class=\"attachment-full size-full\" alt=\"\" srcset=\"https:\/\/www.uni-r.pt\/wp-content\/uploads\/2025\/10\/b86f8db5-22f2-43c9-a943-df94e32b9a58-Media-200x267.jpg 200w, https:\/\/www.uni-r.pt\/wp-content\/uploads\/2025\/10\/b86f8db5-22f2-43c9-a943-df94e32b9a58-Media-400x533.jpg 400w, https:\/\/www.uni-r.pt\/wp-content\/uploads\/2025\/10\/b86f8db5-22f2-43c9-a943-df94e32b9a58-Media-600x800.jpg 600w, https:\/\/www.uni-r.pt\/wp-content\/uploads\/2025\/10\/b86f8db5-22f2-43c9-a943-df94e32b9a58-Media.jpg 768w\" sizes=\"(min-width: 2200px) 100vw, (min-width: 928px) 230px, (min-width: 856px) 287px, (min-width: 784px) 383px, (min-width: 712px) 574px, (min-width: 640px) 712px, \" \/><\/a><\/div><\/div><\/div><div class=\"swiper-slide\"><div class=\"fusion-carousel-item-wrapper\"><div class=\"fusion-image-wrapper hover-type-none\"><a data-rel=\"iLightbox[image_carousel_1]\" data-title=\"55ec50ad-e1b4-41b3-ba80-f760e928a252 (M\u00e9dia)\" aria-label=\"55ec50ad-e1b4-41b3-ba80-f760e928a252 (M\u00e9dia)\" href=\"http:\/\/www.uni-r.pt\/wp-content\/uploads\/2025\/10\/55ec50ad-e1b4-41b3-ba80-f760e928a252-Media.jpg\" target=\"_self\"><img decoding=\"async\" width=\"768\" height=\"1024\" src=\"https:\/\/www.uni-r.pt\/wp-content\/uploads\/2025\/10\/55ec50ad-e1b4-41b3-ba80-f760e928a252-Media.jpg\" class=\"attachment-full size-full\" alt=\"\" srcset=\"https:\/\/www.uni-r.pt\/wp-content\/uploads\/2025\/10\/55ec50ad-e1b4-41b3-ba80-f760e928a252-Media-200x267.jpg 200w, https:\/\/www.uni-r.pt\/wp-content\/uploads\/2025\/10\/55ec50ad-e1b4-41b3-ba80-f760e928a252-Media-400x533.jpg 400w, https:\/\/www.uni-r.pt\/wp-content\/uploads\/2025\/10\/55ec50ad-e1b4-41b3-ba80-f760e928a252-Media-600x800.jpg 600w, https:\/\/www.uni-r.pt\/wp-content\/uploads\/2025\/10\/55ec50ad-e1b4-41b3-ba80-f760e928a252-Media.jpg 768w\" sizes=\"(min-width: 2200px) 100vw, (min-width: 928px) 230px, (min-width: 856px) 287px, (min-width: 784px) 383px, (min-width: 712px) 574px, (min-width: 640px) 712px, \" \/><\/a><\/div><\/div><\/div><div class=\"swiper-slide\"><div class=\"fusion-carousel-item-wrapper\"><div class=\"fusion-image-wrapper hover-type-none\"><a data-rel=\"iLightbox[image_carousel_1]\" data-title=\"7daa653c-2f1c-4f61-b61f-b92d704663ac (M\u00e9dia)\" aria-label=\"7daa653c-2f1c-4f61-b61f-b92d704663ac (M\u00e9dia)\" href=\"http:\/\/www.uni-r.pt\/wp-content\/uploads\/2025\/10\/7daa653c-2f1c-4f61-b61f-b92d704663ac-Media.jpg\" target=\"_self\"><img decoding=\"async\" width=\"1024\" height=\"768\" src=\"https:\/\/www.uni-r.pt\/wp-content\/uploads\/2025\/10\/7daa653c-2f1c-4f61-b61f-b92d704663ac-Media.jpg\" class=\"attachment-full size-full\" alt=\"\" srcset=\"https:\/\/www.uni-r.pt\/wp-content\/uploads\/2025\/10\/7daa653c-2f1c-4f61-b61f-b92d704663ac-Media-200x150.jpg 200w, https:\/\/www.uni-r.pt\/wp-content\/uploads\/2025\/10\/7daa653c-2f1c-4f61-b61f-b92d704663ac-Media-400x300.jpg 400w, https:\/\/www.uni-r.pt\/wp-content\/uploads\/2025\/10\/7daa653c-2f1c-4f61-b61f-b92d704663ac-Media-600x450.jpg 600w, https:\/\/www.uni-r.pt\/wp-content\/uploads\/2025\/10\/7daa653c-2f1c-4f61-b61f-b92d704663ac-Media-800x600.jpg 800w, https:\/\/www.uni-r.pt\/wp-content\/uploads\/2025\/10\/7daa653c-2f1c-4f61-b61f-b92d704663ac-Media.jpg 1024w\" sizes=\"(min-width: 2200px) 100vw, (min-width: 928px) 230px, (min-width: 856px) 287px, (min-width: 784px) 383px, (min-width: 712px) 574px, (min-width: 640px) 712px, \" \/><\/a><\/div><\/div><\/div><div class=\"swiper-slide\"><div class=\"fusion-carousel-item-wrapper\"><div class=\"fusion-image-wrapper hover-type-none\"><a data-rel=\"iLightbox[image_carousel_1]\" data-title=\"6cfa3bd9-ce46-4008-bb67-cdc9fb095068 (M\u00e9dia)\" aria-label=\"6cfa3bd9-ce46-4008-bb67-cdc9fb095068 (M\u00e9dia)\" href=\"http:\/\/www.uni-r.pt\/wp-content\/uploads\/2025\/10\/6cfa3bd9-ce46-4008-bb67-cdc9fb095068-Media.jpg\" target=\"_self\"><img decoding=\"async\" width=\"768\" height=\"1024\" src=\"https:\/\/www.uni-r.pt\/wp-content\/uploads\/2025\/10\/6cfa3bd9-ce46-4008-bb67-cdc9fb095068-Media.jpg\" class=\"attachment-full size-full\" alt=\"\" srcset=\"https:\/\/www.uni-r.pt\/wp-content\/uploads\/2025\/10\/6cfa3bd9-ce46-4008-bb67-cdc9fb095068-Media-200x267.jpg 200w, https:\/\/www.uni-r.pt\/wp-content\/uploads\/2025\/10\/6cfa3bd9-ce46-4008-bb67-cdc9fb095068-Media-400x533.jpg 400w, https:\/\/www.uni-r.pt\/wp-content\/uploads\/2025\/10\/6cfa3bd9-ce46-4008-bb67-cdc9fb095068-Media-600x800.jpg 600w, https:\/\/www.uni-r.pt\/wp-content\/uploads\/2025\/10\/6cfa3bd9-ce46-4008-bb67-cdc9fb095068-Media.jpg 768w\" sizes=\"(min-width: 2200px) 100vw, (min-width: 928px) 230px, (min-width: 856px) 287px, (min-width: 784px) 383px, (min-width: 712px) 574px, (min-width: 640px) 712px, \" \/><\/a><\/div><\/div><\/div><div class=\"swiper-slide\"><div class=\"fusion-carousel-item-wrapper\"><div class=\"fusion-image-wrapper hover-type-none\"><a data-rel=\"iLightbox[image_carousel_1]\" data-title=\"05d5f9e4-44fe-4309-8af5-5a3aff1fdf81 (M\u00e9dia)\" aria-label=\"05d5f9e4-44fe-4309-8af5-5a3aff1fdf81 (M\u00e9dia)\" href=\"http:\/\/www.uni-r.pt\/wp-content\/uploads\/2025\/10\/05d5f9e4-44fe-4309-8af5-5a3aff1fdf81-Media.jpg\" target=\"_self\"><img decoding=\"async\" width=\"1024\" height=\"768\" src=\"https:\/\/www.uni-r.pt\/wp-content\/uploads\/2025\/10\/05d5f9e4-44fe-4309-8af5-5a3aff1fdf81-Media.jpg\" class=\"attachment-full size-full\" alt=\"\" srcset=\"https:\/\/www.uni-r.pt\/wp-content\/uploads\/2025\/10\/05d5f9e4-44fe-4309-8af5-5a3aff1fdf81-Media-200x150.jpg 200w, https:\/\/www.uni-r.pt\/wp-content\/uploads\/2025\/10\/05d5f9e4-44fe-4309-8af5-5a3aff1fdf81-Media-400x300.jpg 400w, https:\/\/www.uni-r.pt\/wp-content\/uploads\/2025\/10\/05d5f9e4-44fe-4309-8af5-5a3aff1fdf81-Media-600x450.jpg 600w, https:\/\/www.uni-r.pt\/wp-content\/uploads\/2025\/10\/05d5f9e4-44fe-4309-8af5-5a3aff1fdf81-Media-800x600.jpg 800w, https:\/\/www.uni-r.pt\/wp-content\/uploads\/2025\/10\/05d5f9e4-44fe-4309-8af5-5a3aff1fdf81-Media.jpg 1024w\" sizes=\"(min-width: 2200px) 100vw, (min-width: 928px) 230px, (min-width: 856px) 287px, (min-width: 784px) 383px, (min-width: 712px) 574px, (min-width: 640px) 712px, \" \/><\/a><\/div><\/div><\/div><\/div><div class=\"awb-swiper-button awb-swiper-button-prev\"><i class=\"awb-icon-angle-left\" aria-hidden=\"true\"><\/i><\/div><div class=\"awb-swiper-button awb-swiper-button-next\"><i class=\"awb-icon-angle-right\" aria-hidden=\"true\"><\/i><\/div><\/div><\/div><\/div><\/div><div class=\"fusion-layout-column fusion_builder_column fusion-builder-column-1 fusion_builder_column_1_3 1_3 fusion-flex-column\" style=\"--awb-bg-size:cover;--awb-width-large:33.333333333333%;--awb-margin-top-large:0px;--awb-spacing-right-large:5.76%;--awb-margin-bottom-large:20px;--awb-spacing-left-large:5.76%;--awb-width-medium:33.333333333333%;--awb-order-medium:0;--awb-spacing-right-medium:5.76%;--awb-spacing-left-medium:5.76%;--awb-width-small:100%;--awb-order-small:0;--awb-spacing-right-small:1.92%;--awb-spacing-left-small:1.92%;\"><div class=\"fusion-column-wrapper fusion-column-has-shadow fusion-flex-justify-content-flex-start fusion-content-layout-column\"><div class=\"fusion-video fusion-selfhosted-video\" style=\"max-width:100%;\"><div class=\"video-wrapper\"><video playsinline=\"true\" width=\"100%\" style=\"object-fit: cover;\" autoplay=\"true\" muted=\"true\" loop=\"true\" preload=\"auto\" controls=\"1\"><source src=\"http:\/\/www.uni-r.pt\/wp-content\/uploads\/2025\/10\/Exposicao.mp4\" type=\"video\/mp4\">Sorry, your browser doesn&#039;t support embedded videos.<\/video><\/div><\/div><div class=\"fusion-video fusion-selfhosted-video\" style=\"margin-top:20px;max-width:100%;\"><div class=\"video-wrapper\"><video playsinline=\"true\" width=\"100%\" style=\"object-fit: cover;\" autoplay=\"true\" muted=\"true\" loop=\"true\" preload=\"auto\" controls=\"1\"><source src=\"http:\/\/www.uni-r.pt\/wp-content\/uploads\/2025\/10\/Video-dos-Estudantes_SMALL.mp4\" type=\"video\/mp4\">Sorry, your browser doesn&#039;t support embedded videos.<\/video><\/div><\/div><\/div><\/div><\/div><\/div>\n","protected":false},"excerpt":{"rendered":"","protected":false},"author":1,"featured_media":0,"parent":0,"menu_order":0,"comment_status":"closed","ping_status":"closed","template":"100-width.php","meta":{"_acf_changed":false,"footnotes":""},"class_list":["post-1393","page","type-page","status-publish","hentry"],"acf":[],"_links":{"self":[{"href":"https:\/\/www.uni-r.pt\/index.php?rest_route=\/wp\/v2\/pages\/1393","targetHints":{"allow":["GET"]}}],"collection":[{"href":"https:\/\/www.uni-r.pt\/index.php?rest_route=\/wp\/v2\/pages"}],"about":[{"href":"https:\/\/www.uni-r.pt\/index.php?rest_route=\/wp\/v2\/types\/page"}],"author":[{"embeddable":true,"href":"https:\/\/www.uni-r.pt\/index.php?rest_route=\/wp\/v2\/users\/1"}],"replies":[{"embeddable":true,"href":"https:\/\/www.uni-r.pt\/index.php?rest_route=%2Fwp%2Fv2%2Fcomments&post=1393"}],"version-history":[{"count":7,"href":"https:\/\/www.uni-r.pt\/index.php?rest_route=\/wp\/v2\/pages\/1393\/revisions"}],"predecessor-version":[{"id":1467,"href":"https:\/\/www.uni-r.pt\/index.php?rest_route=\/wp\/v2\/pages\/1393\/revisions\/1467"}],"wp:attachment":[{"href":"https:\/\/www.uni-r.pt\/index.php?rest_route=%2Fwp%2Fv2%2Fmedia&parent=1393"}],"curies":[{"name":"wp","href":"https:\/\/api.w.org\/{rel}","templated":true}]}}