{"id":1424,"date":"2025-11-06T14:54:51","date_gmt":"2025-11-06T14:54:51","guid":{"rendered":"https:\/\/www.uni-r.pt\/?page_id=1424"},"modified":"2025-11-19T11:35:39","modified_gmt":"2025-11-19T11:35:39","slug":"workshop-lets-start-working","status":"publish","type":"page","link":"https:\/\/www.uni-r.pt\/?page_id=1424","title":{"rendered":"Workshop \u201cLet&#8217;s Start Working\u201d"},"content":{"rendered":"<div class=\"fusion-fullwidth fullwidth-box fusion-builder-row-1 fusion-flex-container has-pattern-background has-mask-background nonhundred-percent-fullwidth non-hundred-percent-height-scrolling\" style=\"--awb-border-radius-top-left:0px;--awb-border-radius-top-right:0px;--awb-border-radius-bottom-right:0px;--awb-border-radius-bottom-left:0px;--awb-flex-wrap:wrap;\" ><div class=\"fusion-builder-row fusion-row fusion-flex-align-items-flex-start fusion-flex-content-wrap\" style=\"max-width:1248px;margin-left: calc(-4% \/ 2 );margin-right: calc(-4% \/ 2 );\"><div class=\"fusion-layout-column fusion_builder_column fusion-builder-column-0 fusion_builder_column_2_3 2_3 fusion-flex-column\" style=\"--awb-bg-size:cover;--awb-width-large:66.666666666667%;--awb-margin-top-large:0px;--awb-spacing-right-large:2.88%;--awb-margin-bottom-large:20px;--awb-spacing-left-large:2.88%;--awb-width-medium:66.666666666667%;--awb-order-medium:0;--awb-spacing-right-medium:2.88%;--awb-spacing-left-medium:2.88%;--awb-width-small:100%;--awb-order-small:0;--awb-spacing-right-small:1.92%;--awb-spacing-left-small:1.92%;\"><div class=\"fusion-column-wrapper fusion-column-has-shadow fusion-flex-justify-content-flex-start fusion-content-layout-column\"><div class=\"fusion-text fusion-text-1\"><p>A iniciativa <em>\u201cLet&#8217;s Start Working\u201d <\/em>consiste num conjunto de tr\u00eas <em>workshops<\/em> <em>online <\/em>organizados e dinamizados pela Professora Ana Sabino, tendo iniciado no dia 19 de Novembro de 2024. Estes <em>workshops<\/em> visam potenciar as compet\u00eancias de empregabilidade dos estudantes do Ispa.<\/p>\n<p>Cada sess\u00e3o do <em>workshop<\/em> incidiu sobre temas espec\u00edficos do mundo laboral. O primeiro workshop denominado de \u201cCria\u00e7\u00e3o de Curr\u00edculos com Impacto\u201d incidiu sobre os diferentes tipos de Curriculum Vitae (CV), sobre as boas pr\u00e1ticas relacionadas com a cria\u00e7\u00e3o de CVs mais personalizados e sobre os cuidados a ter ao criar CVs que podem ser avaliados por sistemas baseados em Intelig\u00eancia Artificial. O segundo <em>workshop<\/em> intitulado de \u201cEstrat\u00e9gias de <em>Personal Branding<\/em>\u201d centrou-se no processo de constru\u00e7\u00e3o da marca pessoal e da rentabiliza\u00e7\u00e3o das redes sociais, em particular o <em>LinkedIn<\/em>. J\u00e1 o terceiro workshop, denominado de \u201cPrepara\u00e7\u00e3o para o Processo de Sele\u00e7\u00e3o\u201d teve uma natureza mais pr\u00e1tica j\u00e1 que visou preparar os estudantes para os processos de sele\u00e7\u00e3o via treino de entrevista, bem como reflex\u00e3o sobre as boas pr\u00e1ticas e cuidados a ter nestes processos, sejam eles em regime presencial ou a dist\u00e2ncia.<\/p>\n<p style=\"padding-left: 40px;\">\u00a0\u201c<em>O que mais gostei foi a forma como o conte\u00fado foi explorado bem como a comunica\u00e7\u00e3o feita pela Professora sobre os diferentes temas.<\/em>\u201d <em>\u00a0\u2013 <\/em>Estudante do Ispa que participou na atividade<\/p>\n<p style=\"padding-left: 40px;\"><em>\u201cAcho a pertin\u00eancia do tema e a disponibilidade da professora para esclarecer d\u00favidas essenciais para uma entrada adequada no mercado de trabalho que de outra forma n\u00e3o ter\u00edamos acesso na faculdade\u201d \u2013 <\/em>Estudante do Ispa que participou na atividade<\/p>\n<p>Sendo o futuro profissional um tema de particular interesse para os estudantes, estas sess\u00f5es captaram a sua aten\u00e7\u00e3o de imediato e acompanharam o ano letivo abordando dinamicamente os v\u00e1rios desafios que o mundo profissional apresenta. Esta atividade certamente demonstrou que o papel das institui\u00e7\u00f5es de ensino superior n\u00e3o \u00e9 exclusivamente a transmiss\u00e3o de conhecimento, mas, tamb\u00e9m, dotar os estudantes com compet\u00eancias e estrat\u00e9gias que permitam enfrentar o mundo (inclusive, o profissional) com maior prepara\u00e7\u00e3o e confian\u00e7a!<\/p>\n<\/div><div class=\"fusion-image-element \" style=\"--awb-caption-title-font-family:var(--h2_typography-font-family);--awb-caption-title-font-weight:var(--h2_typography-font-weight);--awb-caption-title-font-style:var(--h2_typography-font-style);--awb-caption-title-size:var(--h2_typography-font-size);--awb-caption-title-transform:var(--h2_typography-text-transform);--awb-caption-title-line-height:var(--h2_typography-line-height);--awb-caption-title-letter-spacing:var(--h2_typography-letter-spacing);\"><span class=\" fusion-imageframe imageframe-none imageframe-1 hover-type-none\"><img decoding=\"async\" width=\"800\" height=\"448\" title=\"Captura de ecr\u00e3 2024-02-27 091150\" src=\"http:\/\/www.uni-r.pt\/wp-content\/uploads\/2025\/11\/Captura-de-ecra-2024-02-27-091150-800x448.png\" alt class=\"img-responsive wp-image-1426\" srcset=\"https:\/\/www.uni-r.pt\/wp-content\/uploads\/2025\/11\/Captura-de-ecra-2024-02-27-091150-200x112.png 200w, https:\/\/www.uni-r.pt\/wp-content\/uploads\/2025\/11\/Captura-de-ecra-2024-02-27-091150-400x224.png 400w, https:\/\/www.uni-r.pt\/wp-content\/uploads\/2025\/11\/Captura-de-ecra-2024-02-27-091150-600x336.png 600w, https:\/\/www.uni-r.pt\/wp-content\/uploads\/2025\/11\/Captura-de-ecra-2024-02-27-091150-800x448.png 800w, https:\/\/www.uni-r.pt\/wp-content\/uploads\/2025\/11\/Captura-de-ecra-2024-02-27-091150.png 1108w\" sizes=\"(max-width: 640px) 100vw, 800px\" \/><\/span><\/div><\/div><\/div><div class=\"fusion-layout-column fusion_builder_column fusion-builder-column-1 fusion_builder_column_1_3 1_3 fusion-flex-column\" style=\"--awb-bg-size:cover;--awb-width-large:33.333333333333%;--awb-margin-top-large:0px;--awb-spacing-right-large:5.76%;--awb-margin-bottom-large:20px;--awb-spacing-left-large:5.76%;--awb-width-medium:33.333333333333%;--awb-order-medium:0;--awb-spacing-right-medium:5.76%;--awb-spacing-left-medium:5.76%;--awb-width-small:100%;--awb-order-small:0;--awb-spacing-right-small:1.92%;--awb-spacing-left-small:1.92%;\"><div class=\"fusion-column-wrapper fusion-column-has-shadow fusion-flex-justify-content-flex-start fusion-content-layout-column\"><div class=\"fusion-image-element \" style=\"--awb-caption-title-font-family:var(--h2_typography-font-family);--awb-caption-title-font-weight:var(--h2_typography-font-weight);--awb-caption-title-font-style:var(--h2_typography-font-style);--awb-caption-title-size:var(--h2_typography-font-size);--awb-caption-title-transform:var(--h2_typography-text-transform);--awb-caption-title-line-height:var(--h2_typography-line-height);--awb-caption-title-letter-spacing:var(--h2_typography-letter-spacing);\"><span class=\" fusion-imageframe imageframe-none imageframe-2 hover-type-none\"><img decoding=\"async\" width=\"216\" height=\"300\" title=\"Poster_01\" src=\"http:\/\/www.uni-r.pt\/wp-content\/uploads\/2025\/11\/Poster_01-216x300.jpg\" alt class=\"img-responsive wp-image-1425\" srcset=\"https:\/\/www.uni-r.pt\/wp-content\/uploads\/2025\/11\/Poster_01-200x278.jpg 200w, https:\/\/www.uni-r.pt\/wp-content\/uploads\/2025\/11\/Poster_01-400x555.jpg 400w, https:\/\/www.uni-r.pt\/wp-content\/uploads\/2025\/11\/Poster_01-600x833.jpg 600w, https:\/\/www.uni-r.pt\/wp-content\/uploads\/2025\/11\/Poster_01-800x1110.jpg 800w, https:\/\/www.uni-r.pt\/wp-content\/uploads\/2025\/11\/Poster_01.jpg 1023w\" sizes=\"(max-width: 640px) 100vw, 400px\" \/><\/span><\/div><\/div><\/div><\/div><\/div>\n","protected":false},"excerpt":{"rendered":"","protected":false},"author":1,"featured_media":0,"parent":0,"menu_order":0,"comment_status":"closed","ping_status":"closed","template":"100-width.php","meta":{"_acf_changed":false,"footnotes":""},"class_list":["post-1424","page","type-page","status-publish","hentry"],"acf":[],"_links":{"self":[{"href":"https:\/\/www.uni-r.pt\/index.php?rest_route=\/wp\/v2\/pages\/1424","targetHints":{"allow":["GET"]}}],"collection":[{"href":"https:\/\/www.uni-r.pt\/index.php?rest_route=\/wp\/v2\/pages"}],"about":[{"href":"https:\/\/www.uni-r.pt\/index.php?rest_route=\/wp\/v2\/types\/page"}],"author":[{"embeddable":true,"href":"https:\/\/www.uni-r.pt\/index.php?rest_route=\/wp\/v2\/users\/1"}],"replies":[{"embeddable":true,"href":"https:\/\/www.uni-r.pt\/index.php?rest_route=%2Fwp%2Fv2%2Fcomments&post=1424"}],"version-history":[{"count":4,"href":"https:\/\/www.uni-r.pt\/index.php?rest_route=\/wp\/v2\/pages\/1424\/revisions"}],"predecessor-version":[{"id":1454,"href":"https:\/\/www.uni-r.pt\/index.php?rest_route=\/wp\/v2\/pages\/1424\/revisions\/1454"}],"wp:attachment":[{"href":"https:\/\/www.uni-r.pt\/index.php?rest_route=%2Fwp%2Fv2%2Fmedia&parent=1424"}],"curies":[{"name":"wp","href":"https:\/\/api.w.org\/{rel}","templated":true}]}}