{"id":1431,"date":"2025-11-06T15:21:37","date_gmt":"2025-11-06T15:21:37","guid":{"rendered":"https:\/\/www.uni-r.pt\/?page_id=1431"},"modified":"2025-11-19T12:03:33","modified_gmt":"2025-11-19T12:03:33","slug":"jornadas-da-psicologia-social-e-das-organizacoes-2","status":"publish","type":"page","link":"https:\/\/www.uni-r.pt\/?page_id=1431","title":{"rendered":"Jornadas da Psicologia Social e das Organiza\u00e7\u00f5es"},"content":{"rendered":"<div class=\"fusion-fullwidth fullwidth-box fusion-builder-row-1 fusion-flex-container has-pattern-background has-mask-background nonhundred-percent-fullwidth non-hundred-percent-height-scrolling\" style=\"--awb-border-radius-top-left:0px;--awb-border-radius-top-right:0px;--awb-border-radius-bottom-right:0px;--awb-border-radius-bottom-left:0px;--awb-flex-wrap:wrap;\" ><div class=\"fusion-builder-row fusion-row fusion-flex-align-items-flex-start fusion-flex-content-wrap\" style=\"max-width:1248px;margin-left: calc(-4% \/ 2 );margin-right: calc(-4% \/ 2 );\"><div class=\"fusion-layout-column fusion_builder_column fusion-builder-column-0 fusion_builder_column_2_3 2_3 fusion-flex-column\" style=\"--awb-bg-size:cover;--awb-width-large:66.666666666667%;--awb-margin-top-large:0px;--awb-spacing-right-large:2.88%;--awb-margin-bottom-large:20px;--awb-spacing-left-large:2.88%;--awb-width-medium:66.666666666667%;--awb-order-medium:0;--awb-spacing-right-medium:2.88%;--awb-spacing-left-medium:2.88%;--awb-width-small:100%;--awb-order-small:0;--awb-spacing-right-small:1.92%;--awb-spacing-left-small:1.92%;\"><div class=\"fusion-column-wrapper fusion-column-has-shadow fusion-flex-justify-content-flex-start fusion-content-layout-column\"><div class=\"fusion-text fusion-text-1\"><p>As Jornadas da Psicologia Social e das Organiza\u00e7\u00f5es (PSO) decorreram ao longo do dia 10 de abril de 2025, no Audit\u00f3rio V\u00edtor Almada, contando com a participa\u00e7\u00e3o de v\u00e1rios professores, investigadores e <em>Alumni<\/em> do Ispa nestes setores, resultando num programa diversificado. Em cada sess\u00e3o, diferentes tem\u00e1ticas foram exploradas atrav\u00e9s de apresenta\u00e7\u00f5es diferenciadoras e criando um espa\u00e7o de partilha e reflex\u00e3o partilhada.<\/p>\n<p>As Jornadas da PSO foram desenvolvidas com os principais objetivos de:<\/p>\n<ul>\n<li>Aproximar os estudantes do mercado de trabalho, oferecendo-lhes perspetivas reais sobre as oportunidades e desafios do setor;<\/li>\n<li>Dar a conhecer as sa\u00eddas profissionais do Mestrado em PSO, permitindo uma vis\u00e3o concreta sobre as possibilidades de carreira;<\/li>\n<li>Fortalecer os la\u00e7os com a comunidade <em>Alumni<\/em>, promovendo o contacto entre atuais e antigos estudantes, num esp\u00edrito de partilha e colabora\u00e7\u00e3o;<\/li>\n<li>Refletir sobre os desafios emergentes na \u00e1rea da Psicologia Social e das Organiza\u00e7\u00f5es, explorando temas como a digitaliza\u00e7\u00e3o do trabalho, a adapta\u00e7\u00e3o \u00e0s novas din\u00e2micas organizacionais e a evolu\u00e7\u00e3o das rela\u00e7\u00f5es interpessoais nas empresas.<\/li>\n<\/ul>\n<p style=\"padding-left: 40px;\">\u201c<em>Gostei muito da primeira sess\u00e3o pois ajudou-me a perceber melhor que ferramentas s\u00e3o necess\u00e1rias no mundo do trabalho e que n\u00e3o sou o \u00fanico que teve d\u00favidas em rela\u00e7\u00e3o \u00e0s escolhas que tenho para fazer, houve uma abertura muito boa e bem comunicada por parte dos participantes<\/em>.\u201d \u2013 Estudante do ISPA que participou na atividade<\/p>\n<p style=\"padding-left: 40px;\">\u201c<em>Poder ouvir testemunhos de pessoas que j\u00e1 estiveram no nosso lugar enquanto estudantes universit\u00e1rios sem saber bem o que querem seguir\/fazer e claro ouvir as hist\u00f3rias que o Lu\u00eds Castro tinha para contar<\/em>.\u201d \u2013 Estudante do Ispa que participou na atividade<\/p>\n<p style=\"padding-left: 40px;\">\u201c<em>Aprendi novas formas de me desenvolver profissional, mais concretamente, tinha uma quest\u00e3o de como aprender sobre outras \u00e1reas de psicologia, mesmo seguindo organiza\u00e7\u00f5es e deram-me exemplos de como o fazer<\/em>.\u201d \u2013 Estudante do Ispa que participou na atividade<\/p>\n<p>Entre muitas partilhas de experi\u00eancias diversas, os estudantes do Ispa envolveram-se nas v\u00e1rias atividades de aplica\u00e7\u00e3o e investiga\u00e7\u00e3o do mundo da PSO e solucionaram, de forma din\u00e2mica, as quest\u00f5es e d\u00favidas que os assombram sobre o seu futuro nestas \u00e1reas. Neste sentido, esta foi uma atividade que promoveu o apoio aos estudantes no delineamento do seu futuro acad\u00e9mico e profissional, atrav\u00e9s da contribui\u00e7\u00e3o daqueles que um dia j\u00e1 estiveram exatamente no mesmo lugar.<\/p>\n<p><u>Outras not\u00edcias relacionadas:<\/u><\/p>\n<p><a href=\"https:\/\/www.ispa.pt\/agenda\/eventos\/ii-jornadas-em-psicologia-social-e-das-organizacoes\/\">https:\/\/www.ispa.pt\/agenda\/eventos\/ii-jornadas-em-psicologia-social-e-das-organizacoes\/<\/a><\/p>\n<\/div><div class=\"fusion-image-element \" style=\"--awb-caption-title-font-family:var(--h2_typography-font-family);--awb-caption-title-font-weight:var(--h2_typography-font-weight);--awb-caption-title-font-style:var(--h2_typography-font-style);--awb-caption-title-size:var(--h2_typography-font-size);--awb-caption-title-transform:var(--h2_typography-text-transform);--awb-caption-title-line-height:var(--h2_typography-line-height);--awb-caption-title-letter-spacing:var(--h2_typography-letter-spacing);\"><span class=\" fusion-imageframe imageframe-none imageframe-1 hover-type-none\"><img decoding=\"async\" width=\"800\" height=\"519\" title=\"Cartaz_002\" src=\"http:\/\/www.uni-r.pt\/wp-content\/uploads\/2025\/11\/Cartaz_002-800x519.png\" alt class=\"img-responsive wp-image-1433\" srcset=\"https:\/\/www.uni-r.pt\/wp-content\/uploads\/2025\/11\/Cartaz_002-200x130.png 200w, https:\/\/www.uni-r.pt\/wp-content\/uploads\/2025\/11\/Cartaz_002-400x260.png 400w, https:\/\/www.uni-r.pt\/wp-content\/uploads\/2025\/11\/Cartaz_002-600x389.png 600w, https:\/\/www.uni-r.pt\/wp-content\/uploads\/2025\/11\/Cartaz_002-800x519.png 800w, https:\/\/www.uni-r.pt\/wp-content\/uploads\/2025\/11\/Cartaz_002.png 1023w\" sizes=\"(max-width: 640px) 100vw, 800px\" \/><\/span><\/div><\/div><\/div><div class=\"fusion-layout-column fusion_builder_column fusion-builder-column-1 fusion_builder_column_1_3 1_3 fusion-flex-column\" style=\"--awb-bg-size:cover;--awb-width-large:33.333333333333%;--awb-margin-top-large:0px;--awb-spacing-right-large:5.76%;--awb-margin-bottom-large:20px;--awb-spacing-left-large:5.76%;--awb-width-medium:33.333333333333%;--awb-order-medium:0;--awb-spacing-right-medium:5.76%;--awb-spacing-left-medium:5.76%;--awb-width-small:100%;--awb-order-small:0;--awb-spacing-right-small:1.92%;--awb-spacing-left-small:1.92%;\"><div class=\"fusion-column-wrapper fusion-column-has-shadow fusion-flex-justify-content-flex-start fusion-content-layout-column\"><div class=\"fusion-image-element \" style=\"--awb-caption-title-font-family:var(--h2_typography-font-family);--awb-caption-title-font-weight:var(--h2_typography-font-weight);--awb-caption-title-font-style:var(--h2_typography-font-style);--awb-caption-title-size:var(--h2_typography-font-size);--awb-caption-title-transform:var(--h2_typography-text-transform);--awb-caption-title-line-height:var(--h2_typography-line-height);--awb-caption-title-letter-spacing:var(--h2_typography-letter-spacing);\"><span class=\" fusion-imageframe imageframe-none imageframe-2 hover-type-none\"><img decoding=\"async\" width=\"600\" height=\"833\" title=\"POSTER_jornadas\" src=\"http:\/\/www.uni-r.pt\/wp-content\/uploads\/2025\/11\/POSTER_jornadas-600x833.jpg\" alt class=\"img-responsive wp-image-1432\" srcset=\"https:\/\/www.uni-r.pt\/wp-content\/uploads\/2025\/11\/POSTER_jornadas-200x278.jpg 200w, https:\/\/www.uni-r.pt\/wp-content\/uploads\/2025\/11\/POSTER_jornadas-400x555.jpg 400w, https:\/\/www.uni-r.pt\/wp-content\/uploads\/2025\/11\/POSTER_jornadas-600x833.jpg 600w, https:\/\/www.uni-r.pt\/wp-content\/uploads\/2025\/11\/POSTER_jornadas-800x1110.jpg 800w, https:\/\/www.uni-r.pt\/wp-content\/uploads\/2025\/11\/POSTER_jornadas.jpg 1023w\" sizes=\"(max-width: 640px) 100vw, 400px\" \/><\/span><\/div><\/div><\/div><\/div><\/div>\n","protected":false},"excerpt":{"rendered":"","protected":false},"author":1,"featured_media":0,"parent":0,"menu_order":0,"comment_status":"closed","ping_status":"closed","template":"100-width.php","meta":{"_acf_changed":false,"footnotes":""},"class_list":["post-1431","page","type-page","status-publish","hentry"],"acf":[],"_links":{"self":[{"href":"https:\/\/www.uni-r.pt\/index.php?rest_route=\/wp\/v2\/pages\/1431","targetHints":{"allow":["GET"]}}],"collection":[{"href":"https:\/\/www.uni-r.pt\/index.php?rest_route=\/wp\/v2\/pages"}],"about":[{"href":"https:\/\/www.uni-r.pt\/index.php?rest_route=\/wp\/v2\/types\/page"}],"author":[{"embeddable":true,"href":"https:\/\/www.uni-r.pt\/index.php?rest_route=\/wp\/v2\/users\/1"}],"replies":[{"embeddable":true,"href":"https:\/\/www.uni-r.pt\/index.php?rest_route=%2Fwp%2Fv2%2Fcomments&post=1431"}],"version-history":[{"count":3,"href":"https:\/\/www.uni-r.pt\/index.php?rest_route=\/wp\/v2\/pages\/1431\/revisions"}],"predecessor-version":[{"id":1464,"href":"https:\/\/www.uni-r.pt\/index.php?rest_route=\/wp\/v2\/pages\/1431\/revisions\/1464"}],"wp:attachment":[{"href":"https:\/\/www.uni-r.pt\/index.php?rest_route=%2Fwp%2Fv2%2Fmedia&parent=1431"}],"curies":[{"name":"wp","href":"https:\/\/api.w.org\/{rel}","templated":true}]}}