{"id":1468,"date":"2025-11-19T16:03:18","date_gmt":"2025-11-19T16:03:18","guid":{"rendered":"https:\/\/www.uni-r.pt\/?page_id=1468"},"modified":"2025-12-16T16:13:13","modified_gmt":"2025-12-16T16:13:13","slug":"e-o-que-nos-dizem-as-fotografias","status":"publish","type":"page","link":"https:\/\/www.uni-r.pt\/?page_id=1468","title":{"rendered":"O que nos dizem as fotografias?"},"content":{"rendered":"<div class=\"fusion-fullwidth fullwidth-box fusion-builder-row-1 fusion-flex-container has-pattern-background has-mask-background nonhundred-percent-fullwidth non-hundred-percent-height-scrolling\" style=\"--awb-border-radius-top-left:0px;--awb-border-radius-top-right:0px;--awb-border-radius-bottom-right:0px;--awb-border-radius-bottom-left:0px;--awb-flex-wrap:wrap;\" ><div class=\"fusion-builder-row fusion-row fusion-flex-align-items-flex-start fusion-flex-content-wrap\" style=\"max-width:1248px;margin-left: calc(-4% \/ 2 );margin-right: calc(-4% \/ 2 );\"><div class=\"fusion-layout-column fusion_builder_column fusion-builder-column-0 fusion_builder_column_2_3 2_3 fusion-flex-column\" style=\"--awb-bg-size:cover;--awb-width-large:66.666666666667%;--awb-margin-top-large:0px;--awb-spacing-right-large:2.88%;--awb-margin-bottom-large:20px;--awb-spacing-left-large:2.88%;--awb-width-medium:66.666666666667%;--awb-order-medium:0;--awb-spacing-right-medium:2.88%;--awb-spacing-left-medium:2.88%;--awb-width-small:100%;--awb-order-small:0;--awb-spacing-right-small:1.92%;--awb-spacing-left-small:1.92%;\"><div class=\"fusion-column-wrapper fusion-column-has-shadow fusion-flex-justify-content-flex-start fusion-content-layout-column\"><div class=\"fusion-text fusion-text-1\"><p>No \u00e2mbito da Semana da Ci\u00eancia e Tecnologia da associa\u00e7\u00e3o Ci\u00eancia Viva, a Professora Maria Jo\u00e3o Vargas Moniz organizou uma atividade dirigida todos os estudantes do ensino superior em Portugal, com o objetivo de promover a reflex\u00e3o sobre o recurso a m\u00e9todos alternativos de recolha e an\u00e1lise de dados, nomeadamente o uso de fotografias, em investiga\u00e7\u00f5es com estudantes no ensino superior. Esta atividade estava divida em dois momentos: o preenchimento de um question\u00e1rio e um <em>workshop.<\/em><\/p>\n<p>Numa primeira etapa, esta atividade procurou recolher, ao longo da semana, atrav\u00e9s de um question\u00e1rio <em>online<\/em> de 7 minutos, na plataforma <em>QUALTRICS, <\/em>a perspetiva dos estudantes sobre o bem-estar no ensino superior. Este question\u00e1rio continha a vers\u00e3o portuguesa do instrumento <em>Warwick-Edinburgh Mental Wellbeing Scale <\/em>(WEMWBS) e tr\u00eas quest\u00f5es de resposta aberta, entre as quais a submiss\u00e3o de uma fotografia que ilustrasse a perspetiva de cada estudante sobre os fatores promotores de bem-estar no ensino superior.<\/p>\n<p style=\"padding-left: 40px;\">\u201c<em>Representa bem-estar na universidade porque simboliza apoio m\u00fatuo, colabora\u00e7\u00e3o e a ideia de que crescer e superar desafios \u00e9 mais f\u00e1cil quando existe uma comunidade que nos sustenta.<\/em>\u201d \u2013 Testemunho de um participante sobre a sua fotografia<\/p>\n<p style=\"padding-left: 40px;\">\u201c<em>A foto foi tirada a caminho da Universidade. Estava cansado e, honestamente, n\u00e3o queria ter ido, mas fui e gostei. O que representa, para mim, o bem-estar na universidade \u00e9 isso &#8211; \u00e9 mesmo quando estamos cansados e sem vontade irmos para um s\u00edtio que nos acalma e nos d\u00e1 algumas energias de volta.<\/em>\u201d \u2013 Testemunho de um participante sobre a sua fotografia<\/p>\n<p style=\"padding-left: 40px;\"><em>\u201c\u00c9 uma foto do manequim da sala de oficinas em que fizemos os melhores trabalhos, rimo-nos muito, nesta s\u00e3o dadas as melhores disciplinas e com os melhores professores.\u201d<\/em> \u2013 Testemunho de um participante sobre a sua fotografia<\/p>\n<p>Na segunda etapa, a Professora Maria Jo\u00e3o Vargas Moniz conduziu um <em>workshop<\/em> no dia 28 de novembro de 2025, das 10h00 \u00e0s 12h00, na Sala de Atos do Ispa. Este <em>workshop <\/em>teve como objetivo convidar os estudantes a refletirem conjuntamente sobre os fatores promotores espec\u00edficos e comuns de bem-estar no ensino superior, atrav\u00e9s das fotografias dos pr\u00f3prios estudantes recolhidas durante a semana.<\/p>\n<p style=\"padding-left: 40px;\">\u201c<em>Gostei imenso! \u00c9 uma iniciativa fora do comum com um prop\u00f3sito muito giro.<\/em>\u201d \u2013 Testemunho de uma estudante que participou no <em>workshop<\/em><\/p>\n<p style=\"padding-left: 40px;\">\u201c<em>Foi uma atividade muito interessante para quem gosta de investiga\u00e7\u00e3o e tem especial interesse no estudo da qualidade de vida das comunidades. Para al\u00e9m de ter sido uma experi\u00eancia enriquecedora, na qual aprendemos a analisar fotografias atrav\u00e9s do Photovoice, revelou-se especialmente valiosa para aqueles que t\u00eam uma profunda paix\u00e3o pelo bem-estar e para futuros psic\u00f3logos interessados em causas sociais. Serve de inspira\u00e7\u00e3o para todos os que desejam desenhar projetos dirigidos a popula\u00e7\u00f5es vulner\u00e1veis neste caso, os estudantes.<\/em>\u201d \u2013 Testemunho de uma estudante que participou no <em>workshop<\/em><\/p>\n<p>Nesta atividade, que contou com a participa\u00e7\u00e3o de estudantes do ensino superior de todo o pa\u00eds, foram recolhidas dezenas de fotografias diferentes e com diversas perspetivas sobre o conceito de bem-estar e os fatores promotores que o promovem no ensino superior. Atrav\u00e9s desta diversidade, os estudantes foram capazes de refletir sobre a riqueza de informa\u00e7\u00e3o que transcende uma imagem e sobre a import\u00e2ncia de construir universidades direcionadas para o bem-estar de toda a comunidade acad\u00e9mica. Atividades como esta que permitem-nos repensar sobre a forma de fazer ci\u00eancia e a reformular as nossas institui\u00e7\u00f5es e sistemas de ensino.<\/p>\n<p><u>Outras not\u00edcias relacionadas: <\/u><\/p>\n<ul>\n<li><a href=\"https:\/\/www.cienciaviva.pt\/semanact\/2025\/eventos.php?accao=showactivities&amp;id_activity=9472#evento\">https:\/\/www.cienciaviva.pt\/semanact\/2025\/eventos.php?accao=showactivities&amp;id_activity=9472#evento<\/a><\/li>\n<\/ul>\n<\/div><div style=\"text-align:center;\"><a class=\"fusion-button button-flat fusion-button-default-size button-custom fusion-button-default button-1 fusion-button-default-span \" style=\"--awb-margin-bottom:30px;--button_accent_color:var(--awb-color1);--button_accent_hover_color:var(--awb-color1);--button_border_hover_color:var(--awb-color1);--button-border-radius-top-left:5px;--button-border-radius-top-right:5px;--button-border-radius-bottom-right:5px;--button-border-radius-bottom-left:5px;--button_gradient_top_color:#0e55d1;--button_gradient_bottom_color:#0e55d1;--button_gradient_top_color_hover:hsla(var(--awb-color5-h),calc(var(--awb-color5-s) - 5%),calc(var(--awb-color5-l) - 10%),var(--awb-color5-a));--button_gradient_bottom_color_hover:hsla(var(--awb-color5-h),calc(var(--awb-color5-s) - 5%),calc(var(--awb-color5-l) - 10%),var(--awb-color5-a));\" target=\"_self\" href=\"https:\/\/ispawjrc.qualtrics.com\/jfe\/form\/SV_3DiBCJDNQzy5QmW\"><div class=\"awb-button__hover-content awb-button__hover-content--default awb-button__hover-content--centered\"><span class=\"fusion-button-text awb-button__text awb-button__text--default\">Caso seja estudante do ensino superior em Portugal e gostasse de contribuir para este estudo, poder\u00e1 faz\u00ea-lo ao preencher o seguinte question\u00e1rio<\/span><span class=\"fusion-button-text awb-button__text awb-button__text--hover\">Clique aqui para aceder ao question\u00e1rio<\/span><\/div><\/a><\/div><div class=\"fusion-image-carousel fusion-image-carousel-auto fusion-image-carousel-1 lightbox-enabled\"><div class=\"awb-carousel awb-swiper awb-swiper-carousel awb-carousel--carousel awb-swiper-dots-position-bottom\" data-layout=\"carousel\" data-autoplay=\"no\" data-autoplayspeed=\"2500\" data-autoplaypause=\"no\" data-loop=\"yes\" data-columns=\"5\" data-columnsmedium=\"1\" data-columnssmall=\"1\" data-itemmargin=\"13\" data-itemwidth=\"180\" data-touchscroll=\"no\" data-freemode=\"no\" data-imagesize=\"auto\" data-scrollitems=\"0\" data-centeredslides=\"no\" data-rotationangle=\"50\" data-depth=\"100\" data-speed=\"500\" data-shadow=\"no\" data-pagination=\"bullets\" style=\"--awb-dots-align:center;\"><div class=\"swiper-wrapper awb-image-carousel-wrapper fusion-flex-align-items-center\"><div class=\"swiper-slide\"><div class=\"fusion-carousel-item-wrapper\"><div class=\"fusion-image-wrapper hover-type-none\"><a data-rel=\"iLightbox[image_carousel_1]\" data-title=\"IMG_2438 (M\u00e9dia)\" aria-label=\"IMG_2438 (M\u00e9dia)\" href=\"http:\/\/www.uni-r.pt\/wp-content\/uploads\/2025\/12\/IMG_2438-Media.jpg\" target=\"_self\"><img decoding=\"async\" width=\"1024\" height=\"768\" src=\"https:\/\/www.uni-r.pt\/wp-content\/uploads\/2025\/12\/IMG_2438-Media.jpg\" class=\"attachment-full size-full\" alt=\"\" srcset=\"https:\/\/www.uni-r.pt\/wp-content\/uploads\/2025\/12\/IMG_2438-Media-200x150.jpg 200w, https:\/\/www.uni-r.pt\/wp-content\/uploads\/2025\/12\/IMG_2438-Media-400x300.jpg 400w, https:\/\/www.uni-r.pt\/wp-content\/uploads\/2025\/12\/IMG_2438-Media-600x450.jpg 600w, https:\/\/www.uni-r.pt\/wp-content\/uploads\/2025\/12\/IMG_2438-Media-800x600.jpg 800w, https:\/\/www.uni-r.pt\/wp-content\/uploads\/2025\/12\/IMG_2438-Media.jpg 1024w\" sizes=\"(min-width: 2200px) 100vw, (min-width: 928px) 230px, (min-width: 856px) 287px, (min-width: 784px) 383px, (min-width: 712px) 574px, (min-width: 640px) 712px, \" \/><\/a><\/div><\/div><\/div><div class=\"swiper-slide\"><div class=\"fusion-carousel-item-wrapper\"><div class=\"fusion-image-wrapper hover-type-none\"><a data-rel=\"iLightbox[image_carousel_1]\" data-title=\"IMG_2441 (M\u00e9dia)\" aria-label=\"IMG_2441 (M\u00e9dia)\" href=\"http:\/\/www.uni-r.pt\/wp-content\/uploads\/2025\/12\/IMG_2441-Media.jpg\" target=\"_self\"><img decoding=\"async\" width=\"1024\" height=\"768\" src=\"https:\/\/www.uni-r.pt\/wp-content\/uploads\/2025\/12\/IMG_2441-Media.jpg\" class=\"attachment-full size-full\" alt=\"\" srcset=\"https:\/\/www.uni-r.pt\/wp-content\/uploads\/2025\/12\/IMG_2441-Media-200x150.jpg 200w, https:\/\/www.uni-r.pt\/wp-content\/uploads\/2025\/12\/IMG_2441-Media-400x300.jpg 400w, https:\/\/www.uni-r.pt\/wp-content\/uploads\/2025\/12\/IMG_2441-Media-600x450.jpg 600w, https:\/\/www.uni-r.pt\/wp-content\/uploads\/2025\/12\/IMG_2441-Media-800x600.jpg 800w, https:\/\/www.uni-r.pt\/wp-content\/uploads\/2025\/12\/IMG_2441-Media.jpg 1024w\" sizes=\"(min-width: 2200px) 100vw, (min-width: 928px) 230px, (min-width: 856px) 287px, (min-width: 784px) 383px, (min-width: 712px) 574px, (min-width: 640px) 712px, \" \/><\/a><\/div><\/div><\/div><div class=\"swiper-slide\"><div class=\"fusion-carousel-item-wrapper\"><div class=\"fusion-image-wrapper hover-type-none\"><a data-rel=\"iLightbox[image_carousel_1]\" data-title=\"IMG-20251128-WA0001 (M\u00e9dia)\" aria-label=\"IMG-20251128-WA0001 (M\u00e9dia)\" href=\"http:\/\/www.uni-r.pt\/wp-content\/uploads\/2025\/12\/IMG-20251128-WA0001-Media.jpg\" target=\"_self\"><img decoding=\"async\" width=\"1024\" height=\"768\" src=\"https:\/\/www.uni-r.pt\/wp-content\/uploads\/2025\/12\/IMG-20251128-WA0001-Media.jpg\" class=\"attachment-full size-full\" alt=\"\" srcset=\"https:\/\/www.uni-r.pt\/wp-content\/uploads\/2025\/12\/IMG-20251128-WA0001-Media-200x150.jpg 200w, https:\/\/www.uni-r.pt\/wp-content\/uploads\/2025\/12\/IMG-20251128-WA0001-Media-400x300.jpg 400w, https:\/\/www.uni-r.pt\/wp-content\/uploads\/2025\/12\/IMG-20251128-WA0001-Media-600x450.jpg 600w, https:\/\/www.uni-r.pt\/wp-content\/uploads\/2025\/12\/IMG-20251128-WA0001-Media-800x600.jpg 800w, https:\/\/www.uni-r.pt\/wp-content\/uploads\/2025\/12\/IMG-20251128-WA0001-Media.jpg 1024w\" sizes=\"(min-width: 2200px) 100vw, (min-width: 928px) 230px, (min-width: 856px) 287px, (min-width: 784px) 383px, (min-width: 712px) 574px, (min-width: 640px) 712px, \" \/><\/a><\/div><\/div><\/div><div class=\"swiper-slide\"><div class=\"fusion-carousel-item-wrapper\"><div class=\"fusion-image-wrapper hover-type-none\"><a data-rel=\"iLightbox[image_carousel_1]\" data-title=\"IMG-20251128-WA0002 (M\u00e9dia)\" aria-label=\"IMG-20251128-WA0002 (M\u00e9dia)\" href=\"http:\/\/www.uni-r.pt\/wp-content\/uploads\/2025\/12\/IMG-20251128-WA0002-Media.jpg\" target=\"_self\"><img decoding=\"async\" width=\"1024\" height=\"768\" src=\"https:\/\/www.uni-r.pt\/wp-content\/uploads\/2025\/12\/IMG-20251128-WA0002-Media.jpg\" class=\"attachment-full size-full\" alt=\"\" srcset=\"https:\/\/www.uni-r.pt\/wp-content\/uploads\/2025\/12\/IMG-20251128-WA0002-Media-200x150.jpg 200w, https:\/\/www.uni-r.pt\/wp-content\/uploads\/2025\/12\/IMG-20251128-WA0002-Media-400x300.jpg 400w, https:\/\/www.uni-r.pt\/wp-content\/uploads\/2025\/12\/IMG-20251128-WA0002-Media-600x450.jpg 600w, https:\/\/www.uni-r.pt\/wp-content\/uploads\/2025\/12\/IMG-20251128-WA0002-Media-800x600.jpg 800w, https:\/\/www.uni-r.pt\/wp-content\/uploads\/2025\/12\/IMG-20251128-WA0002-Media.jpg 1024w\" sizes=\"(min-width: 2200px) 100vw, (min-width: 928px) 230px, (min-width: 856px) 287px, (min-width: 784px) 383px, (min-width: 712px) 574px, (min-width: 640px) 712px, \" \/><\/a><\/div><\/div><\/div><div class=\"swiper-slide\"><div class=\"fusion-carousel-item-wrapper\"><div class=\"fusion-image-wrapper hover-type-none\"><a data-rel=\"iLightbox[image_carousel_1]\" data-title=\"IMG-20251128-WA0003 (M\u00e9dia)\" aria-label=\"IMG-20251128-WA0003 (M\u00e9dia)\" href=\"http:\/\/www.uni-r.pt\/wp-content\/uploads\/2025\/12\/IMG-20251128-WA0003-Media.jpg\" target=\"_self\"><img decoding=\"async\" width=\"1024\" height=\"768\" src=\"https:\/\/www.uni-r.pt\/wp-content\/uploads\/2025\/12\/IMG-20251128-WA0003-Media.jpg\" class=\"attachment-full size-full\" alt=\"\" srcset=\"https:\/\/www.uni-r.pt\/wp-content\/uploads\/2025\/12\/IMG-20251128-WA0003-Media-200x150.jpg 200w, https:\/\/www.uni-r.pt\/wp-content\/uploads\/2025\/12\/IMG-20251128-WA0003-Media-400x300.jpg 400w, https:\/\/www.uni-r.pt\/wp-content\/uploads\/2025\/12\/IMG-20251128-WA0003-Media-600x450.jpg 600w, https:\/\/www.uni-r.pt\/wp-content\/uploads\/2025\/12\/IMG-20251128-WA0003-Media-800x600.jpg 800w, https:\/\/www.uni-r.pt\/wp-content\/uploads\/2025\/12\/IMG-20251128-WA0003-Media.jpg 1024w\" sizes=\"(min-width: 2200px) 100vw, (min-width: 928px) 230px, (min-width: 856px) 287px, (min-width: 784px) 383px, (min-width: 712px) 574px, (min-width: 640px) 712px, \" \/><\/a><\/div><\/div><\/div><div class=\"swiper-slide\"><div class=\"fusion-carousel-item-wrapper\"><div class=\"fusion-image-wrapper hover-type-none\"><a data-rel=\"iLightbox[image_carousel_1]\" data-title=\"IMG-20251128-WA0004 (M\u00e9dia)\" aria-label=\"IMG-20251128-WA0004 (M\u00e9dia)\" href=\"http:\/\/www.uni-r.pt\/wp-content\/uploads\/2025\/12\/IMG-20251128-WA0004-Media.jpg\" target=\"_self\"><img decoding=\"async\" width=\"1024\" height=\"768\" src=\"https:\/\/www.uni-r.pt\/wp-content\/uploads\/2025\/12\/IMG-20251128-WA0004-Media.jpg\" class=\"attachment-full size-full\" alt=\"\" srcset=\"https:\/\/www.uni-r.pt\/wp-content\/uploads\/2025\/12\/IMG-20251128-WA0004-Media-200x150.jpg 200w, https:\/\/www.uni-r.pt\/wp-content\/uploads\/2025\/12\/IMG-20251128-WA0004-Media-400x300.jpg 400w, https:\/\/www.uni-r.pt\/wp-content\/uploads\/2025\/12\/IMG-20251128-WA0004-Media-600x450.jpg 600w, https:\/\/www.uni-r.pt\/wp-content\/uploads\/2025\/12\/IMG-20251128-WA0004-Media-800x600.jpg 800w, https:\/\/www.uni-r.pt\/wp-content\/uploads\/2025\/12\/IMG-20251128-WA0004-Media.jpg 1024w\" sizes=\"(min-width: 2200px) 100vw, (min-width: 928px) 230px, (min-width: 856px) 287px, (min-width: 784px) 383px, (min-width: 712px) 574px, (min-width: 640px) 712px, \" \/><\/a><\/div><\/div><\/div><div class=\"swiper-slide\"><div class=\"fusion-carousel-item-wrapper\"><div class=\"fusion-image-wrapper hover-type-none\"><a data-rel=\"iLightbox[image_carousel_1]\" data-title=\"IMG-20251128-WA0005 (M\u00e9dia)\" aria-label=\"IMG-20251128-WA0005 (M\u00e9dia)\" href=\"http:\/\/www.uni-r.pt\/wp-content\/uploads\/2025\/12\/IMG-20251128-WA0005-Media.jpg\" target=\"_self\"><img decoding=\"async\" width=\"1024\" height=\"768\" src=\"https:\/\/www.uni-r.pt\/wp-content\/uploads\/2025\/12\/IMG-20251128-WA0005-Media.jpg\" class=\"attachment-full size-full\" alt=\"\" srcset=\"https:\/\/www.uni-r.pt\/wp-content\/uploads\/2025\/12\/IMG-20251128-WA0005-Media-200x150.jpg 200w, https:\/\/www.uni-r.pt\/wp-content\/uploads\/2025\/12\/IMG-20251128-WA0005-Media-400x300.jpg 400w, https:\/\/www.uni-r.pt\/wp-content\/uploads\/2025\/12\/IMG-20251128-WA0005-Media-600x450.jpg 600w, https:\/\/www.uni-r.pt\/wp-content\/uploads\/2025\/12\/IMG-20251128-WA0005-Media-800x600.jpg 800w, https:\/\/www.uni-r.pt\/wp-content\/uploads\/2025\/12\/IMG-20251128-WA0005-Media.jpg 1024w\" sizes=\"(min-width: 2200px) 100vw, (min-width: 928px) 230px, (min-width: 856px) 287px, (min-width: 784px) 383px, (min-width: 712px) 574px, (min-width: 640px) 712px, \" \/><\/a><\/div><\/div><\/div><div class=\"swiper-slide\"><div class=\"fusion-carousel-item-wrapper\"><div class=\"fusion-image-wrapper hover-type-none\"><a data-rel=\"iLightbox[image_carousel_1]\" data-title=\"IMG-20251128-WA0006 (M\u00e9dia)\" aria-label=\"IMG-20251128-WA0006 (M\u00e9dia)\" href=\"http:\/\/www.uni-r.pt\/wp-content\/uploads\/2025\/12\/IMG-20251128-WA0006-Media.jpg\" target=\"_self\"><img decoding=\"async\" width=\"1024\" height=\"768\" src=\"https:\/\/www.uni-r.pt\/wp-content\/uploads\/2025\/12\/IMG-20251128-WA0006-Media.jpg\" class=\"attachment-full size-full\" alt=\"\" srcset=\"https:\/\/www.uni-r.pt\/wp-content\/uploads\/2025\/12\/IMG-20251128-WA0006-Media-200x150.jpg 200w, https:\/\/www.uni-r.pt\/wp-content\/uploads\/2025\/12\/IMG-20251128-WA0006-Media-400x300.jpg 400w, https:\/\/www.uni-r.pt\/wp-content\/uploads\/2025\/12\/IMG-20251128-WA0006-Media-600x450.jpg 600w, https:\/\/www.uni-r.pt\/wp-content\/uploads\/2025\/12\/IMG-20251128-WA0006-Media-800x600.jpg 800w, https:\/\/www.uni-r.pt\/wp-content\/uploads\/2025\/12\/IMG-20251128-WA0006-Media.jpg 1024w\" sizes=\"(min-width: 2200px) 100vw, (min-width: 928px) 230px, (min-width: 856px) 287px, (min-width: 784px) 383px, (min-width: 712px) 574px, (min-width: 640px) 712px, \" \/><\/a><\/div><\/div><\/div><div class=\"swiper-slide\"><div class=\"fusion-carousel-item-wrapper\"><div class=\"fusion-image-wrapper hover-type-none\"><a data-rel=\"iLightbox[image_carousel_1]\" data-title=\"IMG_2437 (M\u00e9dia)\" aria-label=\"IMG_2437 (M\u00e9dia)\" href=\"http:\/\/www.uni-r.pt\/wp-content\/uploads\/2025\/12\/IMG_2437-Media.jpg\" target=\"_self\"><img decoding=\"async\" width=\"1024\" height=\"768\" src=\"https:\/\/www.uni-r.pt\/wp-content\/uploads\/2025\/12\/IMG_2437-Media.jpg\" class=\"attachment-full size-full\" alt=\"\" srcset=\"https:\/\/www.uni-r.pt\/wp-content\/uploads\/2025\/12\/IMG_2437-Media-200x150.jpg 200w, https:\/\/www.uni-r.pt\/wp-content\/uploads\/2025\/12\/IMG_2437-Media-400x300.jpg 400w, https:\/\/www.uni-r.pt\/wp-content\/uploads\/2025\/12\/IMG_2437-Media-600x450.jpg 600w, https:\/\/www.uni-r.pt\/wp-content\/uploads\/2025\/12\/IMG_2437-Media-800x600.jpg 800w, https:\/\/www.uni-r.pt\/wp-content\/uploads\/2025\/12\/IMG_2437-Media.jpg 1024w\" sizes=\"(min-width: 2200px) 100vw, (min-width: 928px) 230px, (min-width: 856px) 287px, (min-width: 784px) 383px, (min-width: 712px) 574px, (min-width: 640px) 712px, \" \/><\/a><\/div><\/div><\/div><\/div><div class=\"awb-swiper-button awb-swiper-button-prev\"><i class=\"awb-icon-angle-left\" aria-hidden=\"true\"><\/i><\/div><div class=\"awb-swiper-button awb-swiper-button-next\"><i class=\"awb-icon-angle-right\" aria-hidden=\"true\"><\/i><\/div><\/div><\/div><\/div><\/div><div class=\"fusion-layout-column fusion_builder_column fusion-builder-column-1 fusion_builder_column_1_3 1_3 fusion-flex-column\" style=\"--awb-bg-size:cover;--awb-width-large:33.333333333333%;--awb-margin-top-large:0px;--awb-spacing-right-large:5.76%;--awb-margin-bottom-large:20px;--awb-spacing-left-large:5.76%;--awb-width-medium:33.333333333333%;--awb-order-medium:0;--awb-spacing-right-medium:5.76%;--awb-spacing-left-medium:5.76%;--awb-width-small:100%;--awb-order-small:0;--awb-spacing-right-small:1.92%;--awb-spacing-left-small:1.92%;\"><div class=\"fusion-column-wrapper fusion-column-has-shadow fusion-flex-justify-content-flex-start fusion-content-layout-column\"><div class=\"fusion-video fusion-selfhosted-video\" style=\"max-width:100%;\"><div class=\"video-wrapper\"><video playsinline=\"true\" width=\"100%\" style=\"object-fit: cover;\" autoplay=\"true\" muted=\"true\" loop=\"true\" preload=\"auto\" controls=\"1\"><source src=\"http:\/\/www.uni-r.pt\/wp-content\/uploads\/2025\/12\/O-que-nos-dizem-as-fotografias_small.mp4\" type=\"video\/mp4\">Sorry, your browser doesn&#039;t support embedded videos.<\/video><\/div><\/div><\/div><\/div><\/div><\/div>\n","protected":false},"excerpt":{"rendered":"","protected":false},"author":1,"featured_media":0,"parent":0,"menu_order":0,"comment_status":"closed","ping_status":"closed","template":"100-width.php","meta":{"_acf_changed":false,"footnotes":""},"class_list":["post-1468","page","type-page","status-publish","hentry"],"acf":[],"_links":{"self":[{"href":"https:\/\/www.uni-r.pt\/index.php?rest_route=\/wp\/v2\/pages\/1468","targetHints":{"allow":["GET"]}}],"collection":[{"href":"https:\/\/www.uni-r.pt\/index.php?rest_route=\/wp\/v2\/pages"}],"about":[{"href":"https:\/\/www.uni-r.pt\/index.php?rest_route=\/wp\/v2\/types\/page"}],"author":[{"embeddable":true,"href":"https:\/\/www.uni-r.pt\/index.php?rest_route=\/wp\/v2\/users\/1"}],"replies":[{"embeddable":true,"href":"https:\/\/www.uni-r.pt\/index.php?rest_route=%2Fwp%2Fv2%2Fcomments&post=1468"}],"version-history":[{"count":16,"href":"https:\/\/www.uni-r.pt\/index.php?rest_route=\/wp\/v2\/pages\/1468\/revisions"}],"predecessor-version":[{"id":1584,"href":"https:\/\/www.uni-r.pt\/index.php?rest_route=\/wp\/v2\/pages\/1468\/revisions\/1584"}],"wp:attachment":[{"href":"https:\/\/www.uni-r.pt\/index.php?rest_route=%2Fwp%2Fv2%2Fmedia&parent=1468"}],"curies":[{"name":"wp","href":"https:\/\/api.w.org\/{rel}","templated":true}]}}