{"id":1471,"date":"2025-11-19T16:09:09","date_gmt":"2025-11-19T16:09:09","guid":{"rendered":"https:\/\/www.uni-r.pt\/?page_id=1471"},"modified":"2025-11-19T16:09:09","modified_gmt":"2025-11-19T16:09:09","slug":"grupos-de-movimento-psicocorporal","status":"publish","type":"page","link":"https:\/\/www.uni-r.pt\/?page_id=1471","title":{"rendered":"Grupos de Movimento Psicocorporal"},"content":{"rendered":"<div class=\"fusion-fullwidth fullwidth-box fusion-builder-row-1 fusion-flex-container has-pattern-background has-mask-background nonhundred-percent-fullwidth non-hundred-percent-height-scrolling\" style=\"--awb-border-radius-top-left:0px;--awb-border-radius-top-right:0px;--awb-border-radius-bottom-right:0px;--awb-border-radius-bottom-left:0px;--awb-flex-wrap:wrap;\" ><div class=\"fusion-builder-row fusion-row fusion-flex-align-items-flex-start fusion-flex-content-wrap\" style=\"max-width:1248px;margin-left: calc(-4% \/ 2 );margin-right: calc(-4% \/ 2 );\"><div class=\"fusion-layout-column fusion_builder_column fusion-builder-column-0 fusion_builder_column_2_3 2_3 fusion-flex-column\" style=\"--awb-bg-size:cover;--awb-width-large:66.666666666667%;--awb-margin-top-large:0px;--awb-spacing-right-large:2.88%;--awb-margin-bottom-large:20px;--awb-spacing-left-large:2.88%;--awb-width-medium:66.666666666667%;--awb-order-medium:0;--awb-spacing-right-medium:2.88%;--awb-spacing-left-medium:2.88%;--awb-width-small:100%;--awb-order-small:0;--awb-spacing-right-small:1.92%;--awb-spacing-left-small:1.92%;\"><div class=\"fusion-column-wrapper fusion-column-has-shadow fusion-flex-justify-content-flex-start fusion-content-layout-column\"><div class=\"fusion-text fusion-text-1\"><p>Durante o segundo semestre do ano letivo 2024\/2025, a Associa\u00e7\u00e3o de Estudantes do Ispa (AEISPA) em colabora\u00e7\u00e3o com a Associa\u00e7\u00e3o Portuguesa de An\u00e1lise Bioenerg\u00e9tica (APAB) organizaram sess\u00f5es gratuitas de Psicoterapia Corporal para todos os estudantes do Ispa. Esta iniciativa decorreu em 3 sess\u00f5es (2 de abril de 2025, 30 de abril de 2025 e 21 de maio de 2025), orientadas pelas terapeutas Dra. Andreia Madeira, Dra. In\u00eas Pessoa e Costa e Dra. Rita Vilhena, no gin\u00e1sio do Ispa.<\/p>\n<p style=\"padding-left: 40px;\">\u201c<em>Estive presente numa sess\u00e3o do workshop de Grupos de Movimento Psicocorporal e tenho a dizer que \u00e9 uma experi\u00eancia muito enriquecedora, particularmente para quem tem interesse em diferentes abordagens psicoterap\u00eauticas e de grupo. Neste workshop realiz\u00e1mos diversos exerc\u00edcios que trabalhavam as din\u00e2micas de grupos e como o nosso pr\u00f3prio corpo se expressava e sentia.\u201d <\/em>\u2013 Francisca Pereira, Vogal do Departamento Cultural<\/p>\n<p>As sess\u00f5es foram iniciadas com rituais de apresenta\u00e7\u00e3o do grupo para estabelecer um primeiro contacto entre todos os elementos e permitir maior \u00e0 vontade entre os mesmos. Ao longo da sess\u00e3o, foram realizados exerc\u00edcios que permitissem explorar a rela\u00e7\u00e3o dos estudantes com o seu corpo e as suas manifesta\u00e7\u00f5es aos eventos sociais e experi\u00eancias vividas pelos mesmos, permitindo uma reflex\u00e3o sobre a sua identidade, a sua posi\u00e7\u00e3o no mundo e com os outros. Assim como come\u00e7aram, todas as sess\u00f5es encerraram com um ritual de despedida<\/p>\n<p style=\"padding-left: 40px;\"><em>\u201cFoi muito interessante ver o que o nosso corpo nos dizia sobre n\u00f3s. Uma esp\u00e9cie de abre-olhos para a nossa rela\u00e7\u00e3o com o mundo e com as nossas experi\u00eancias ao longo da vida.\u201d \u2013 <\/em>Carolina Ventura, Estudante do Ispa<\/p>\n<p>Atrav\u00e9s da pr\u00e1tica desta atividade, os estudantes puderam ter contacto e adquirir conhecimentos sobre este modelo psicoterap\u00eautico, sobre a sua consci\u00eancia corporal e a continuidade entre o corpo e a mente, assim como estabelecer rela\u00e7\u00f5es com outros elementos da comunidade do Ispa. Numa iniciativa de estudantes para estudantes, foi poss\u00edvel conciliar o interesse e a motiva\u00e7\u00e3o pelo contacto com o mundo profissional e a integra\u00e7\u00e3o na comunidade estudantil, demonstrando que a universidade pode ser, para al\u00e9m de um espa\u00e7o de aquisi\u00e7\u00e3o de conhecimentos especializados, um lugar de prepara\u00e7\u00e3o para o futuro e de relacionamentos no presente.<\/p>\n<\/div><\/div><\/div><div class=\"fusion-layout-column fusion_builder_column fusion-builder-column-1 fusion_builder_column_1_3 1_3 fusion-flex-column\" style=\"--awb-bg-size:cover;--awb-width-large:33.333333333333%;--awb-margin-top-large:0px;--awb-spacing-right-large:5.76%;--awb-margin-bottom-large:20px;--awb-spacing-left-large:5.76%;--awb-width-medium:33.333333333333%;--awb-order-medium:0;--awb-spacing-right-medium:5.76%;--awb-spacing-left-medium:5.76%;--awb-width-small:100%;--awb-order-small:0;--awb-spacing-right-small:1.92%;--awb-spacing-left-small:1.92%;\"><div class=\"fusion-column-wrapper fusion-column-has-shadow fusion-flex-justify-content-flex-start fusion-content-layout-column\"><div class=\"fusion-image-element \" style=\"--awb-caption-title-font-family:var(--h2_typography-font-family);--awb-caption-title-font-weight:var(--h2_typography-font-weight);--awb-caption-title-font-style:var(--h2_typography-font-style);--awb-caption-title-size:var(--h2_typography-font-size);--awb-caption-title-transform:var(--h2_typography-text-transform);--awb-caption-title-line-height:var(--h2_typography-line-height);--awb-caption-title-letter-spacing:var(--h2_typography-letter-spacing);\"><span class=\" fusion-imageframe imageframe-none imageframe-1 hover-type-none\"><img decoding=\"async\" width=\"1080\" height=\"1346\" title=\"338ce14d-c2e5-4039-b775-c3a02097cf3b\" src=\"http:\/\/www.uni-r.pt\/wp-content\/uploads\/2025\/11\/338ce14d-c2e5-4039-b775-c3a02097cf3b.jpg\" alt class=\"img-responsive wp-image-1472\" srcset=\"https:\/\/www.uni-r.pt\/wp-content\/uploads\/2025\/11\/338ce14d-c2e5-4039-b775-c3a02097cf3b-200x249.jpg 200w, https:\/\/www.uni-r.pt\/wp-content\/uploads\/2025\/11\/338ce14d-c2e5-4039-b775-c3a02097cf3b-400x499.jpg 400w, https:\/\/www.uni-r.pt\/wp-content\/uploads\/2025\/11\/338ce14d-c2e5-4039-b775-c3a02097cf3b-600x748.jpg 600w, https:\/\/www.uni-r.pt\/wp-content\/uploads\/2025\/11\/338ce14d-c2e5-4039-b775-c3a02097cf3b-800x997.jpg 800w, https:\/\/www.uni-r.pt\/wp-content\/uploads\/2025\/11\/338ce14d-c2e5-4039-b775-c3a02097cf3b.jpg 1080w\" sizes=\"(max-width: 640px) 100vw, 400px\" \/><\/span><\/div><div class=\"fusion-image-element \" style=\"--awb-caption-title-font-family:var(--h2_typography-font-family);--awb-caption-title-font-weight:var(--h2_typography-font-weight);--awb-caption-title-font-style:var(--h2_typography-font-style);--awb-caption-title-size:var(--h2_typography-font-size);--awb-caption-title-transform:var(--h2_typography-text-transform);--awb-caption-title-line-height:var(--h2_typography-line-height);--awb-caption-title-letter-spacing:var(--h2_typography-letter-spacing);\"><span class=\" fusion-imageframe imageframe-none imageframe-2 hover-type-none\"><img decoding=\"async\" width=\"1080\" height=\"1350\" title=\"92a0b52e-82ba-430e-855e-7313678a4383\" src=\"http:\/\/www.uni-r.pt\/wp-content\/uploads\/2025\/11\/92a0b52e-82ba-430e-855e-7313678a4383.jpg\" alt class=\"img-responsive wp-image-1473\" srcset=\"https:\/\/www.uni-r.pt\/wp-content\/uploads\/2025\/11\/92a0b52e-82ba-430e-855e-7313678a4383-200x250.jpg 200w, https:\/\/www.uni-r.pt\/wp-content\/uploads\/2025\/11\/92a0b52e-82ba-430e-855e-7313678a4383-400x500.jpg 400w, https:\/\/www.uni-r.pt\/wp-content\/uploads\/2025\/11\/92a0b52e-82ba-430e-855e-7313678a4383-600x750.jpg 600w, https:\/\/www.uni-r.pt\/wp-content\/uploads\/2025\/11\/92a0b52e-82ba-430e-855e-7313678a4383-800x1000.jpg 800w, https:\/\/www.uni-r.pt\/wp-content\/uploads\/2025\/11\/92a0b52e-82ba-430e-855e-7313678a4383.jpg 1080w\" sizes=\"(max-width: 640px) 100vw, 400px\" \/><\/span><\/div><\/div><\/div><\/div><\/div>\n","protected":false},"excerpt":{"rendered":"","protected":false},"author":1,"featured_media":0,"parent":0,"menu_order":0,"comment_status":"closed","ping_status":"closed","template":"100-width.php","meta":{"_acf_changed":false,"footnotes":""},"class_list":["post-1471","page","type-page","status-publish","hentry"],"acf":[],"_links":{"self":[{"href":"https:\/\/www.uni-r.pt\/index.php?rest_route=\/wp\/v2\/pages\/1471","targetHints":{"allow":["GET"]}}],"collection":[{"href":"https:\/\/www.uni-r.pt\/index.php?rest_route=\/wp\/v2\/pages"}],"about":[{"href":"https:\/\/www.uni-r.pt\/index.php?rest_route=\/wp\/v2\/types\/page"}],"author":[{"embeddable":true,"href":"https:\/\/www.uni-r.pt\/index.php?rest_route=\/wp\/v2\/users\/1"}],"replies":[{"embeddable":true,"href":"https:\/\/www.uni-r.pt\/index.php?rest_route=%2Fwp%2Fv2%2Fcomments&post=1471"}],"version-history":[{"count":1,"href":"https:\/\/www.uni-r.pt\/index.php?rest_route=\/wp\/v2\/pages\/1471\/revisions"}],"predecessor-version":[{"id":1474,"href":"https:\/\/www.uni-r.pt\/index.php?rest_route=\/wp\/v2\/pages\/1471\/revisions\/1474"}],"wp:attachment":[{"href":"https:\/\/www.uni-r.pt\/index.php?rest_route=%2Fwp%2Fv2%2Fmedia&parent=1471"}],"curies":[{"name":"wp","href":"https:\/\/api.w.org\/{rel}","templated":true}]}}