{"id":1586,"date":"2026-01-12T17:15:09","date_gmt":"2026-01-12T17:15:09","guid":{"rendered":"https:\/\/www.uni-r.pt\/?page_id=1586"},"modified":"2026-01-12T17:25:12","modified_gmt":"2026-01-12T17:25:12","slug":"workshop-estrategias-de-estudo-2","status":"publish","type":"page","link":"https:\/\/www.uni-r.pt\/?page_id=1586","title":{"rendered":"Workshop \u201cEstrat\u00e9gias de Estudo&#8221;"},"content":{"rendered":"<div class=\"fusion-fullwidth fullwidth-box fusion-builder-row-1 fusion-flex-container has-pattern-background has-mask-background nonhundred-percent-fullwidth non-hundred-percent-height-scrolling\" style=\"--awb-border-radius-top-left:0px;--awb-border-radius-top-right:0px;--awb-border-radius-bottom-right:0px;--awb-border-radius-bottom-left:0px;--awb-flex-wrap:wrap;\" ><div class=\"fusion-builder-row fusion-row fusion-flex-align-items-flex-start fusion-flex-content-wrap\" style=\"max-width:1248px;margin-left: calc(-4% \/ 2 );margin-right: calc(-4% \/ 2 );\"><div class=\"fusion-layout-column fusion_builder_column fusion-builder-column-0 fusion_builder_column_2_3 2_3 fusion-flex-column\" style=\"--awb-bg-size:cover;--awb-width-large:66.666666666667%;--awb-margin-top-large:0px;--awb-spacing-right-large:2.88%;--awb-margin-bottom-large:20px;--awb-spacing-left-large:2.88%;--awb-width-medium:66.666666666667%;--awb-order-medium:0;--awb-spacing-right-medium:2.88%;--awb-spacing-left-medium:2.88%;--awb-width-small:100%;--awb-order-small:0;--awb-spacing-right-small:1.92%;--awb-spacing-left-small:1.92%;\"><div class=\"fusion-column-wrapper fusion-column-has-shadow fusion-flex-justify-content-flex-start fusion-content-layout-column\"><div class=\"fusion-text fusion-text-1\"><p>No \u00e2mbito da Semana da Ci\u00eancia e da Tecnologia da associa\u00e7\u00e3o Ci\u00eancia Viva, a Professora Ana Lapa e o Professor Filipe Loureiro organizaram e conduziram um <em>workshop<\/em> sobre a implementa\u00e7\u00e3o de estrat\u00e9gias e m\u00e9todos de estudo com base na investiga\u00e7\u00e3o e no conhecimento cient\u00edfico sobre mem\u00f3ria e aten\u00e7\u00e3o. Esta foi a segunda edi\u00e7\u00e3o deste <em>workshop<\/em>, tendo ocorrido no dia 28 de novembro de 2025, entre as 14h30 e as 17h30, no Audit\u00f3rio V\u00edtor Almada, no Ispa \u2013 Instituto Universit\u00e1rio.<\/p>\n<p>Durante a sess\u00e3o, os docentes procuram apresentar algumas estrat\u00e9gias de estudo eficazes de acordo com literatura cient\u00edfica mais atual (e.g., pr\u00e9-testes, explica\u00e7\u00e3o e autoexplica\u00e7\u00e3o, ensinar a mat\u00e9ria, sumariza\u00e7\u00e3o, formar imagens mentais, realiza\u00e7\u00e3o de testes repetidos com feedback corretivo imediado), assim como os princ\u00edpios te\u00f3ricos que as sustentam, face a outras estrat\u00e9gias menos eficientes para estudar para os exames (e.g., leitura repetida superficial da mat\u00e9ria, estudo massificado, sem pr\u00e1tica de recupera\u00e7\u00e3o e sem distribui\u00e7\u00e3o do estudo ao longo do tempo). A apresenta\u00e7\u00e3o de cada estrat\u00e9gia foi acompanhada de exemplos e exerc\u00edcios pr\u00e1ticos que permitiram aos estudantes enquadrar e avaliar o recurso destas estrat\u00e9gias no seu contexto acad\u00e9mico atual.<\/p>\n<p style=\"padding-left: 40px;\">\u201c<em>Obrigada por esta atividade. Bem estruturada e foi interessante a partilha de v\u00e1rias dicas. Muito interativo, que permitiu incluir v\u00e1rias pessoas com diferentes modalidades de concentra\u00e7\u00e3o. Foi uma atividade muito positiva. Obrigada.<\/em>\u201d \u2013 Estudante que participou na atividade<\/p>\n<p style=\"padding-left: 40px;\">\u201c<em>Muito bem organizada e com atividades pr\u00e1ticas muito relevantes que funcionaram muito bem para p\u00f4r logo em pr\u00e1tica as estrat\u00e9gias que nos disseram.\u201d <\/em>\u2013 Estudante que participou na atividade<\/p>\n<p style=\"padding-left: 40px;\">\u201c<em>Essencial para quem precisar de estar organizado a estudar e procura a melhor forma de estudar<\/em>.\u201d \u2013 Estudante que participou na atividade<\/p>\n<p>Neste sentido, a sess\u00e3o procurou promover o contacto com a ci\u00eancia e a sua utiliza\u00e7\u00e3o no contexto di\u00e1rio pelos estudantes, atrav\u00e9s da apresenta\u00e7\u00e3o dos conte\u00fados, de discuss\u00f5es did\u00e1ticas e de exemplos aplicados \u00e0 pr\u00e1tica di\u00e1ria na vida acad\u00e9mica. Dado o seu sucesso na comunidade estudantil, quem sabe, futuramente, possamos contar com uma terceira edi\u00e7\u00e3o\u2026<\/p>\n<\/div><\/div><\/div><div class=\"fusion-layout-column fusion_builder_column fusion-builder-column-1 fusion_builder_column_1_3 1_3 fusion-flex-column\" style=\"--awb-bg-size:cover;--awb-width-large:33.333333333333%;--awb-margin-top-large:0px;--awb-spacing-right-large:5.76%;--awb-margin-bottom-large:20px;--awb-spacing-left-large:5.76%;--awb-width-medium:33.333333333333%;--awb-order-medium:0;--awb-spacing-right-medium:5.76%;--awb-spacing-left-medium:5.76%;--awb-width-small:100%;--awb-order-small:0;--awb-spacing-right-small:1.92%;--awb-spacing-left-small:1.92%;\"><div class=\"fusion-column-wrapper fusion-column-has-shadow fusion-flex-justify-content-flex-start fusion-content-layout-column\"><div class=\"fusion-video fusion-selfhosted-video\" style=\"max-width:100%;\"><div class=\"video-wrapper\"><video playsinline=\"true\" width=\"100%\" style=\"object-fit: cover;\" autoplay=\"true\" muted=\"true\" loop=\"true\" preload=\"auto\" controls=\"1\"><source src=\"http:\/\/www.uni-r.pt\/wp-content\/uploads\/2026\/01\/Feedback-da-Atividade_Workshop_Estrategias.mp4\" type=\"video\/mp4\">Sorry, your browser doesn&#039;t support embedded videos.<\/video><\/div><\/div><\/div><\/div><\/div><\/div>\n","protected":false},"excerpt":{"rendered":"","protected":false},"author":1,"featured_media":0,"parent":0,"menu_order":0,"comment_status":"closed","ping_status":"closed","template":"100-width.php","meta":{"_acf_changed":false,"footnotes":""},"class_list":["post-1586","page","type-page","status-publish","hentry"],"acf":[],"_links":{"self":[{"href":"https:\/\/www.uni-r.pt\/index.php?rest_route=\/wp\/v2\/pages\/1586","targetHints":{"allow":["GET"]}}],"collection":[{"href":"https:\/\/www.uni-r.pt\/index.php?rest_route=\/wp\/v2\/pages"}],"about":[{"href":"https:\/\/www.uni-r.pt\/index.php?rest_route=\/wp\/v2\/types\/page"}],"author":[{"embeddable":true,"href":"https:\/\/www.uni-r.pt\/index.php?rest_route=\/wp\/v2\/users\/1"}],"replies":[{"embeddable":true,"href":"https:\/\/www.uni-r.pt\/index.php?rest_route=%2Fwp%2Fv2%2Fcomments&post=1586"}],"version-history":[{"count":4,"href":"https:\/\/www.uni-r.pt\/index.php?rest_route=\/wp\/v2\/pages\/1586\/revisions"}],"predecessor-version":[{"id":1594,"href":"https:\/\/www.uni-r.pt\/index.php?rest_route=\/wp\/v2\/pages\/1586\/revisions\/1594"}],"wp:attachment":[{"href":"https:\/\/www.uni-r.pt\/index.php?rest_route=%2Fwp%2Fv2%2Fmedia&parent=1586"}],"curies":[{"name":"wp","href":"https:\/\/api.w.org\/{rel}","templated":true}]}}