{"id":1598,"date":"2026-02-06T10:45:03","date_gmt":"2026-02-06T10:45:03","guid":{"rendered":"https:\/\/www.uni-r.pt\/?page_id=1598"},"modified":"2026-02-06T10:45:03","modified_gmt":"2026-02-06T10:45:03","slug":"visita-de-estudo-ao-centro-de-documentacao-europeu-jean-monet","status":"publish","type":"page","link":"https:\/\/www.uni-r.pt\/?page_id=1598","title":{"rendered":"Visita de Estudo ao Centro de Documenta\u00e7\u00e3o Europeu Jean Monet"},"content":{"rendered":"<div class=\"fusion-fullwidth fullwidth-box fusion-builder-row-1 fusion-flex-container has-pattern-background has-mask-background nonhundred-percent-fullwidth non-hundred-percent-height-scrolling\" style=\"--awb-border-radius-top-left:0px;--awb-border-radius-top-right:0px;--awb-border-radius-bottom-right:0px;--awb-border-radius-bottom-left:0px;--awb-flex-wrap:wrap;\" ><div class=\"fusion-builder-row fusion-row fusion-flex-align-items-flex-start fusion-flex-content-wrap\" style=\"max-width:1248px;margin-left: calc(-4% \/ 2 );margin-right: calc(-4% \/ 2 );\"><div class=\"fusion-layout-column fusion_builder_column fusion-builder-column-0 fusion_builder_column_2_3 2_3 fusion-flex-column\" style=\"--awb-bg-size:cover;--awb-width-large:66.666666666667%;--awb-margin-top-large:0px;--awb-spacing-right-large:2.88%;--awb-margin-bottom-large:20px;--awb-spacing-left-large:2.88%;--awb-width-medium:66.666666666667%;--awb-order-medium:0;--awb-spacing-right-medium:2.88%;--awb-spacing-left-medium:2.88%;--awb-width-small:100%;--awb-order-small:0;--awb-spacing-right-small:1.92%;--awb-spacing-left-small:1.92%;\"><div class=\"fusion-column-wrapper fusion-column-has-shadow fusion-flex-justify-content-flex-start fusion-content-layout-column\"><div class=\"fusion-text fusion-text-1\"><p>No dia 12 de dezembro de 2025, a Professora Maria Jo\u00e3o Vargas Moniz organizou uma visita de estudo ao Centro de Documenta\u00e7\u00e3o Europeu Jean Monet para os estudantes da sua turma de tutoria. A palestra e a visita guiada \u00e0s instala\u00e7\u00f5es europeias foram gentilmente conduzidas pela Dra. Isabel Martinho, Chefe da Equipa Pol\u00edtica da Representa\u00e7\u00e3o da Comiss\u00e3o Europeia em Portugal.<\/p>\n<p>A palestra decorreu na sala de reuni\u00f5es do edif\u00edcio, simulando a experi\u00eancia de uma reuni\u00e3o em contexto real. Numa conversa com o objetivo de incutir nos estudantes a reflex\u00e3o e preocupa\u00e7\u00e3o para com o espa\u00e7o europeu, a Dra. Isabel Martinho abordou, com alus\u00f5es \u00e0s suas experi\u00eancias pessoais enquanto deputada no Congresso Europeu, quest\u00f5es como a hist\u00f3ria e as principais instala\u00e7\u00f5es da Uni\u00e3o Europeia, os desafios clim\u00e1ticos e geopol\u00edticos das atuais gera\u00e7\u00f5es no s\u00e9culo XXI e as oportunidades para os estudantes de mobilidade internacional (<a href=\"https:\/\/www.instagram.com\/erasmus.plus.portugal\/\">https:\/\/www.instagram.com\/erasmus.plus.portugal\/<\/a>) e est\u00e1gios remunerados (<a href=\"https:\/\/eu-careers.europa.eu\/pt-pt\/blue-book-traineeships\">https:\/\/eu-careers.europa.eu\/pt-pt\/blue-book-traineeships<\/a>) \u00a0disponibilizados pela Uni\u00e3o Europeia.<\/p>\n<p style=\"padding-left: 40px;\">\u201c<em>N\u00e3o s\u00f3 enquanto residente, mas tamb\u00e9m enquanto cidad\u00e3 nativa de um pa\u00eds pertencente \u00e0 Uni\u00e3o Europeia, considero esta atividade crucial para compreender o papel da Uni\u00e3o Europeia no nosso pa\u00eds, a sua organiza\u00e7\u00e3o, bem como os atuais Estados-Membros e os pa\u00edses candidatos \u00e0 ades\u00e3o. De facto, gra\u00e7as \u00e0 Comiss\u00e3o Europeia, j\u00e1 tive a oportunidade de vivenciar experi\u00eancias internacionais em pa\u00edses como a Turquia, a Bulg\u00e1ria, a Noruega e a Ch\u00e9quia, que me permitiram n\u00e3o s\u00f3 colocar em pr\u00e1tica a l\u00edngua inglesa, mas tamb\u00e9m adquirir e desenvolver novas compet\u00eancias, colaborar com pessoas de diferentes pa\u00edses e culturas e construir amizades para a vida.<\/em>\u201d \u2013 Teresa, Investigadora no Projeto UNI_R<\/p>\n<p>Esta visita de estudo permitiu aos estudantes n\u00e3o s\u00f3 refletirem sobre os benef\u00edcios das oportunidades disponibilizadas pela Uni\u00e3o Europeia na sua vida acad\u00e9mica e profissional, mas sobretudo no papel desta institui\u00e7\u00e3o na luta e preserva\u00e7\u00e3o pelos direitos humanos e pela democracia. Consciencializar e fomentar uma participa\u00e7\u00e3o c\u00edvica ativa e consciente dos estudantes nas suas comunidades, representa, tamb\u00e9m, um importante papel das institui\u00e7\u00f5es de ensino superior na prepara\u00e7\u00e3o dos seus estudantes para o mundo.<\/p>\n<\/div><div class=\"fusion-image-carousel fusion-image-carousel-auto fusion-image-carousel-1 lightbox-enabled\"><div class=\"awb-carousel awb-swiper awb-swiper-carousel awb-carousel--carousel awb-swiper-dots-position-bottom\" data-layout=\"carousel\" data-autoplay=\"no\" data-autoplayspeed=\"2500\" data-autoplaypause=\"no\" data-loop=\"yes\" data-columns=\"5\" data-columnsmedium=\"1\" data-columnssmall=\"1\" data-itemmargin=\"13\" data-itemwidth=\"180\" data-touchscroll=\"no\" data-freemode=\"no\" data-imagesize=\"auto\" data-scrollitems=\"0\" data-centeredslides=\"no\" data-rotationangle=\"50\" data-depth=\"100\" data-speed=\"500\" data-shadow=\"no\" data-pagination=\"bullets\" style=\"--awb-dots-align:center;\"><div class=\"swiper-wrapper awb-image-carousel-wrapper fusion-flex-align-items-center\"><div class=\"swiper-slide\"><div class=\"fusion-carousel-item-wrapper\"><div class=\"fusion-image-wrapper hover-type-none\"><a data-rel=\"iLightbox[image_carousel_1]\" data-title=\"image00003 (M\u00e9dia)\" aria-label=\"image00003 (M\u00e9dia)\" href=\"http:\/\/www.uni-r.pt\/wp-content\/uploads\/2026\/02\/image00003-Media-rotated.jpeg\" target=\"_self\"><img decoding=\"async\" width=\"1024\" height=\"768\" src=\"https:\/\/www.uni-r.pt\/wp-content\/uploads\/2026\/02\/image00003-Media-rotated.jpeg\" class=\"attachment-full size-full\" alt=\"\" srcset=\"https:\/\/www.uni-r.pt\/wp-content\/uploads\/2026\/02\/image00003-Media-200x150.jpeg 200w, https:\/\/www.uni-r.pt\/wp-content\/uploads\/2026\/02\/image00003-Media-400x300.jpeg 400w, https:\/\/www.uni-r.pt\/wp-content\/uploads\/2026\/02\/image00003-Media-600x450.jpeg 600w, https:\/\/www.uni-r.pt\/wp-content\/uploads\/2026\/02\/image00003-Media-800x600.jpeg 800w, https:\/\/www.uni-r.pt\/wp-content\/uploads\/2026\/02\/image00003-Media-rotated.jpeg 1024w\" sizes=\"(min-width: 2200px) 100vw, (min-width: 928px) 230px, (min-width: 856px) 287px, (min-width: 784px) 383px, (min-width: 712px) 574px, (min-width: 640px) 712px, \" \/><\/a><\/div><\/div><\/div><div class=\"swiper-slide\"><div class=\"fusion-carousel-item-wrapper\"><div class=\"fusion-image-wrapper hover-type-none\"><a data-rel=\"iLightbox[image_carousel_1]\" data-title=\"image00005 (M\u00e9dia)\" aria-label=\"image00005 (M\u00e9dia)\" href=\"http:\/\/www.uni-r.pt\/wp-content\/uploads\/2026\/02\/image00005-Media-rotated.jpeg\" target=\"_self\"><img decoding=\"async\" width=\"768\" height=\"1024\" src=\"https:\/\/www.uni-r.pt\/wp-content\/uploads\/2026\/02\/image00005-Media-rotated.jpeg\" class=\"attachment-full size-full\" alt=\"\" srcset=\"https:\/\/www.uni-r.pt\/wp-content\/uploads\/2026\/02\/image00005-Media-200x267.jpeg 200w, https:\/\/www.uni-r.pt\/wp-content\/uploads\/2026\/02\/image00005-Media-400x533.jpeg 400w, https:\/\/www.uni-r.pt\/wp-content\/uploads\/2026\/02\/image00005-Media-600x800.jpeg 600w, https:\/\/www.uni-r.pt\/wp-content\/uploads\/2026\/02\/image00005-Media-rotated.jpeg 768w\" sizes=\"(min-width: 2200px) 100vw, (min-width: 928px) 230px, (min-width: 856px) 287px, (min-width: 784px) 383px, (min-width: 712px) 574px, (min-width: 640px) 712px, \" \/><\/a><\/div><\/div><\/div><div class=\"swiper-slide\"><div class=\"fusion-carousel-item-wrapper\"><div class=\"fusion-image-wrapper hover-type-none\"><a data-rel=\"iLightbox[image_carousel_1]\" data-title=\"image00006 (M\u00e9dia)\" aria-label=\"image00006 (M\u00e9dia)\" href=\"http:\/\/www.uni-r.pt\/wp-content\/uploads\/2026\/02\/image00006-Media.jpeg\" target=\"_self\"><img decoding=\"async\" width=\"1024\" height=\"768\" src=\"https:\/\/www.uni-r.pt\/wp-content\/uploads\/2026\/02\/image00006-Media.jpeg\" class=\"attachment-full size-full\" alt=\"\" srcset=\"https:\/\/www.uni-r.pt\/wp-content\/uploads\/2026\/02\/image00006-Media-200x150.jpeg 200w, https:\/\/www.uni-r.pt\/wp-content\/uploads\/2026\/02\/image00006-Media-400x300.jpeg 400w, https:\/\/www.uni-r.pt\/wp-content\/uploads\/2026\/02\/image00006-Media-600x450.jpeg 600w, https:\/\/www.uni-r.pt\/wp-content\/uploads\/2026\/02\/image00006-Media-800x600.jpeg 800w, https:\/\/www.uni-r.pt\/wp-content\/uploads\/2026\/02\/image00006-Media.jpeg 1024w\" sizes=\"(min-width: 2200px) 100vw, (min-width: 928px) 230px, (min-width: 856px) 287px, (min-width: 784px) 383px, (min-width: 712px) 574px, (min-width: 640px) 712px, \" \/><\/a><\/div><\/div><\/div><div class=\"swiper-slide\"><div class=\"fusion-carousel-item-wrapper\"><div class=\"fusion-image-wrapper hover-type-none\"><a data-rel=\"iLightbox[image_carousel_1]\" data-title=\"image00007 (M\u00e9dia)\" aria-label=\"image00007 (M\u00e9dia)\" href=\"http:\/\/www.uni-r.pt\/wp-content\/uploads\/2026\/02\/image00007-Media.jpeg\" target=\"_self\"><img decoding=\"async\" width=\"1024\" height=\"768\" src=\"https:\/\/www.uni-r.pt\/wp-content\/uploads\/2026\/02\/image00007-Media.jpeg\" class=\"attachment-full size-full\" alt=\"\" srcset=\"https:\/\/www.uni-r.pt\/wp-content\/uploads\/2026\/02\/image00007-Media-200x150.jpeg 200w, https:\/\/www.uni-r.pt\/wp-content\/uploads\/2026\/02\/image00007-Media-400x300.jpeg 400w, https:\/\/www.uni-r.pt\/wp-content\/uploads\/2026\/02\/image00007-Media-600x450.jpeg 600w, https:\/\/www.uni-r.pt\/wp-content\/uploads\/2026\/02\/image00007-Media-800x600.jpeg 800w, https:\/\/www.uni-r.pt\/wp-content\/uploads\/2026\/02\/image00007-Media.jpeg 1024w\" sizes=\"(min-width: 2200px) 100vw, (min-width: 928px) 230px, (min-width: 856px) 287px, (min-width: 784px) 383px, (min-width: 712px) 574px, (min-width: 640px) 712px, \" \/><\/a><\/div><\/div><\/div><div class=\"swiper-slide\"><div class=\"fusion-carousel-item-wrapper\"><div class=\"fusion-image-wrapper hover-type-none\"><a data-rel=\"iLightbox[image_carousel_1]\" data-title=\"image00008 (M\u00e9dia)\" aria-label=\"image00008 (M\u00e9dia)\" href=\"http:\/\/www.uni-r.pt\/wp-content\/uploads\/2026\/02\/image00008-Media.jpeg\" target=\"_self\"><img decoding=\"async\" width=\"1024\" height=\"768\" src=\"https:\/\/www.uni-r.pt\/wp-content\/uploads\/2026\/02\/image00008-Media.jpeg\" class=\"attachment-full size-full\" alt=\"\" srcset=\"https:\/\/www.uni-r.pt\/wp-content\/uploads\/2026\/02\/image00008-Media-200x150.jpeg 200w, https:\/\/www.uni-r.pt\/wp-content\/uploads\/2026\/02\/image00008-Media-400x300.jpeg 400w, https:\/\/www.uni-r.pt\/wp-content\/uploads\/2026\/02\/image00008-Media-600x450.jpeg 600w, https:\/\/www.uni-r.pt\/wp-content\/uploads\/2026\/02\/image00008-Media-800x600.jpeg 800w, https:\/\/www.uni-r.pt\/wp-content\/uploads\/2026\/02\/image00008-Media.jpeg 1024w\" sizes=\"(min-width: 2200px) 100vw, (min-width: 928px) 230px, (min-width: 856px) 287px, (min-width: 784px) 383px, (min-width: 712px) 574px, (min-width: 640px) 712px, \" \/><\/a><\/div><\/div><\/div><div class=\"swiper-slide\"><div class=\"fusion-carousel-item-wrapper\"><div class=\"fusion-image-wrapper hover-type-none\"><a data-rel=\"iLightbox[image_carousel_1]\" data-title=\"image00009 (M\u00e9dia)\" aria-label=\"image00009 (M\u00e9dia)\" href=\"http:\/\/www.uni-r.pt\/wp-content\/uploads\/2026\/02\/image00009-Media-rotated.jpeg\" target=\"_self\"><img decoding=\"async\" width=\"768\" height=\"1024\" src=\"https:\/\/www.uni-r.pt\/wp-content\/uploads\/2026\/02\/image00009-Media-rotated.jpeg\" class=\"attachment-full size-full\" alt=\"\" srcset=\"https:\/\/www.uni-r.pt\/wp-content\/uploads\/2026\/02\/image00009-Media-200x267.jpeg 200w, https:\/\/www.uni-r.pt\/wp-content\/uploads\/2026\/02\/image00009-Media-400x533.jpeg 400w, https:\/\/www.uni-r.pt\/wp-content\/uploads\/2026\/02\/image00009-Media-600x800.jpeg 600w, https:\/\/www.uni-r.pt\/wp-content\/uploads\/2026\/02\/image00009-Media-rotated.jpeg 768w\" sizes=\"(min-width: 2200px) 100vw, (min-width: 928px) 230px, (min-width: 856px) 287px, (min-width: 784px) 383px, (min-width: 712px) 574px, (min-width: 640px) 712px, \" \/><\/a><\/div><\/div><\/div><div class=\"swiper-slide\"><div class=\"fusion-carousel-item-wrapper\"><div class=\"fusion-image-wrapper hover-type-none\"><a data-rel=\"iLightbox[image_carousel_1]\" data-title=\"IMG_2767 (M\u00e9dia)\" aria-label=\"IMG_2767 (M\u00e9dia)\" href=\"http:\/\/www.uni-r.pt\/wp-content\/uploads\/2026\/02\/IMG_2767-Media.jpeg\" target=\"_self\"><img decoding=\"async\" width=\"1024\" height=\"768\" src=\"https:\/\/www.uni-r.pt\/wp-content\/uploads\/2026\/02\/IMG_2767-Media.jpeg\" class=\"attachment-full size-full\" alt=\"\" srcset=\"https:\/\/www.uni-r.pt\/wp-content\/uploads\/2026\/02\/IMG_2767-Media-200x150.jpeg 200w, https:\/\/www.uni-r.pt\/wp-content\/uploads\/2026\/02\/IMG_2767-Media-400x300.jpeg 400w, https:\/\/www.uni-r.pt\/wp-content\/uploads\/2026\/02\/IMG_2767-Media-600x450.jpeg 600w, https:\/\/www.uni-r.pt\/wp-content\/uploads\/2026\/02\/IMG_2767-Media-800x600.jpeg 800w, https:\/\/www.uni-r.pt\/wp-content\/uploads\/2026\/02\/IMG_2767-Media.jpeg 1024w\" sizes=\"(min-width: 2200px) 100vw, (min-width: 928px) 230px, (min-width: 856px) 287px, (min-width: 784px) 383px, (min-width: 712px) 574px, (min-width: 640px) 712px, \" \/><\/a><\/div><\/div><\/div><div class=\"swiper-slide\"><div class=\"fusion-carousel-item-wrapper\"><div class=\"fusion-image-wrapper hover-type-none\"><a data-rel=\"iLightbox[image_carousel_1]\" data-title=\"IMG_2768 (M\u00e9dia)\" aria-label=\"IMG_2768 (M\u00e9dia)\" href=\"http:\/\/www.uni-r.pt\/wp-content\/uploads\/2026\/02\/IMG_2768-Media.jpeg\" target=\"_self\"><img decoding=\"async\" width=\"1024\" height=\"768\" src=\"https:\/\/www.uni-r.pt\/wp-content\/uploads\/2026\/02\/IMG_2768-Media.jpeg\" class=\"attachment-full size-full\" alt=\"\" srcset=\"https:\/\/www.uni-r.pt\/wp-content\/uploads\/2026\/02\/IMG_2768-Media-200x150.jpeg 200w, https:\/\/www.uni-r.pt\/wp-content\/uploads\/2026\/02\/IMG_2768-Media-400x300.jpeg 400w, https:\/\/www.uni-r.pt\/wp-content\/uploads\/2026\/02\/IMG_2768-Media-600x450.jpeg 600w, https:\/\/www.uni-r.pt\/wp-content\/uploads\/2026\/02\/IMG_2768-Media-800x600.jpeg 800w, https:\/\/www.uni-r.pt\/wp-content\/uploads\/2026\/02\/IMG_2768-Media.jpeg 1024w\" sizes=\"(min-width: 2200px) 100vw, (min-width: 928px) 230px, (min-width: 856px) 287px, (min-width: 784px) 383px, (min-width: 712px) 574px, (min-width: 640px) 712px, \" \/><\/a><\/div><\/div><\/div><div class=\"swiper-slide\"><div class=\"fusion-carousel-item-wrapper\"><div class=\"fusion-image-wrapper hover-type-none\"><a data-rel=\"iLightbox[image_carousel_1]\" data-title=\"IMG_2769 (M\u00e9dia)\" aria-label=\"IMG_2769 (M\u00e9dia)\" href=\"http:\/\/www.uni-r.pt\/wp-content\/uploads\/2026\/02\/IMG_2769-Media.jpeg\" target=\"_self\"><img decoding=\"async\" width=\"1024\" height=\"768\" src=\"https:\/\/www.uni-r.pt\/wp-content\/uploads\/2026\/02\/IMG_2769-Media.jpeg\" class=\"attachment-full size-full\" alt=\"\" srcset=\"https:\/\/www.uni-r.pt\/wp-content\/uploads\/2026\/02\/IMG_2769-Media-200x150.jpeg 200w, https:\/\/www.uni-r.pt\/wp-content\/uploads\/2026\/02\/IMG_2769-Media-400x300.jpeg 400w, https:\/\/www.uni-r.pt\/wp-content\/uploads\/2026\/02\/IMG_2769-Media-600x450.jpeg 600w, https:\/\/www.uni-r.pt\/wp-content\/uploads\/2026\/02\/IMG_2769-Media-800x600.jpeg 800w, https:\/\/www.uni-r.pt\/wp-content\/uploads\/2026\/02\/IMG_2769-Media.jpeg 1024w\" sizes=\"(min-width: 2200px) 100vw, (min-width: 928px) 230px, (min-width: 856px) 287px, (min-width: 784px) 383px, (min-width: 712px) 574px, (min-width: 640px) 712px, \" \/><\/a><\/div><\/div><\/div><div class=\"swiper-slide\"><div class=\"fusion-carousel-item-wrapper\"><div class=\"fusion-image-wrapper hover-type-none\"><a data-rel=\"iLightbox[image_carousel_1]\" data-title=\"IMG_2770 (M\u00e9dia)\" aria-label=\"IMG_2770 (M\u00e9dia)\" href=\"http:\/\/www.uni-r.pt\/wp-content\/uploads\/2026\/02\/IMG_2770-Media-rotated.jpeg\" target=\"_self\"><img decoding=\"async\" width=\"1024\" height=\"768\" src=\"https:\/\/www.uni-r.pt\/wp-content\/uploads\/2026\/02\/IMG_2770-Media-rotated.jpeg\" class=\"attachment-full size-full\" alt=\"\" srcset=\"https:\/\/www.uni-r.pt\/wp-content\/uploads\/2026\/02\/IMG_2770-Media-200x150.jpeg 200w, https:\/\/www.uni-r.pt\/wp-content\/uploads\/2026\/02\/IMG_2770-Media-400x300.jpeg 400w, https:\/\/www.uni-r.pt\/wp-content\/uploads\/2026\/02\/IMG_2770-Media-600x450.jpeg 600w, https:\/\/www.uni-r.pt\/wp-content\/uploads\/2026\/02\/IMG_2770-Media-800x600.jpeg 800w, https:\/\/www.uni-r.pt\/wp-content\/uploads\/2026\/02\/IMG_2770-Media-rotated.jpeg 1024w\" sizes=\"(min-width: 2200px) 100vw, (min-width: 928px) 230px, (min-width: 856px) 287px, (min-width: 784px) 383px, (min-width: 712px) 574px, (min-width: 640px) 712px, \" \/><\/a><\/div><\/div><\/div><\/div><div class=\"awb-swiper-button awb-swiper-button-prev\"><i class=\"awb-icon-angle-left\" aria-hidden=\"true\"><\/i><\/div><div class=\"awb-swiper-button awb-swiper-button-next\"><i class=\"awb-icon-angle-right\" aria-hidden=\"true\"><\/i><\/div><\/div><\/div><\/div><\/div><div class=\"fusion-layout-column fusion_builder_column fusion-builder-column-1 fusion_builder_column_1_3 1_3 fusion-flex-column\" style=\"--awb-bg-size:cover;--awb-width-large:33.333333333333%;--awb-margin-top-large:0px;--awb-spacing-right-large:5.76%;--awb-margin-bottom-large:20px;--awb-spacing-left-large:5.76%;--awb-width-medium:33.333333333333%;--awb-order-medium:0;--awb-spacing-right-medium:5.76%;--awb-spacing-left-medium:5.76%;--awb-width-small:100%;--awb-order-small:0;--awb-spacing-right-small:1.92%;--awb-spacing-left-small:1.92%;\"><div class=\"fusion-column-wrapper fusion-column-has-shadow fusion-flex-justify-content-flex-start fusion-content-layout-column\"><div class=\"fusion-video fusion-selfhosted-video\" style=\"max-width:100%;\"><div class=\"video-wrapper\"><video playsinline=\"true\" width=\"100%\" style=\"object-fit: cover;\" autoplay=\"true\" muted=\"true\" loop=\"true\" preload=\"auto\" controls=\"1\"><source src=\"http:\/\/www.uni-r.pt\/wp-content\/uploads\/2026\/02\/Video_Small_4.mp4\" type=\"video\/mp4\">Sorry, your browser doesn&#039;t support embedded videos.<\/video><\/div><\/div><\/div><\/div><\/div><\/div>\n","protected":false},"excerpt":{"rendered":"","protected":false},"author":1,"featured_media":0,"parent":0,"menu_order":0,"comment_status":"closed","ping_status":"closed","template":"100-width.php","meta":{"_acf_changed":false,"footnotes":""},"class_list":["post-1598","page","type-page","status-publish","hentry"],"acf":[],"_links":{"self":[{"href":"https:\/\/www.uni-r.pt\/index.php?rest_route=\/wp\/v2\/pages\/1598","targetHints":{"allow":["GET"]}}],"collection":[{"href":"https:\/\/www.uni-r.pt\/index.php?rest_route=\/wp\/v2\/pages"}],"about":[{"href":"https:\/\/www.uni-r.pt\/index.php?rest_route=\/wp\/v2\/types\/page"}],"author":[{"embeddable":true,"href":"https:\/\/www.uni-r.pt\/index.php?rest_route=\/wp\/v2\/users\/1"}],"replies":[{"embeddable":true,"href":"https:\/\/www.uni-r.pt\/index.php?rest_route=%2Fwp%2Fv2%2Fcomments&post=1598"}],"version-history":[{"count":2,"href":"https:\/\/www.uni-r.pt\/index.php?rest_route=\/wp\/v2\/pages\/1598\/revisions"}],"predecessor-version":[{"id":1611,"href":"https:\/\/www.uni-r.pt\/index.php?rest_route=\/wp\/v2\/pages\/1598\/revisions\/1611"}],"wp:attachment":[{"href":"https:\/\/www.uni-r.pt\/index.php?rest_route=%2Fwp%2Fv2%2Fmedia&parent=1598"}],"curies":[{"name":"wp","href":"https:\/\/api.w.org\/{rel}","templated":true}]}}