{"id":1617,"date":"2026-03-21T15:13:28","date_gmt":"2026-03-21T15:13:28","guid":{"rendered":"https:\/\/www.uni-r.pt\/?page_id=1617"},"modified":"2026-04-24T09:14:15","modified_gmt":"2026-04-24T09:14:15","slug":"inauguracao-do-jornal-introinspecao","status":"publish","type":"page","link":"https:\/\/www.uni-r.pt\/?page_id=1617","title":{"rendered":"Inaugura\u00e7\u00e3o do jornal Intro(In)spe\u00e7\u00e3o"},"content":{"rendered":"<div class=\"fusion-fullwidth fullwidth-box fusion-builder-row-1 fusion-flex-container has-pattern-background has-mask-background nonhundred-percent-fullwidth non-hundred-percent-height-scrolling\" style=\"--awb-border-radius-top-left:0px;--awb-border-radius-top-right:0px;--awb-border-radius-bottom-right:0px;--awb-border-radius-bottom-left:0px;--awb-flex-wrap:wrap;\" ><div class=\"fusion-builder-row fusion-row fusion-flex-align-items-flex-start fusion-flex-content-wrap\" style=\"max-width:1248px;margin-left: calc(-4% \/ 2 );margin-right: calc(-4% \/ 2 );\"><div class=\"fusion-layout-column fusion_builder_column fusion-builder-column-0 fusion_builder_column_2_3 2_3 fusion-flex-column\" style=\"--awb-bg-size:cover;--awb-width-large:66.666666666667%;--awb-margin-top-large:0px;--awb-spacing-right-large:2.88%;--awb-margin-bottom-large:20px;--awb-spacing-left-large:2.88%;--awb-width-medium:66.666666666667%;--awb-order-medium:0;--awb-spacing-right-medium:2.88%;--awb-spacing-left-medium:2.88%;--awb-width-small:100%;--awb-order-small:0;--awb-spacing-right-small:1.92%;--awb-spacing-left-small:1.92%;\"><div class=\"fusion-column-wrapper fusion-column-has-shadow fusion-flex-justify-content-flex-start fusion-content-layout-column\"><div class=\"fusion-text fusion-text-1\"><p>No \u00e2mbito do projeto UNI_R_Box, uma equipa de estudantes fundada pelo estudante Jo\u00e3o da Costa Paiva, apresentou, no passado dia 17 de mar\u00e7o de 2026, na sala de estudos da Biblioteca do Ispa, a primeira edi\u00e7\u00e3o e a inaugura\u00e7\u00e3o do jornal Intro(In)spe\u00e7\u00e3o.<\/p>\n<p>O jornal foi apresentado pelo Jo\u00e3o Paiva, que contou a sua inspira\u00e7\u00e3o para a cria\u00e7\u00e3o do jornal, o processo pelo qual passou para materializar a sua ideia, os objetivos e a estrutura do jornal, e foi acompanhado por alguns dos membros da sua equipa que partilharam as suas raz\u00f5es para se juntarem \u00e0 equipa e a sua experi\u00eancia durante o processo de escrita para o jornal. A apresenta\u00e7\u00e3o contou com um pref\u00e1cio do Professor Carlos Lopes, Diretor da Biblioteca do Ispa, e da Professora Maria Jo\u00e3o Gouveia, vice-reitora do Ispa.<\/p>\n<p style=\"padding-left: 40px;\"><em>\u201cCriar um projeto destes n\u00e3o \u00e9 f\u00e1cil. As ideias que achava que eram boas eram rapidamente substitu\u00eddas por outras e essas tamb\u00e9m foram eventualmente substitu\u00eddas, sendo que a minha ideia original para o projeto Intro(In)spe\u00e7\u00e3o era completamente diferente do que apresentamos agora. Mas os projetos s\u00e3o mesmo assim, come\u00e7am com ideias que v\u00e3o se adaptando \u00e0s circunst\u00e2ncias reais e tomam formas cada vez mais diferentes do que t\u00ednhamos originalmente estipulado. Espero que este jornal, para al\u00e9m dos seus objetivos principais, consiga tornar-se uma inspira\u00e7\u00e3o para outros alunos seguirem com os seus pr\u00f3prios projetos e que procurem o apoio da UNI_R para os realizarem.\u201d<\/em> \u2013 Jo\u00e3o Paiva, fundador do jornal<\/p>\n<p>Os objetivos deste jornal procuram promover o autoconhecimento, o pensamento cr\u00edtico e a autorreflex\u00e3o e criar um espa\u00e7o seguro para di\u00e1logos ricos e edificantes dentro da comunidade acad\u00e9mica do Ispa. O jornal \u00e9 constitu\u00eddo por tr\u00eas ensaios reflexivos que tratam de temas existenciais, sociais e \u00e9ticos, acompanhado por coment\u00e1rios culturais, um espa\u00e7o de partilha para os n\u00facleos, uma agenda formativa, algumas curiosidades, not\u00edcias positivas e muito mais. O jornal foi disponibilizado <em>online<\/em> na p\u00e1gina de Instagram da iniciativa (@introinspecao_ispa) e distribu\u00eddo por v\u00e1rios locais no Ispa.<\/p>\n<p style=\"padding-left: 40px;\"><em>&#8220;Acho que \u00e9 uma iniciativa boa para os estudantes do Ispa.&#8221; &#8211;<\/em> Estudante que participou na atividade<\/p>\n<p style=\"padding-left: 40px;\"><em>&#8220;Acho uma excelente iniciativa e como foi dito durante a atividade considero uma mais-valia para a comunidade ispiana, sendo que \u00e9 uma oportunidade para nos juntarmos todos e relacionarmo-nos atrav\u00e9s da arte e de tudo aquilo que nos toca.&#8221; &#8211;<\/em> Estudante que participou na atividade<\/p>\n<p style=\"padding-left: 40px;\"><em>&#8220;Penso que \u00e9 uma iniciativa excelente, capaz de unir a comunidade do Ispa e permite conhecer pessoas novas com interesses semelhantes aos meus.&#8221; &#8211;<\/em> Estudante que participou na atividade<\/p>\n<p>No final do evento, alguns dos alunos mostraram interesse em juntar-se \u00e0 equipa ou partilhar as suas pr\u00f3prias reflex\u00f5es ou cria\u00e7\u00f5es no espa\u00e7o leitor, uma nova sec\u00e7\u00e3o do jornal que vai abrir na pr\u00f3xima edi\u00e7\u00e3o para os leitores interessados em partilhar algo.<\/p>\n<p>Espero que leiam este jornal e que ele sirva como uma plataforma segura para as partilhas da comunidade!<\/p>\n<h5>EDI\u00c7\u00d5ES DO JORNAL<\/h5>\n<ul>\n<li><a href=\"http:\/\/www.uni-r.pt\/wp-content\/uploads\/2026\/04\/IntroInspecao_N01-MAR26.pdf\"><em><strong>Edi\u00e7\u00e3o de mar\u00e7o 2026<\/strong><\/em><\/a><\/li>\n<\/ul>\n<\/div><div class=\"fusion-image-carousel fusion-image-carousel-fixed fusion-image-carousel-1 lightbox-enabled\"><div class=\"awb-carousel awb-swiper awb-swiper-carousel awb-carousel--carousel awb-swiper-dots-position-bottom\" data-layout=\"carousel\" data-autoplay=\"no\" data-autoplayspeed=\"2500\" data-autoplaypause=\"no\" data-loop=\"yes\" data-columns=\"5\" data-columnsmedium=\"1\" data-columnssmall=\"1\" data-itemmargin=\"13\" data-itemwidth=\"180\" data-touchscroll=\"no\" data-freemode=\"no\" data-imagesize=\"fixed\" data-scrollitems=\"0\" data-scrollitems-medium=\"0\" data-scrollitems-small=\"0\" data-centeredslides=\"no\" data-rotationangle=\"50\" data-depth=\"100\" data-speed=\"500\" data-shadow=\"no\" data-pagination=\"bullets\" style=\"--awb-dots-align:center;\"><div class=\"swiper-wrapper awb-image-carousel-wrapper fusion-flex-align-items-center\"><div class=\"swiper-slide\"><div class=\"fusion-carousel-item-wrapper\"><div class=\"fusion-image-wrapper hover-type-none\"><a data-rel=\"iLightbox[image_carousel_1]\" data-title=\"20260317_140659 (M\u00e9dia)\" aria-label=\"20260317_140659 (M\u00e9dia)\" href=\"http:\/\/www.uni-r.pt\/wp-content\/uploads\/2026\/03\/20260317_140659-Media.jpg\" target=\"_self\"><img decoding=\"async\" width=\"320\" height=\"202\" src=\"https:\/\/www.uni-r.pt\/wp-content\/uploads\/2026\/03\/20260317_140659-Media-320x202.jpg\" class=\"attachment-blog-medium size-blog-medium\" alt=\"\" \/><\/a><\/div><\/div><\/div><div class=\"swiper-slide\"><div class=\"fusion-carousel-item-wrapper\"><div class=\"fusion-image-wrapper hover-type-none\"><a data-rel=\"iLightbox[image_carousel_1]\" data-title=\"20260317_141427 (M\u00e9dia)\" aria-label=\"20260317_141427 (M\u00e9dia)\" href=\"http:\/\/www.uni-r.pt\/wp-content\/uploads\/2026\/03\/20260317_141427-Media.jpg\" target=\"_self\"><img decoding=\"async\" width=\"320\" height=\"202\" src=\"https:\/\/www.uni-r.pt\/wp-content\/uploads\/2026\/03\/20260317_141427-Media-320x202.jpg\" class=\"attachment-blog-medium size-blog-medium\" alt=\"\" \/><\/a><\/div><\/div><\/div><div class=\"swiper-slide\"><div class=\"fusion-carousel-item-wrapper\"><div class=\"fusion-image-wrapper hover-type-none\"><a data-rel=\"iLightbox[image_carousel_1]\" data-title=\"20260317_141440 (M\u00e9dia)\" aria-label=\"20260317_141440 (M\u00e9dia)\" href=\"http:\/\/www.uni-r.pt\/wp-content\/uploads\/2026\/03\/20260317_141440-Media.jpg\" target=\"_self\"><img decoding=\"async\" width=\"320\" height=\"202\" src=\"https:\/\/www.uni-r.pt\/wp-content\/uploads\/2026\/03\/20260317_141440-Media-320x202.jpg\" class=\"attachment-blog-medium size-blog-medium\" alt=\"\" \/><\/a><\/div><\/div><\/div><div class=\"swiper-slide\"><div class=\"fusion-carousel-item-wrapper\"><div class=\"fusion-image-wrapper hover-type-none\"><a data-rel=\"iLightbox[image_carousel_1]\" data-title=\"20260317_141519 (M\u00e9dia)\" aria-label=\"20260317_141519 (M\u00e9dia)\" href=\"http:\/\/www.uni-r.pt\/wp-content\/uploads\/2026\/03\/20260317_141519-Media.jpg\" target=\"_self\"><img decoding=\"async\" width=\"320\" height=\"202\" src=\"https:\/\/www.uni-r.pt\/wp-content\/uploads\/2026\/03\/20260317_141519-Media-320x202.jpg\" class=\"attachment-blog-medium size-blog-medium\" alt=\"\" \/><\/a><\/div><\/div><\/div><div class=\"swiper-slide\"><div class=\"fusion-carousel-item-wrapper\"><div class=\"fusion-image-wrapper hover-type-none\"><a data-rel=\"iLightbox[image_carousel_1]\" data-title=\"20260317_142340 (M\u00e9dia)\" aria-label=\"20260317_142340 (M\u00e9dia)\" href=\"http:\/\/www.uni-r.pt\/wp-content\/uploads\/2026\/03\/20260317_142340-Media.jpg\" target=\"_self\"><img decoding=\"async\" width=\"320\" height=\"202\" src=\"https:\/\/www.uni-r.pt\/wp-content\/uploads\/2026\/03\/20260317_142340-Media-320x202.jpg\" class=\"attachment-blog-medium size-blog-medium\" alt=\"\" \/><\/a><\/div><\/div><\/div><div class=\"swiper-slide\"><div class=\"fusion-carousel-item-wrapper\"><div class=\"fusion-image-wrapper hover-type-none\"><a data-rel=\"iLightbox[image_carousel_1]\" data-title=\"20260317_142409 (M\u00e9dia)\" aria-label=\"20260317_142409 (M\u00e9dia)\" href=\"http:\/\/www.uni-r.pt\/wp-content\/uploads\/2026\/03\/20260317_142409-Media.jpg\" target=\"_self\"><img decoding=\"async\" width=\"320\" height=\"202\" src=\"https:\/\/www.uni-r.pt\/wp-content\/uploads\/2026\/03\/20260317_142409-Media-320x202.jpg\" class=\"attachment-blog-medium size-blog-medium\" alt=\"\" \/><\/a><\/div><\/div><\/div><div class=\"swiper-slide\"><div class=\"fusion-carousel-item-wrapper\"><div class=\"fusion-image-wrapper hover-type-none\"><a data-rel=\"iLightbox[image_carousel_1]\" data-title=\"20260317_142437 (M\u00e9dia)\" aria-label=\"20260317_142437 (M\u00e9dia)\" href=\"http:\/\/www.uni-r.pt\/wp-content\/uploads\/2026\/03\/20260317_142437-Media.jpg\" target=\"_self\"><img decoding=\"async\" width=\"320\" height=\"202\" src=\"https:\/\/www.uni-r.pt\/wp-content\/uploads\/2026\/03\/20260317_142437-Media-320x202.jpg\" class=\"attachment-blog-medium size-blog-medium\" alt=\"\" \/><\/a><\/div><\/div><\/div><div class=\"swiper-slide\"><div class=\"fusion-carousel-item-wrapper\"><div class=\"fusion-image-wrapper hover-type-none\"><a data-rel=\"iLightbox[image_carousel_1]\" data-title=\"20260317_142523 (M\u00e9dia)\" aria-label=\"20260317_142523 (M\u00e9dia)\" href=\"http:\/\/www.uni-r.pt\/wp-content\/uploads\/2026\/03\/20260317_142523-Media.jpg\" target=\"_self\"><img decoding=\"async\" width=\"320\" height=\"202\" src=\"https:\/\/www.uni-r.pt\/wp-content\/uploads\/2026\/03\/20260317_142523-Media-320x202.jpg\" class=\"attachment-blog-medium size-blog-medium\" alt=\"\" \/><\/a><\/div><\/div><\/div><div class=\"swiper-slide\"><div class=\"fusion-carousel-item-wrapper\"><div class=\"fusion-image-wrapper hover-type-none\"><a data-rel=\"iLightbox[image_carousel_1]\" data-title=\"20260317_142533 (M\u00e9dia)\" aria-label=\"20260317_142533 (M\u00e9dia)\" href=\"http:\/\/www.uni-r.pt\/wp-content\/uploads\/2026\/03\/20260317_142533-Media.jpg\" target=\"_self\"><img decoding=\"async\" width=\"320\" height=\"202\" src=\"https:\/\/www.uni-r.pt\/wp-content\/uploads\/2026\/03\/20260317_142533-Media-320x202.jpg\" class=\"attachment-blog-medium size-blog-medium\" alt=\"\" \/><\/a><\/div><\/div><\/div><div class=\"swiper-slide\"><div class=\"fusion-carousel-item-wrapper\"><div class=\"fusion-image-wrapper hover-type-none\"><a data-rel=\"iLightbox[image_carousel_1]\" data-title=\"20260317_142755 (M\u00e9dia)\" aria-label=\"20260317_142755 (M\u00e9dia)\" href=\"http:\/\/www.uni-r.pt\/wp-content\/uploads\/2026\/03\/20260317_142755-Media-rotated.jpg\" target=\"_self\"><img decoding=\"async\" width=\"320\" height=\"202\" src=\"https:\/\/www.uni-r.pt\/wp-content\/uploads\/2026\/03\/20260317_142755-Media-320x202.jpg\" class=\"attachment-blog-medium size-blog-medium\" alt=\"\" \/><\/a><\/div><\/div><\/div><div class=\"swiper-slide\"><div class=\"fusion-carousel-item-wrapper\"><div class=\"fusion-image-wrapper hover-type-none\"><a data-rel=\"iLightbox[image_carousel_1]\" data-title=\"20260317_144429 (M\u00e9dia)\" aria-label=\"20260317_144429 (M\u00e9dia)\" href=\"http:\/\/www.uni-r.pt\/wp-content\/uploads\/2026\/03\/20260317_144429-Media.jpg\" target=\"_self\"><img decoding=\"async\" width=\"320\" height=\"202\" src=\"https:\/\/www.uni-r.pt\/wp-content\/uploads\/2026\/03\/20260317_144429-Media-320x202.jpg\" class=\"attachment-blog-medium size-blog-medium\" alt=\"\" \/><\/a><\/div><\/div><\/div><div class=\"swiper-slide\"><div class=\"fusion-carousel-item-wrapper\"><div class=\"fusion-image-wrapper hover-type-none\"><a data-rel=\"iLightbox[image_carousel_1]\" data-title=\"IMG_1453 (M\u00e9dia)\" aria-label=\"IMG_1453 (M\u00e9dia)\" href=\"http:\/\/www.uni-r.pt\/wp-content\/uploads\/2026\/03\/IMG_1453-Media-rotated.jpg\" target=\"_self\"><img decoding=\"async\" width=\"320\" height=\"202\" src=\"https:\/\/www.uni-r.pt\/wp-content\/uploads\/2026\/03\/IMG_1453-Media-320x202.jpg\" class=\"attachment-blog-medium size-blog-medium\" alt=\"\" \/><\/a><\/div><\/div><\/div><div class=\"swiper-slide\"><div class=\"fusion-carousel-item-wrapper\"><div class=\"fusion-image-wrapper hover-type-none\"><a data-rel=\"iLightbox[image_carousel_1]\" data-title=\"IMG_E1455 (M\u00e9dia)\" aria-label=\"IMG_E1455 (M\u00e9dia)\" href=\"http:\/\/www.uni-r.pt\/wp-content\/uploads\/2026\/03\/IMG_E1455-Media.jpg\" target=\"_self\"><img decoding=\"async\" width=\"320\" height=\"202\" src=\"https:\/\/www.uni-r.pt\/wp-content\/uploads\/2026\/03\/IMG_E1455-Media-320x202.jpg\" class=\"attachment-blog-medium size-blog-medium\" alt=\"\" \/><\/a><\/div><\/div><\/div><div class=\"swiper-slide\"><div class=\"fusion-carousel-item-wrapper\"><div class=\"fusion-image-wrapper hover-type-none\"><a data-rel=\"iLightbox[image_carousel_1]\" data-title=\"IMG_E1461 (M\u00e9dia)\" aria-label=\"IMG_E1461 (M\u00e9dia)\" href=\"http:\/\/www.uni-r.pt\/wp-content\/uploads\/2026\/03\/IMG_E1461-Media.jpg\" target=\"_self\"><img decoding=\"async\" width=\"320\" height=\"202\" src=\"https:\/\/www.uni-r.pt\/wp-content\/uploads\/2026\/03\/IMG_E1461-Media-320x202.jpg\" class=\"attachment-blog-medium size-blog-medium\" alt=\"\" \/><\/a><\/div><\/div><\/div><\/div><div class=\"awb-swiper-button awb-swiper-button-prev\"><i class=\"awb-icon-angle-left\" aria-hidden=\"true\"><\/i><\/div><div class=\"awb-swiper-button awb-swiper-button-next\"><i class=\"awb-icon-angle-right\" aria-hidden=\"true\"><\/i><\/div><\/div><\/div><\/div><\/div><div class=\"fusion-layout-column fusion_builder_column fusion-builder-column-1 fusion_builder_column_1_3 1_3 fusion-flex-column\" style=\"--awb-bg-size:cover;--awb-width-large:33.333333333333%;--awb-margin-top-large:0px;--awb-spacing-right-large:5.76%;--awb-margin-bottom-large:20px;--awb-spacing-left-large:5.76%;--awb-width-medium:33.333333333333%;--awb-order-medium:0;--awb-spacing-right-medium:5.76%;--awb-spacing-left-medium:5.76%;--awb-width-small:100%;--awb-order-small:0;--awb-spacing-right-small:1.92%;--awb-spacing-left-small:1.92%;\"><div class=\"fusion-column-wrapper fusion-column-has-shadow fusion-flex-justify-content-flex-start fusion-content-layout-column\"><div class=\"fusion-video fusion-selfhosted-video\" style=\"max-width:100%;\"><div class=\"video-wrapper\"><video playsinline=\"true\" width=\"100%\" style=\"object-fit: cover;\" autoplay=\"true\" muted=\"true\" loop=\"true\" preload=\"auto\" controls=\"1\"><source src=\"http:\/\/www.uni-r.pt\/wp-content\/uploads\/2026\/03\/Video-Introspecao.mp4\" type=\"video\/mp4\">Sorry, your browser doesn&#039;t support embedded videos.<\/video><\/div><\/div><\/div><\/div><\/div><\/div>\n","protected":false},"excerpt":{"rendered":"","protected":false},"author":1,"featured_media":0,"parent":0,"menu_order":0,"comment_status":"closed","ping_status":"closed","template":"100-width.php","meta":{"_acf_changed":false,"footnotes":""},"class_list":["post-1617","page","type-page","status-publish","hentry"],"acf":[],"_links":{"self":[{"href":"https:\/\/www.uni-r.pt\/index.php?rest_route=\/wp\/v2\/pages\/1617","targetHints":{"allow":["GET"]}}],"collection":[{"href":"https:\/\/www.uni-r.pt\/index.php?rest_route=\/wp\/v2\/pages"}],"about":[{"href":"https:\/\/www.uni-r.pt\/index.php?rest_route=\/wp\/v2\/types\/page"}],"author":[{"embeddable":true,"href":"https:\/\/www.uni-r.pt\/index.php?rest_route=\/wp\/v2\/users\/1"}],"replies":[{"embeddable":true,"href":"https:\/\/www.uni-r.pt\/index.php?rest_route=%2Fwp%2Fv2%2Fcomments&post=1617"}],"version-history":[{"count":9,"href":"https:\/\/www.uni-r.pt\/index.php?rest_route=\/wp\/v2\/pages\/1617\/revisions"}],"predecessor-version":[{"id":1663,"href":"https:\/\/www.uni-r.pt\/index.php?rest_route=\/wp\/v2\/pages\/1617\/revisions\/1663"}],"wp:attachment":[{"href":"https:\/\/www.uni-r.pt\/index.php?rest_route=%2Fwp%2Fv2%2Fmedia&parent=1617"}],"curies":[{"name":"wp","href":"https:\/\/api.w.org\/{rel}","templated":true}]}}