{"id":1644,"date":"2026-04-24T08:53:27","date_gmt":"2026-04-24T08:53:27","guid":{"rendered":"https:\/\/www.uni-r.pt\/?page_id=1644"},"modified":"2026-04-24T08:57:57","modified_gmt":"2026-04-24T08:57:57","slug":"o-que-nao-pode-faltar-no-bar-do-ispa","status":"publish","type":"page","link":"https:\/\/www.uni-r.pt\/?page_id=1644","title":{"rendered":"O que n\u00e3o pode faltar no Bar do Ispa?"},"content":{"rendered":"<div class=\"fusion-fullwidth fullwidth-box fusion-builder-row-1 fusion-flex-container has-pattern-background has-mask-background nonhundred-percent-fullwidth non-hundred-percent-height-scrolling\" style=\"--awb-border-radius-top-left:0px;--awb-border-radius-top-right:0px;--awb-border-radius-bottom-right:0px;--awb-border-radius-bottom-left:0px;--awb-flex-wrap:wrap;\" ><div class=\"fusion-builder-row fusion-row fusion-flex-align-items-flex-start fusion-flex-content-wrap\" style=\"max-width:1248px;margin-left: calc(-4% \/ 2 );margin-right: calc(-4% \/ 2 );\"><div class=\"fusion-layout-column fusion_builder_column fusion-builder-column-0 fusion_builder_column_2_3 2_3 fusion-flex-column\" style=\"--awb-bg-size:cover;--awb-width-large:66.666666666667%;--awb-margin-top-large:0px;--awb-spacing-right-large:2.88%;--awb-margin-bottom-large:20px;--awb-spacing-left-large:2.88%;--awb-width-medium:66.666666666667%;--awb-order-medium:0;--awb-spacing-right-medium:2.88%;--awb-spacing-left-medium:2.88%;--awb-width-small:100%;--awb-order-small:0;--awb-spacing-right-small:1.92%;--awb-spacing-left-small:1.92%;\"><div class=\"fusion-column-wrapper fusion-column-has-shadow fusion-flex-justify-content-flex-start fusion-content-layout-column\"><div class=\"fusion-text fusion-text-1\"><p>No \u00e2mbito da atividade #074, submetida nas UNI_R_BOXes, a estudante Carolina Ventura desenvolveu um question\u00e1rio para avaliar o interesse da comunidade acad\u00e9mica do Ispa pela oferta alimentar no Espa\u00e7o Malangatana. O desenvolvimento, a recolha e a an\u00e1lise destes dados foram realizados durante o segundo semestre do ano letivo de 2024\/2025, com o objetivo de apresentar propostas recolhidas aos respons\u00e1veis pela cafetaria.<\/p>\n<p style=\"padding-left: 40px;\">\u201c<em>Decidi desenvolver esta iniciativa porque acho importante captar as opini\u00f5es da comunidade acad\u00e9mica do Ispa sobre as op\u00e7\u00f5es alimentares que est\u00e3o dispon\u00edveis, sendo que as sugest\u00f5es variadas, mas simultaneamente convergentes, permitem contribuir para uma oferta de alimentos mais saud\u00e1veis.\u201d <\/em>\u2013 Carolina Ventura, estudante respons\u00e1vel pela iniciativa<\/p>\n<p>Foram recolhidos dados de 119 elementos da comunidade do Ispa, sendo a amostra constitu\u00edda por 114 estudantes (96%), 4 professores\/investigadores (3.51%) e 1 <em>alumni<\/em> (0.88%). Os dados foram recolhidos entre 5 de maio e 18 de junho de 2025, atrav\u00e9s das redes sociais e do contacto direto com a comunidade. Os resultados evidenciam a prefer\u00eancia da comunidade pela escolha de uma alimenta\u00e7\u00e3o mais saud\u00e1vel (<em>n = <\/em>105, 87.50%), vegetariana (<em>n = <\/em>72, 60%) e <i>vegan<\/i> (<em>n <\/em>= 49, 40.38%),\u00a0 com base na submiss\u00e3o de 2135 sugest\u00f5es de produtos alimentares. Para consultar detalhadamente as an\u00e1lises e os resultados obtidos, dever\u00e1 aceder ao relat\u00f3rio na \u00edntegra dispon\u00edvel no final da p\u00e1gina.<\/p>\n<p style=\"padding-left: 40px;\">\u201c<em>Posto isto, a literatura tamb\u00e9m mostra o impacto positivo do incentivo externo e institucional no aumento do consumo de frutas e vegetais, nomeadamente pela altera\u00e7\u00e3o de acessibilidade dos mesmos e dos alimentos considerados n\u00e3o saud\u00e1veis (Franco et al., 2013; Gardiner et al., 2021; Loureiro, 2004), pelo que uma iniciativa coletiva no Ispa &#8211; Instituto Universit\u00e1rio poderia causar uma mudan\u00e7a significativa e positiva nos membros da comunidade.<\/em>\u201d \u2013 excerto do \u201cRelat\u00f3rio de Alimenta\u00e7\u00e3o Saud\u00e1vel: Quem quer mais op\u00e7\u00f5es vegetarianas, <i>vegan<\/i> e saud\u00e1veis?\u201d<\/p>\n<p>O trabalho desenvolvido pela estudante Carolina Ventura evidencia a preocupa\u00e7\u00e3o e a iniciativa dos estudantes em contribuir ativamente para a sua comunidade acad\u00e9mica, de acordo com as suas necessidades, valores e ambi\u00e7\u00f5es pessoais e coletivas. Como tal, podemos esperar a concretiza\u00e7\u00e3o de mais iniciativas por parte de outros estudantes que, tal como a Carolina, ambicionam tornar a sua universidade um espa\u00e7o feito por todos e para todos!<\/p>\n<h5><a href=\"http:\/\/www.uni-r.pt\/wp-content\/uploads\/2026\/04\/Relatorio-de-Alimentacao-Saudavel.pdf\">Clica aqui para aceder ao PDF relat\u00f3rio<\/a><\/h5>\n<\/div><\/div><\/div><div class=\"fusion-layout-column fusion_builder_column fusion-builder-column-1 fusion_builder_column_1_3 1_3 fusion-flex-column\" style=\"--awb-bg-size:cover;--awb-width-large:33.333333333333%;--awb-margin-top-large:0px;--awb-spacing-right-large:5.76%;--awb-margin-bottom-large:20px;--awb-spacing-left-large:5.76%;--awb-width-medium:33.333333333333%;--awb-order-medium:0;--awb-spacing-right-medium:5.76%;--awb-spacing-left-medium:5.76%;--awb-width-small:100%;--awb-order-small:0;--awb-spacing-right-small:1.92%;--awb-spacing-left-small:1.92%;\"><div class=\"fusion-column-wrapper fusion-column-has-shadow fusion-flex-justify-content-flex-start fusion-content-layout-column\"><div class=\"fusion-video fusion-selfhosted-video\" style=\"max-width:100%;\"><div class=\"video-wrapper\"><video playsinline=\"true\" width=\"100%\" style=\"object-fit: cover;\" autoplay=\"true\" muted=\"true\" loop=\"true\" preload=\"auto\" controls=\"1\"><source src=\"http:\/\/www.uni-r.pt\/wp-content\/uploads\/2026\/04\/Video-promocional_LANCHES.mp4\" type=\"video\/mp4\">Sorry, your browser doesn&#039;t support embedded videos.<\/video><\/div><\/div><\/div><\/div><\/div><\/div>\n","protected":false},"excerpt":{"rendered":"","protected":false},"author":1,"featured_media":0,"parent":0,"menu_order":0,"comment_status":"closed","ping_status":"closed","template":"100-width.php","meta":{"_acf_changed":false,"footnotes":""},"class_list":["post-1644","page","type-page","status-publish","hentry"],"acf":[],"_links":{"self":[{"href":"https:\/\/www.uni-r.pt\/index.php?rest_route=\/wp\/v2\/pages\/1644","targetHints":{"allow":["GET"]}}],"collection":[{"href":"https:\/\/www.uni-r.pt\/index.php?rest_route=\/wp\/v2\/pages"}],"about":[{"href":"https:\/\/www.uni-r.pt\/index.php?rest_route=\/wp\/v2\/types\/page"}],"author":[{"embeddable":true,"href":"https:\/\/www.uni-r.pt\/index.php?rest_route=\/wp\/v2\/users\/1"}],"replies":[{"embeddable":true,"href":"https:\/\/www.uni-r.pt\/index.php?rest_route=%2Fwp%2Fv2%2Fcomments&post=1644"}],"version-history":[{"count":5,"href":"https:\/\/www.uni-r.pt\/index.php?rest_route=\/wp\/v2\/pages\/1644\/revisions"}],"predecessor-version":[{"id":1651,"href":"https:\/\/www.uni-r.pt\/index.php?rest_route=\/wp\/v2\/pages\/1644\/revisions\/1651"}],"wp:attachment":[{"href":"https:\/\/www.uni-r.pt\/index.php?rest_route=%2Fwp%2Fv2%2Fmedia&parent=1644"}],"curies":[{"name":"wp","href":"https:\/\/api.w.org\/{rel}","templated":true}]}}