{"id":185,"date":"2024-11-18T17:57:39","date_gmt":"2024-11-18T17:57:39","guid":{"rendered":"https:\/\/www.uni-r.pt\/?page_id=185"},"modified":"2025-01-24T10:24:44","modified_gmt":"2025-01-24T10:24:44","slug":"survey-do-bem-estar-no-ensino-superior","status":"publish","type":"page","link":"https:\/\/www.uni-r.pt\/?page_id=185","title":{"rendered":"Question\u00e1rio de Bem-Estar no Ensino Superior"},"content":{"rendered":"<div class=\"fusion-fullwidth fullwidth-box fusion-builder-row-1 fusion-flex-container has-pattern-background has-mask-background nonhundred-percent-fullwidth non-hundred-percent-height-scrolling\" style=\"--awb-border-radius-top-left:0px;--awb-border-radius-top-right:0px;--awb-border-radius-bottom-right:0px;--awb-border-radius-bottom-left:0px;--awb-flex-wrap:wrap;\" ><div class=\"fusion-builder-row fusion-row fusion-flex-align-items-flex-start fusion-flex-content-wrap\" style=\"max-width:1248px;margin-left: calc(-4% \/ 2 );margin-right: calc(-4% \/ 2 );\"><div class=\"fusion-layout-column fusion_builder_column fusion-builder-column-0 fusion_builder_column_2_3 2_3 fusion-flex-column\" style=\"--awb-bg-size:cover;--awb-width-large:66.666666666667%;--awb-margin-top-large:0px;--awb-spacing-right-large:2.88%;--awb-margin-bottom-large:20px;--awb-spacing-left-large:2.88%;--awb-width-medium:66.666666666667%;--awb-order-medium:0;--awb-spacing-right-medium:2.88%;--awb-spacing-left-medium:2.88%;--awb-width-small:100%;--awb-order-small:0;--awb-spacing-right-small:1.92%;--awb-spacing-left-small:1.92%;\"><div class=\"fusion-column-wrapper fusion-column-has-shadow fusion-flex-justify-content-flex-start fusion-content-layout-column\"><div class=\"fusion-text fusion-text-1\"><p>O \u201cQuestion\u00e1rio de Bem-Estar no Ensino Superior\u201d procura englobar um conjunto de instrumentos que pretendem estudar o bem-estar de estudantes nos v\u00e1rios dom\u00ednios da vida acad\u00e9mica no ensino superior. Partindo de um estudo de caso centrado no Ispa, o objetivo deste question\u00e1rio centra-se no desenvolvimento de um procedimento regular que permita \u00e0s Institui\u00e7\u00f5es de Ensino Superior compreender as necessidades dos estudantes e, consequentemente, desenvolver estrat\u00e9gias e iniciativas que promovam a sua integra\u00e7\u00e3o e bem-estar ao longo do percurso acad\u00e9mico.<\/p>\n<p>Neste momento, o projeto UNI_R encontra-se a analisar a adequabilidade do modelo de question\u00e1rio selecionado (T0), estando, por isso, sujeito a altera\u00e7\u00f5es e ajustamentos, de modo a resultar num produto v\u00e1lido, fi\u00e1vel e eficaz. De momento, esta proposta incorpora principalmente medidas de bem-estar psicol\u00f3gico, de estilos de vida, de dificuldades antecipadas no contexto do ensino superior e o sentimento de comunidade relativamente\u00a0\u00e0\u00a0IES.<\/p>\n<\/div><\/div><\/div><div class=\"fusion-layout-column fusion_builder_column fusion-builder-column-1 fusion_builder_column_1_3 1_3 fusion-flex-column\" style=\"--awb-bg-size:cover;--awb-width-large:33.333333333333%;--awb-margin-top-large:0px;--awb-spacing-right-large:5.76%;--awb-margin-bottom-large:20px;--awb-spacing-left-large:5.76%;--awb-width-medium:33.333333333333%;--awb-order-medium:0;--awb-spacing-right-medium:5.76%;--awb-spacing-left-medium:5.76%;--awb-width-small:100%;--awb-order-small:0;--awb-spacing-right-small:1.92%;--awb-spacing-left-small:1.92%;\"><div class=\"fusion-column-wrapper fusion-column-has-shadow fusion-flex-justify-content-flex-start fusion-content-layout-column\"><\/div><\/div><\/div><\/div>\n","protected":false},"excerpt":{"rendered":"","protected":false},"author":1,"featured_media":0,"parent":0,"menu_order":0,"comment_status":"closed","ping_status":"closed","template":"100-width.php","meta":{"_acf_changed":false,"footnotes":""},"class_list":["post-185","page","type-page","status-publish","hentry"],"acf":[],"_links":{"self":[{"href":"https:\/\/www.uni-r.pt\/index.php?rest_route=\/wp\/v2\/pages\/185","targetHints":{"allow":["GET"]}}],"collection":[{"href":"https:\/\/www.uni-r.pt\/index.php?rest_route=\/wp\/v2\/pages"}],"about":[{"href":"https:\/\/www.uni-r.pt\/index.php?rest_route=\/wp\/v2\/types\/page"}],"author":[{"embeddable":true,"href":"https:\/\/www.uni-r.pt\/index.php?rest_route=\/wp\/v2\/users\/1"}],"replies":[{"embeddable":true,"href":"https:\/\/www.uni-r.pt\/index.php?rest_route=%2Fwp%2Fv2%2Fcomments&post=185"}],"version-history":[{"count":3,"href":"https:\/\/www.uni-r.pt\/index.php?rest_route=\/wp\/v2\/pages\/185\/revisions"}],"predecessor-version":[{"id":618,"href":"https:\/\/www.uni-r.pt\/index.php?rest_route=\/wp\/v2\/pages\/185\/revisions\/618"}],"wp:attachment":[{"href":"https:\/\/www.uni-r.pt\/index.php?rest_route=%2Fwp%2Fv2%2Fmedia&parent=185"}],"curies":[{"name":"wp","href":"https:\/\/api.w.org\/{rel}","templated":true}]}}