{"id":291,"date":"2024-11-27T12:48:54","date_gmt":"2024-11-27T12:48:54","guid":{"rendered":"http:\/\/www.uni-r.pt\/?page_id=291"},"modified":"2024-11-27T19:46:57","modified_gmt":"2024-11-27T19:46:57","slug":"maria-joao-gouveia","status":"publish","type":"page","link":"https:\/\/www.uni-r.pt\/?page_id=291","title":{"rendered":"Maria Jo\u00e3o Gouveia"},"content":{"rendered":"<div class=\"fusion-fullwidth fullwidth-box fusion-builder-row-1 fusion-flex-container has-pattern-background has-mask-background nonhundred-percent-fullwidth non-hundred-percent-height-scrolling\" style=\"--awb-border-radius-top-left:0px;--awb-border-radius-top-right:0px;--awb-border-radius-bottom-right:0px;--awb-border-radius-bottom-left:0px;--awb-flex-wrap:wrap;\" ><div class=\"fusion-builder-row fusion-row fusion-flex-align-items-flex-start fusion-flex-content-wrap\" style=\"max-width:1248px;margin-left: calc(-4% \/ 2 );margin-right: calc(-4% \/ 2 );\"><div class=\"fusion-layout-column fusion_builder_column fusion-builder-column-0 fusion_builder_column_1_3 1_3 fusion-flex-column\" style=\"--awb-bg-size:cover;--awb-width-large:33.333333333333%;--awb-margin-top-large:0px;--awb-spacing-right-large:5.76%;--awb-margin-bottom-large:20px;--awb-spacing-left-large:5.76%;--awb-width-medium:33.333333333333%;--awb-order-medium:0;--awb-spacing-right-medium:5.76%;--awb-spacing-left-medium:5.76%;--awb-width-small:100%;--awb-order-small:0;--awb-spacing-right-small:1.92%;--awb-spacing-left-small:1.92%;\"><div class=\"fusion-column-wrapper fusion-column-has-shadow fusion-flex-justify-content-flex-start fusion-content-layout-column\"><div class=\"fusion-video fusion-selfhosted-video\" style=\"max-width:100%;\"><div class=\"video-wrapper\"><video playsinline=\"true\" width=\"100%\" style=\"object-fit: cover;\" autoplay=\"true\" muted=\"true\" loop=\"true\" preload=\"auto\" controls=\"1\"><source src=\"http:\/\/www.uni-r.pt\/wp-content\/uploads\/2024\/11\/03_MARIA-JOAO-GOUVEIA_PPV_corrigido.mp4\" type=\"video\/mp4\">Sorry, your browser doesn&#039;t support embedded videos.<\/video><\/div><\/div><\/div><\/div><div class=\"fusion-layout-column fusion_builder_column fusion-builder-column-1 fusion_builder_column_1_3 1_3 fusion-flex-column\" style=\"--awb-bg-size:cover;--awb-width-large:33.333333333333%;--awb-margin-top-large:0px;--awb-spacing-right-large:5.76%;--awb-margin-bottom-large:20px;--awb-spacing-left-large:5.76%;--awb-width-medium:33.333333333333%;--awb-order-medium:0;--awb-spacing-right-medium:5.76%;--awb-spacing-left-medium:5.76%;--awb-width-small:100%;--awb-order-small:0;--awb-spacing-right-small:1.92%;--awb-spacing-left-small:1.92%;\"><div class=\"fusion-column-wrapper fusion-column-has-shadow fusion-flex-justify-content-flex-start fusion-content-layout-column\"><div class=\"fusion-text fusion-text-1\" style=\"--awb-content-alignment:justify;\"><p><strong>Maria Jo\u00e3o Morais Gouveia<\/strong> \u00e9 professora Associada no Ispa onde leciona desde 1998. Atualmente desempenha fun\u00e7\u00f5es enquanto Vice-Reitora, Diretora da Escola de Psicologia e da Licenciatura em Psicologia. Com forma\u00e7\u00e3o inicial em Psicologia Social e das Organiza\u00e7\u00f5es, doutorou-se em Psicologia da Sa\u00fade \u00e1rea onde desenvolve a sua investiga\u00e7\u00e3o.<\/p>\n<p>Leciona nas \u00e1reas da Avalia\u00e7\u00e3o Psicol\u00f3gica, Psicologia do Bem-estar e Metodologias de investiga\u00e7\u00e3o tendo orientado mais de 60 teses de mestrado e de doutoramento. Trabalhou em Psicologia do Desporto e da Atividade F\u00edsica tendo estado envolvida tamb\u00e9m na investiga\u00e7\u00e3o e no desenvolvimento da oferta formativa P\u00f3s-graduada do Ispa nessa \u00e1rea.<\/p>\n<p>Desenvolve investiga\u00e7\u00e3o assente nos fatores psicossociais que afetam o bem-estar mental, os resultados de sa\u00fade e o ajustamento \u00e0 doen\u00e7a, procurando identificar os processos psicol\u00f3gicos e comportamentais atrav\u00e9s dos quais estas rela\u00e7\u00f5es se estabelecem. Tem estado envolvida em projetos de investiga\u00e7\u00e3o na sua maioria investidos no desenvolvimento de compet\u00eancias socio-emocionais e de bem-estar dos estudantes nomeadamente universit\u00e1rios.<\/p>\n<\/div><\/div><\/div><div class=\"fusion-layout-column fusion_builder_column fusion-builder-column-2 fusion_builder_column_1_3 1_3 fusion-flex-column\" style=\"--awb-bg-size:cover;--awb-width-large:33.333333333333%;--awb-margin-top-large:0px;--awb-spacing-right-large:5.76%;--awb-margin-bottom-large:20px;--awb-spacing-left-large:5.76%;--awb-width-medium:33.333333333333%;--awb-order-medium:0;--awb-spacing-right-medium:5.76%;--awb-spacing-left-medium:5.76%;--awb-width-small:100%;--awb-order-small:0;--awb-spacing-right-small:1.92%;--awb-spacing-left-small:1.92%;\"><div class=\"fusion-column-wrapper fusion-column-has-shadow fusion-flex-justify-content-flex-start fusion-content-layout-column\"><div class=\"fusion-text fusion-text-2\"><p><strong>CI\u00caNCIA ID:<\/strong><br \/>\n<a href=\"https:\/\/www.cienciavitae.pt\/6C1C-00CB-8E9A\">https:\/\/www.cienciavitae.pt\/6C1C-00CB-8E9A<\/a><\/p>\n<p><strong>ORCID:<\/strong><br \/>\n<a href=\"https:\/\/orcid.org\/0000-0002-8163-1095\">https:\/\/orcid.org\/0000-0002-8163-1095<\/a><\/p>\n<\/div><\/div><\/div><\/div><\/div>\n","protected":false},"excerpt":{"rendered":"","protected":false},"author":1,"featured_media":0,"parent":0,"menu_order":0,"comment_status":"closed","ping_status":"closed","template":"100-width.php","meta":{"_acf_changed":false,"footnotes":""},"class_list":["post-291","page","type-page","status-publish","hentry"],"acf":[],"_links":{"self":[{"href":"https:\/\/www.uni-r.pt\/index.php?rest_route=\/wp\/v2\/pages\/291","targetHints":{"allow":["GET"]}}],"collection":[{"href":"https:\/\/www.uni-r.pt\/index.php?rest_route=\/wp\/v2\/pages"}],"about":[{"href":"https:\/\/www.uni-r.pt\/index.php?rest_route=\/wp\/v2\/types\/page"}],"author":[{"embeddable":true,"href":"https:\/\/www.uni-r.pt\/index.php?rest_route=\/wp\/v2\/users\/1"}],"replies":[{"embeddable":true,"href":"https:\/\/www.uni-r.pt\/index.php?rest_route=%2Fwp%2Fv2%2Fcomments&post=291"}],"version-history":[{"count":3,"href":"https:\/\/www.uni-r.pt\/index.php?rest_route=\/wp\/v2\/pages\/291\/revisions"}],"predecessor-version":[{"id":355,"href":"https:\/\/www.uni-r.pt\/index.php?rest_route=\/wp\/v2\/pages\/291\/revisions\/355"}],"wp:attachment":[{"href":"https:\/\/www.uni-r.pt\/index.php?rest_route=%2Fwp%2Fv2%2Fmedia&parent=291"}],"curies":[{"name":"wp","href":"https:\/\/api.w.org\/{rel}","templated":true}]}}