{"id":324,"date":"2024-11-27T19:22:10","date_gmt":"2024-11-27T19:22:10","guid":{"rendered":"https:\/\/www.uni-r.pt\/?page_id=324"},"modified":"2024-11-29T16:39:37","modified_gmt":"2024-11-29T16:39:37","slug":"soraia-rodrigues","status":"publish","type":"page","link":"https:\/\/www.uni-r.pt\/?page_id=324","title":{"rendered":"Soraia Rodrigues"},"content":{"rendered":"<div class=\"fusion-fullwidth fullwidth-box fusion-builder-row-1 fusion-flex-container has-pattern-background has-mask-background nonhundred-percent-fullwidth non-hundred-percent-height-scrolling\" style=\"--awb-border-radius-top-left:0px;--awb-border-radius-top-right:0px;--awb-border-radius-bottom-right:0px;--awb-border-radius-bottom-left:0px;--awb-flex-wrap:wrap;\" ><div class=\"fusion-builder-row fusion-row fusion-flex-align-items-flex-start fusion-flex-content-wrap\" style=\"max-width:1248px;margin-left: calc(-4% \/ 2 );margin-right: calc(-4% \/ 2 );\"><div class=\"fusion-layout-column fusion_builder_column fusion-builder-column-0 fusion_builder_column_1_3 1_3 fusion-flex-column\" style=\"--awb-bg-size:cover;--awb-width-large:33.333333333333%;--awb-margin-top-large:0px;--awb-spacing-right-large:5.76%;--awb-margin-bottom-large:20px;--awb-spacing-left-large:5.76%;--awb-width-medium:33.333333333333%;--awb-order-medium:0;--awb-spacing-right-medium:5.76%;--awb-spacing-left-medium:5.76%;--awb-width-small:100%;--awb-order-small:0;--awb-spacing-right-small:1.92%;--awb-spacing-left-small:1.92%;\"><div class=\"fusion-column-wrapper fusion-column-has-shadow fusion-flex-justify-content-flex-start fusion-content-layout-column\"><div class=\"fusion-image-element \" style=\"--awb-caption-title-font-family:var(--h2_typography-font-family);--awb-caption-title-font-weight:var(--h2_typography-font-weight);--awb-caption-title-font-style:var(--h2_typography-font-style);--awb-caption-title-size:var(--h2_typography-font-size);--awb-caption-title-transform:var(--h2_typography-text-transform);--awb-caption-title-line-height:var(--h2_typography-line-height);--awb-caption-title-letter-spacing:var(--h2_typography-letter-spacing);\"><span class=\" fusion-imageframe imageframe-none imageframe-1 hover-type-none\"><img decoding=\"async\" width=\"507\" height=\"1024\" title=\"Soraia\" src=\"http:\/\/www.uni-r.pt\/wp-content\/uploads\/2024\/11\/Soraia-507x1024.jpg\" alt class=\"img-responsive wp-image-362\" srcset=\"https:\/\/www.uni-r.pt\/wp-content\/uploads\/2024\/11\/Soraia-200x404.jpg 200w, https:\/\/www.uni-r.pt\/wp-content\/uploads\/2024\/11\/Soraia-400x807.jpg 400w, https:\/\/www.uni-r.pt\/wp-content\/uploads\/2024\/11\/Soraia-600x1211.jpg 600w, https:\/\/www.uni-r.pt\/wp-content\/uploads\/2024\/11\/Soraia-800x1614.jpg 800w, https:\/\/www.uni-r.pt\/wp-content\/uploads\/2024\/11\/Soraia.jpg 944w\" sizes=\"(max-width: 640px) 100vw, 400px\" \/><\/span><\/div><\/div><\/div><div class=\"fusion-layout-column fusion_builder_column fusion-builder-column-1 fusion_builder_column_1_3 1_3 fusion-flex-column\" style=\"--awb-bg-size:cover;--awb-width-large:33.333333333333%;--awb-margin-top-large:0px;--awb-spacing-right-large:5.76%;--awb-margin-bottom-large:20px;--awb-spacing-left-large:5.76%;--awb-width-medium:33.333333333333%;--awb-order-medium:0;--awb-spacing-right-medium:5.76%;--awb-spacing-left-medium:5.76%;--awb-width-small:100%;--awb-order-small:0;--awb-spacing-right-small:1.92%;--awb-spacing-left-small:1.92%;\"><div class=\"fusion-column-wrapper fusion-column-has-shadow fusion-flex-justify-content-flex-start fusion-content-layout-column\"><div class=\"fusion-text fusion-text-1\" style=\"--awb-content-alignment:justify;\"><p><strong>Soraia Rodrigues<\/strong> \u00e9 a atual Secret\u00e1ria-Geral do Ispa \u2013 Instituto Universit\u00e1rio, cargo que ocupa desde janeiro de 2023. Formada em Filosofia pela Universidade de Lisboa, \u00e9 tamb\u00e9m mestre em Biologia Molecular em Sa\u00fade pela Escola Superior de Sa\u00fade Egas Moniz e licenciada em Anatomia Patol\u00f3gica, Citol\u00f3gica e Tanatol\u00f3gica pela ESTeSL. Come\u00e7ou o seu percurso profissional em 1998 como professora do 2.\u00ba Ciclo do Ensino B\u00e1sico e do Ensino Secund\u00e1rio.<\/p>\n<p>Em 2004 fez a transi\u00e7\u00e3o para o ensino superior, onde passou a exercer fun\u00e7\u00f5es relacionadas com os Servi\u00e7os de Gest\u00e3o Acad\u00e9mica. Entre 2007 e 2015, foi Chefe dos Servi\u00e7os Acad\u00e9micos. Em maio de 2016 inicia a sua colabora\u00e7\u00e3o com o Ispa, exercendo fun\u00e7\u00f5es de apoio e assessoria t\u00e9cnica aos \u00f3rg\u00e3os acad\u00eamicos da institui\u00e7\u00e3o, como o Conselho Cient\u00edfico e o Conselho Pedag\u00f3gico. Em 2018 \u00e9 nomeada Assistente Executiva do Gabinete de Apoio \u00e0 Reitoria e em 2023 \u00e9 nomeada para o cargo de Secret\u00e1ria-Geral, que atualmente ocupa.<\/p>\n<\/div><\/div><\/div><div class=\"fusion-layout-column fusion_builder_column fusion-builder-column-2 fusion_builder_column_1_3 1_3 fusion-flex-column\" style=\"--awb-bg-size:cover;--awb-width-large:33.333333333333%;--awb-margin-top-large:0px;--awb-spacing-right-large:5.76%;--awb-margin-bottom-large:20px;--awb-spacing-left-large:5.76%;--awb-width-medium:33.333333333333%;--awb-order-medium:0;--awb-spacing-right-medium:5.76%;--awb-spacing-left-medium:5.76%;--awb-width-small:100%;--awb-order-small:0;--awb-spacing-right-small:1.92%;--awb-spacing-left-small:1.92%;\"><div class=\"fusion-column-wrapper fusion-column-has-shadow fusion-flex-justify-content-flex-start fusion-content-layout-column\"><\/div><\/div><\/div><\/div>\n","protected":false},"excerpt":{"rendered":"","protected":false},"author":1,"featured_media":0,"parent":0,"menu_order":0,"comment_status":"closed","ping_status":"closed","template":"100-width.php","meta":{"_acf_changed":false,"footnotes":""},"class_list":["post-324","page","type-page","status-publish","hentry"],"acf":[],"_links":{"self":[{"href":"https:\/\/www.uni-r.pt\/index.php?rest_route=\/wp\/v2\/pages\/324","targetHints":{"allow":["GET"]}}],"collection":[{"href":"https:\/\/www.uni-r.pt\/index.php?rest_route=\/wp\/v2\/pages"}],"about":[{"href":"https:\/\/www.uni-r.pt\/index.php?rest_route=\/wp\/v2\/types\/page"}],"author":[{"embeddable":true,"href":"https:\/\/www.uni-r.pt\/index.php?rest_route=\/wp\/v2\/users\/1"}],"replies":[{"embeddable":true,"href":"https:\/\/www.uni-r.pt\/index.php?rest_route=%2Fwp%2Fv2%2Fcomments&post=324"}],"version-history":[{"count":4,"href":"https:\/\/www.uni-r.pt\/index.php?rest_route=\/wp\/v2\/pages\/324\/revisions"}],"predecessor-version":[{"id":364,"href":"https:\/\/www.uni-r.pt\/index.php?rest_route=\/wp\/v2\/pages\/324\/revisions\/364"}],"wp:attachment":[{"href":"https:\/\/www.uni-r.pt\/index.php?rest_route=%2Fwp%2Fv2%2Fmedia&parent=324"}],"curies":[{"name":"wp","href":"https:\/\/api.w.org\/{rel}","templated":true}]}}