{"id":518,"date":"2024-12-20T11:57:41","date_gmt":"2024-12-20T11:57:41","guid":{"rendered":"https:\/\/www.uni-r.pt\/?page_id=518"},"modified":"2025-11-11T11:24:12","modified_gmt":"2025-11-11T11:24:12","slug":"evento-de-encerramento-do-projeto-playback","status":"publish","type":"page","link":"https:\/\/www.uni-r.pt\/?page_id=518","title":{"rendered":"Evento de Encerramento do Projeto Playback"},"content":{"rendered":"<div class=\"fusion-fullwidth fullwidth-box fusion-builder-row-1 fusion-flex-container has-pattern-background has-mask-background nonhundred-percent-fullwidth non-hundred-percent-height-scrolling\" style=\"--awb-border-radius-top-left:0px;--awb-border-radius-top-right:0px;--awb-border-radius-bottom-right:0px;--awb-border-radius-bottom-left:0px;--awb-flex-wrap:wrap;\" ><div class=\"fusion-builder-row fusion-row fusion-flex-align-items-flex-start fusion-flex-content-wrap\" style=\"max-width:1248px;margin-left: calc(-4% \/ 2 );margin-right: calc(-4% \/ 2 );\"><div class=\"fusion-layout-column fusion_builder_column fusion-builder-column-0 fusion_builder_column_2_3 2_3 fusion-flex-column\" style=\"--awb-bg-size:cover;--awb-width-large:66.666666666667%;--awb-margin-top-large:0px;--awb-spacing-right-large:2.88%;--awb-margin-bottom-large:20px;--awb-spacing-left-large:2.88%;--awb-width-medium:66.666666666667%;--awb-order-medium:0;--awb-spacing-right-medium:2.88%;--awb-spacing-left-medium:2.88%;--awb-width-small:100%;--awb-order-small:0;--awb-spacing-right-small:1.92%;--awb-spacing-left-small:1.92%;\"><div class=\"fusion-column-wrapper fusion-column-has-shadow fusion-flex-justify-content-flex-start fusion-content-layout-column\"><div class=\"fusion-text fusion-text-1\" style=\"--awb-content-alignment:justify;\"><p>No passado dia 31 de Outubro, o projeto \u201cTeatro Playback Terap\u00eautico: Estudo de Impacto\u201d convidou a comunidade de estudantes, docentes e n\u00e3o docentes do Ispa, bem como a comunidade cient\u00edfica, a participar numa confer\u00eancia e num workshop sobre Teatro Playback Terap\u00eautico, organizados pelos investigadores do projeto, Ant\u00f3nio Gonzalez, do Ispa e Margarida Pedroso de Lima, da Faculdade de Psicologia e Ci\u00eancias da Educa\u00e7\u00e3o da Universidade de Coimbra.<\/p>\n<p style=\"padding-left: 40px;\"><em>\u201cO T.P.T. \u00e9 uma das mais recentes formas psicoterap\u00eauticas de grupo, usando recursos do teatro improvisado, em particular o Teatro Playback e inspirando-se no psicodrama e na dramaterapia.\u201d \u2013 <\/em>Ant\u00f3nio Gonzalez, um dos investigadores do projeto<\/p>\n<p>O projeto \u201cTeatro Playback Terap\u00eautico: Estudo de Impacto\u201d \u00e9 um projeto de investiga\u00e7\u00e3o financiado pela FCT (2022.07713.PTDC) e coordenado pela APPsyCI, que procura compreender, \u00e0 escala nacional, deste novo formato terap\u00eautico. Para tal, foram treinadas cerca de 30 pessoas como terapeutas, e iniciados mais de uma dezena de grupos em Portugal continental e ilhas.<\/p>\n<p style=\"padding-left: 40px;\"><em> &#8220;Tive poucas oportunidades de estar ligada \u00e0 \u00e1rea do teatro, das poucas que tive, nenhuma se assemelha ao que experienciei com o teatro playback. Momentos que nos tiram da zona de conforto e nos desafiam, junto a partilha de hist\u00f3rias e a representa\u00e7\u00e3o das mesmas promove um ambiente livre de express\u00e3o de emo\u00e7\u00f5es e pensamentos que nos invadem a mente.&#8221;\u00a0<\/em><em>\u2013<\/em> Sofia Pinho, Vice-Presidente da Associa\u00e7\u00e3o de Estudantes do Ispa<\/p>\n<p>Esta sess\u00e3o de encerramento foi marcada pela apresenta\u00e7\u00e3o dos principais objetivos, processos e resultados do projeto, e, durante o workshop, pela proposta de v\u00e1rias din\u00e2micas inspiradas nesta modalidade. V\u00e1rios das e dos terapeutas formadas\/os, bem como elementos do dISPArteatro, dinamizaram uma componente demonstrativa deste tipo de terapia.<\/p>\n<p>A noite, coincidente com o Halloween, prosseguiu com um jantar e um conv\u00edvio dan\u00e7ado, celebrando de forma expressiva o encerramento deste projeto de investiga\u00e7\u00e3o.<\/p>\n<\/div><div class=\"fusion-text fusion-text-2\"><h4>Outras not\u00edcias relacionadas<\/h4>\n<p><a href=\"https:\/\/www.ispa.pt\/agenda\/eventos\/encerramento-do-projeto-de-teatro-playback-terapeutico\/\">https:\/\/www.ispa.pt\/agenda\/eventos\/encerramento-do-projeto-de-teatro-playback-terapeutico\/<\/a><\/p>\n<\/div><div class=\"awb-gallery-wrapper awb-gallery-wrapper-1 button-span-no\" style=\"--more-btn-alignment:center;\"><div style=\"margin:-5px;--awb-bordersize:0px;\" class=\"fusion-gallery fusion-gallery-container fusion-grid-3 fusion-columns-total-4 fusion-gallery-layout-grid fusion-gallery-1\"><div style=\"padding:5px;\" class=\"fusion-grid-column fusion-gallery-column fusion-gallery-column-3 hover-type-none\"><div class=\"fusion-gallery-image\"><a href=\"https:\/\/www.uni-r.pt\/wp-content\/uploads\/2025\/02\/image00001-scaled.jpeg\" rel=\"noreferrer\" data-rel=\"iLightbox[gallery_image_1]\" class=\"fusion-lightbox\" target=\"_self\"><img decoding=\"async\" src=\"https:\/\/www.uni-r.pt\/wp-content\/uploads\/2025\/02\/image00001-scaled.jpeg\" width=\"1920\" height=\"2560\" alt=\"\" title=\"image00001\" aria-label=\"image00001\" class=\"img-responsive wp-image-746\" srcset=\"https:\/\/www.uni-r.pt\/wp-content\/uploads\/2025\/02\/image00001-200x267.jpeg 200w, https:\/\/www.uni-r.pt\/wp-content\/uploads\/2025\/02\/image00001-400x533.jpeg 400w, https:\/\/www.uni-r.pt\/wp-content\/uploads\/2025\/02\/image00001-600x800.jpeg 600w, https:\/\/www.uni-r.pt\/wp-content\/uploads\/2025\/02\/image00001-800x1067.jpeg 800w, https:\/\/www.uni-r.pt\/wp-content\/uploads\/2025\/02\/image00001-1200x1600.jpeg 1200w, https:\/\/www.uni-r.pt\/wp-content\/uploads\/2025\/02\/image00001-scaled.jpeg 1920w\" sizes=\"(min-width: 2200px) 100vw, (min-width: 784px) 397px, (min-width: 712px) 595px, (min-width: 640px) 712px, \" \/><\/a><\/div><\/div><div style=\"padding:5px;\" class=\"fusion-grid-column fusion-gallery-column fusion-gallery-column-3 hover-type-none\"><div class=\"fusion-gallery-image\"><a href=\"https:\/\/www.uni-r.pt\/wp-content\/uploads\/2025\/02\/image00002-scaled.jpeg\" rel=\"noreferrer\" data-rel=\"iLightbox[gallery_image_1]\" class=\"fusion-lightbox\" target=\"_self\"><img decoding=\"async\" src=\"https:\/\/www.uni-r.pt\/wp-content\/uploads\/2025\/02\/image00002-scaled.jpeg\" width=\"2560\" height=\"1920\" alt=\"\" title=\"image00002\" aria-label=\"image00002\" class=\"img-responsive wp-image-747\" srcset=\"https:\/\/www.uni-r.pt\/wp-content\/uploads\/2025\/02\/image00002-200x150.jpeg 200w, https:\/\/www.uni-r.pt\/wp-content\/uploads\/2025\/02\/image00002-400x300.jpeg 400w, https:\/\/www.uni-r.pt\/wp-content\/uploads\/2025\/02\/image00002-600x450.jpeg 600w, https:\/\/www.uni-r.pt\/wp-content\/uploads\/2025\/02\/image00002-800x600.jpeg 800w, https:\/\/www.uni-r.pt\/wp-content\/uploads\/2025\/02\/image00002-1200x900.jpeg 1200w, https:\/\/www.uni-r.pt\/wp-content\/uploads\/2025\/02\/image00002-scaled.jpeg 2560w\" sizes=\"(min-width: 2200px) 100vw, (min-width: 784px) 397px, (min-width: 712px) 595px, (min-width: 640px) 712px, \" \/><\/a><\/div><\/div><div style=\"padding:5px;\" class=\"fusion-grid-column fusion-gallery-column fusion-gallery-column-3 hover-type-none\"><div class=\"fusion-gallery-image\"><a href=\"https:\/\/www.uni-r.pt\/wp-content\/uploads\/2025\/02\/image00003-scaled.jpeg\" rel=\"noreferrer\" data-rel=\"iLightbox[gallery_image_1]\" class=\"fusion-lightbox\" target=\"_self\"><img decoding=\"async\" src=\"https:\/\/www.uni-r.pt\/wp-content\/uploads\/2025\/02\/image00003-scaled.jpeg\" width=\"2560\" height=\"1920\" alt=\"\" title=\"image00003\" aria-label=\"image00003\" class=\"img-responsive wp-image-748\" srcset=\"https:\/\/www.uni-r.pt\/wp-content\/uploads\/2025\/02\/image00003-200x150.jpeg 200w, https:\/\/www.uni-r.pt\/wp-content\/uploads\/2025\/02\/image00003-400x300.jpeg 400w, https:\/\/www.uni-r.pt\/wp-content\/uploads\/2025\/02\/image00003-600x450.jpeg 600w, https:\/\/www.uni-r.pt\/wp-content\/uploads\/2025\/02\/image00003-800x600.jpeg 800w, https:\/\/www.uni-r.pt\/wp-content\/uploads\/2025\/02\/image00003-1200x900.jpeg 1200w, https:\/\/www.uni-r.pt\/wp-content\/uploads\/2025\/02\/image00003-scaled.jpeg 2560w\" sizes=\"(min-width: 2200px) 100vw, (min-width: 784px) 397px, (min-width: 712px) 595px, (min-width: 640px) 712px, \" \/><\/a><\/div><\/div><div class=\"clearfix\"><\/div><div style=\"padding:5px;\" class=\"fusion-grid-column fusion-gallery-column fusion-gallery-column-3 hover-type-none\"><div class=\"fusion-gallery-image\"><a href=\"https:\/\/www.uni-r.pt\/wp-content\/uploads\/2025\/02\/image00004-scaled.jpeg\" rel=\"noreferrer\" data-rel=\"iLightbox[gallery_image_1]\" class=\"fusion-lightbox\" target=\"_self\"><img decoding=\"async\" src=\"https:\/\/www.uni-r.pt\/wp-content\/uploads\/2025\/02\/image00004-scaled.jpeg\" width=\"2560\" height=\"1920\" alt=\"\" title=\"image00004\" aria-label=\"image00004\" class=\"img-responsive wp-image-749\" srcset=\"https:\/\/www.uni-r.pt\/wp-content\/uploads\/2025\/02\/image00004-200x150.jpeg 200w, https:\/\/www.uni-r.pt\/wp-content\/uploads\/2025\/02\/image00004-400x300.jpeg 400w, https:\/\/www.uni-r.pt\/wp-content\/uploads\/2025\/02\/image00004-600x450.jpeg 600w, https:\/\/www.uni-r.pt\/wp-content\/uploads\/2025\/02\/image00004-800x600.jpeg 800w, https:\/\/www.uni-r.pt\/wp-content\/uploads\/2025\/02\/image00004-1200x900.jpeg 1200w, https:\/\/www.uni-r.pt\/wp-content\/uploads\/2025\/02\/image00004-scaled.jpeg 2560w\" sizes=\"(min-width: 2200px) 100vw, (min-width: 784px) 397px, (min-width: 712px) 595px, (min-width: 640px) 712px, \" \/><\/a><\/div><\/div><\/div><\/div><\/div><\/div><div class=\"fusion-layout-column fusion_builder_column fusion-builder-column-1 fusion_builder_column_1_3 1_3 fusion-flex-column\" style=\"--awb-bg-size:cover;--awb-width-large:33.333333333333%;--awb-margin-top-large:0px;--awb-spacing-right-large:5.76%;--awb-margin-bottom-large:20px;--awb-spacing-left-large:5.76%;--awb-width-medium:33.333333333333%;--awb-order-medium:0;--awb-spacing-right-medium:5.76%;--awb-spacing-left-medium:5.76%;--awb-width-small:100%;--awb-order-small:0;--awb-spacing-right-small:1.92%;--awb-spacing-left-small:1.92%;\"><div class=\"fusion-column-wrapper fusion-column-has-shadow fusion-flex-justify-content-flex-start fusion-content-layout-column\"><div class=\"fusion-image-element \" style=\"--awb-caption-title-font-family:var(--h2_typography-font-family);--awb-caption-title-font-weight:var(--h2_typography-font-weight);--awb-caption-title-font-style:var(--h2_typography-font-style);--awb-caption-title-size:var(--h2_typography-font-size);--awb-caption-title-transform:var(--h2_typography-text-transform);--awb-caption-title-line-height:var(--h2_typography-line-height);--awb-caption-title-letter-spacing:var(--h2_typography-letter-spacing);\"><span class=\" fusion-imageframe imageframe-none imageframe-1 hover-type-none\"><img decoding=\"async\" width=\"600\" height=\"848\" title=\"Playback\" src=\"http:\/\/www.uni-r.pt\/wp-content\/uploads\/2024\/12\/Playback-600x848.png\" alt class=\"img-responsive wp-image-520\" srcset=\"https:\/\/www.uni-r.pt\/wp-content\/uploads\/2024\/12\/Playback-200x283.png 200w, https:\/\/www.uni-r.pt\/wp-content\/uploads\/2024\/12\/Playback-400x565.png 400w, https:\/\/www.uni-r.pt\/wp-content\/uploads\/2024\/12\/Playback-600x848.png 600w, https:\/\/www.uni-r.pt\/wp-content\/uploads\/2024\/12\/Playback-800x1131.png 800w, https:\/\/www.uni-r.pt\/wp-content\/uploads\/2024\/12\/Playback.png 842w\" sizes=\"(max-width: 640px) 100vw, 400px\" \/><\/span><\/div><\/div><\/div><\/div><\/div>\n","protected":false},"excerpt":{"rendered":"","protected":false},"author":1,"featured_media":0,"parent":0,"menu_order":0,"comment_status":"closed","ping_status":"closed","template":"100-width.php","meta":{"_acf_changed":false,"footnotes":""},"class_list":["post-518","page","type-page","status-publish","hentry"],"acf":[],"_links":{"self":[{"href":"https:\/\/www.uni-r.pt\/index.php?rest_route=\/wp\/v2\/pages\/518","targetHints":{"allow":["GET"]}}],"collection":[{"href":"https:\/\/www.uni-r.pt\/index.php?rest_route=\/wp\/v2\/pages"}],"about":[{"href":"https:\/\/www.uni-r.pt\/index.php?rest_route=\/wp\/v2\/types\/page"}],"author":[{"embeddable":true,"href":"https:\/\/www.uni-r.pt\/index.php?rest_route=\/wp\/v2\/users\/1"}],"replies":[{"embeddable":true,"href":"https:\/\/www.uni-r.pt\/index.php?rest_route=%2Fwp%2Fv2%2Fcomments&post=518"}],"version-history":[{"count":6,"href":"https:\/\/www.uni-r.pt\/index.php?rest_route=\/wp\/v2\/pages\/518\/revisions"}],"predecessor-version":[{"id":1451,"href":"https:\/\/www.uni-r.pt\/index.php?rest_route=\/wp\/v2\/pages\/518\/revisions\/1451"}],"wp:attachment":[{"href":"https:\/\/www.uni-r.pt\/index.php?rest_route=%2Fwp%2Fv2%2Fmedia&parent=518"}],"curies":[{"name":"wp","href":"https:\/\/api.w.org\/{rel}","templated":true}]}}