{"id":573,"date":"2025-01-06T15:31:13","date_gmt":"2025-01-06T15:31:13","guid":{"rendered":"http:\/\/www.uni-r.pt\/?page_id=573"},"modified":"2025-11-19T11:46:17","modified_gmt":"2025-11-19T11:46:17","slug":"youth-participation-and-empowerment","status":"publish","type":"page","link":"https:\/\/www.uni-r.pt\/?page_id=573","title":{"rendered":"Youth Participation and Empowerment"},"content":{"rendered":"<div class=\"fusion-fullwidth fullwidth-box fusion-builder-row-1 fusion-flex-container has-pattern-background has-mask-background nonhundred-percent-fullwidth non-hundred-percent-height-scrolling\" style=\"--awb-border-radius-top-left:0px;--awb-border-radius-top-right:0px;--awb-border-radius-bottom-right:0px;--awb-border-radius-bottom-left:0px;--awb-flex-wrap:wrap;\" ><div class=\"fusion-builder-row fusion-row fusion-flex-align-items-flex-start fusion-flex-content-wrap\" style=\"max-width:1248px;margin-left: calc(-4% \/ 2 );margin-right: calc(-4% \/ 2 );\"><div class=\"fusion-layout-column fusion_builder_column fusion-builder-column-0 fusion_builder_column_2_3 2_3 fusion-flex-column\" style=\"--awb-bg-size:cover;--awb-width-large:66.666666666667%;--awb-margin-top-large:0px;--awb-spacing-right-large:2.88%;--awb-margin-bottom-large:20px;--awb-spacing-left-large:2.88%;--awb-width-medium:66.666666666667%;--awb-order-medium:0;--awb-spacing-right-medium:2.88%;--awb-spacing-left-medium:2.88%;--awb-width-small:100%;--awb-order-small:0;--awb-spacing-right-small:1.92%;--awb-spacing-left-small:1.92%;\"><div class=\"fusion-column-wrapper fusion-column-has-shadow fusion-flex-justify-content-flex-start fusion-content-layout-column\"><div class=\"fusion-text fusion-text-1\"><p>No passado dia 16 de Dezembro, a equipa do projeto UNI_R e da APPsyCI decidiu organizar um breve workshop online sobre o tema \u201cYouth Participation and Empowerment\u201d com a participa\u00e7\u00e3o especial do Professor Brian D. Christens (https:\/\/peabody.vanderbilt.edu\/bio\/?pid=brian-christens), doutorado em Investiga\u00e7\u00e3o e A\u00e7\u00e3o Comunit\u00e1ria e docente na Vanderbilt University, nos Estados Unidos da Am\u00e9rica.<\/p>\n<p>Durante a sua apresenta\u00e7\u00e3o, o Professor Brian D. Christens abordou a import\u00e2ncia e a necessidade das popula\u00e7\u00f5es mais jovens assumirem um papel ativo e colaborativo na mudan\u00e7a das comunidades e institui\u00e7\u00f5es nas quais est\u00e3o inseridas, assim como o papel que a investiga\u00e7\u00e3o pode desempenhar nestes percursos. Neste sentido, apresentou ainda estrat\u00e9gias e mecanismos eficazes que auxiliassem os mais jovens a integrar estes pap\u00e9is na sociedade.<\/p>\n<p style=\"padding-left: 40px;\"><em>\u201cA experi\u00eancia no workshop online com o Professor Brian foi fascinante! Permitiu-me saber mais sobre o YPAR e o Empowerment, para al\u00e9m de me dar a conhecer novos modelos e formas de abordar a participa\u00e7\u00e3o dos jovens. Para al\u00e9m disto, os estudos de caso foram muito interessantes, sendo eles at\u00e9 uma inspira\u00e7\u00e3o do que poder\u00edamos ter no nosso pa\u00eds. Estes tipos de workshop ajudam imenso no nosso conhecimento, tanto acad\u00e9mico como pessoal, despertando, tamb\u00e9m, o interesse em investigar, aprender e descobrir mais com os jovens.\u201d \u2013 Daniela Primoroso, 2\u00ba ano da Licenciatura em Psicologia<br \/>\n<\/em><\/p>\n<p style=\"padding-left: 40px;\"><em>O workshop &#8220;Youth Participation and Empowerment&#8221; revelou-se especialmente relevante no meu percurso acad\u00e9mico atual, n\u00e3o apenas pela liga\u00e7\u00e3o direta \u00e0 disserta\u00e7\u00e3o que estou a desenvolver nesta \u00e1rea, mas tamb\u00e9m pela minha viv\u00eancia como jovem e participante ativo na comunidade. Para al\u00e9m de fornecer conte\u00fados cruciais para a minha forma\u00e7\u00e3o e para a estrutura\u00e7\u00e3o do meu projeto de disserta\u00e7\u00e3o, este workshop trouxe reflex\u00f5es valiosas que orientaram a sua elabora\u00e7\u00e3o. Paralelamente, proporcionou-me uma plataforma para expressar a minha voz enquanto jovem com uma experi\u00eancia prolongada em movimentos juvenis, ao mesmo tempo que apresentou estrat\u00e9gias e boas pr\u00e1ticas que posso aplicar de forma concreta no contexto dessas iniciativas.&#8221; &#8211; Nuno Carvalho, estudante de Doutoramento<\/em><\/p>\n<p>O workshop decorreu de forma bastante participativa numa troca constante de experi\u00eancias por parte da plateia e do orador, que permitiu uma melhor clarifica\u00e7\u00e3o dos conceitos e quest\u00f5es apresentadas. Esta foi uma iniciativa que permitiu aos estudantes do Ispa compreender que, junto do projeto UNI_R, tamb\u00e9m eles t\u00eam um papel ativo na mudan\u00e7a da sua universidade!<\/p>\n<\/div><div class=\"fusion-image-carousel fusion-image-carousel-auto fusion-image-carousel-1 lightbox-enabled fusion-carousel-border\"><div class=\"awb-carousel awb-swiper awb-swiper-carousel awb-carousel--carousel awb-swiper-dots-position-bottom\" data-layout=\"carousel\" data-autoplay=\"no\" data-autoplayspeed=\"2500\" data-autoplaypause=\"no\" data-loop=\"yes\" data-columns=\"5\" data-columnsmedium=\"1\" data-columnssmall=\"1\" data-itemmargin=\"13\" data-itemwidth=\"180\" data-touchscroll=\"no\" data-freemode=\"no\" data-imagesize=\"auto\" data-scrollitems=\"0\" data-centeredslides=\"no\" data-rotationangle=\"50\" data-depth=\"100\" data-speed=\"500\" data-shadow=\"no\" data-pagination=\"bullets\" style=\"--awb-border-width:1px;--awb-border-color:#e9eaee;\"><div class=\"swiper-wrapper awb-image-carousel-wrapper fusion-flex-align-items-center\"><div class=\"swiper-slide\"><div class=\"fusion-carousel-item-wrapper\"><div class=\"fusion-image-wrapper hover-type-none\"><a data-rel=\"iLightbox[image_carousel_1]\" data-title=\"WhatsApp Image 2024-12-16 at 17.30.17\" aria-label=\"WhatsApp Image 2024-12-16 at 17.30.17\" href=\"http:\/\/www.uni-r.pt\/wp-content\/uploads\/2025\/01\/WhatsApp-Image-2024-12-16-at-17.30.17.jpeg\" target=\"_self\"><img decoding=\"async\" width=\"1438\" height=\"851\" src=\"https:\/\/www.uni-r.pt\/wp-content\/uploads\/2025\/01\/WhatsApp-Image-2024-12-16-at-17.30.17.jpeg\" class=\"attachment-full size-full\" alt=\"\" srcset=\"https:\/\/www.uni-r.pt\/wp-content\/uploads\/2025\/01\/WhatsApp-Image-2024-12-16-at-17.30.17-200x118.jpeg 200w, https:\/\/www.uni-r.pt\/wp-content\/uploads\/2025\/01\/WhatsApp-Image-2024-12-16-at-17.30.17-400x237.jpeg 400w, https:\/\/www.uni-r.pt\/wp-content\/uploads\/2025\/01\/WhatsApp-Image-2024-12-16-at-17.30.17-600x355.jpeg 600w, https:\/\/www.uni-r.pt\/wp-content\/uploads\/2025\/01\/WhatsApp-Image-2024-12-16-at-17.30.17-800x473.jpeg 800w, https:\/\/www.uni-r.pt\/wp-content\/uploads\/2025\/01\/WhatsApp-Image-2024-12-16-at-17.30.17-1200x710.jpeg 1200w, https:\/\/www.uni-r.pt\/wp-content\/uploads\/2025\/01\/WhatsApp-Image-2024-12-16-at-17.30.17.jpeg 1438w\" sizes=\"(min-width: 2200px) 100vw, (min-width: 928px) 230px, (min-width: 856px) 287px, (min-width: 784px) 383px, (min-width: 712px) 574px, (min-width: 640px) 712px, \" \/><\/a><\/div><\/div><\/div><div class=\"swiper-slide\"><div class=\"fusion-carousel-item-wrapper\"><div class=\"fusion-image-wrapper hover-type-none\"><a data-rel=\"iLightbox[image_carousel_1]\" data-title=\"WhatsApp Image 2024-12-16 at 16.04.30\" aria-label=\"WhatsApp Image 2024-12-16 at 16.04.30\" href=\"http:\/\/www.uni-r.pt\/wp-content\/uploads\/2025\/01\/WhatsApp-Image-2024-12-16-at-16.04.30.jpeg\" target=\"_self\"><img decoding=\"async\" width=\"1600\" height=\"571\" src=\"https:\/\/www.uni-r.pt\/wp-content\/uploads\/2025\/01\/WhatsApp-Image-2024-12-16-at-16.04.30.jpeg\" class=\"attachment-full size-full\" alt=\"\" srcset=\"https:\/\/www.uni-r.pt\/wp-content\/uploads\/2025\/01\/WhatsApp-Image-2024-12-16-at-16.04.30-200x71.jpeg 200w, https:\/\/www.uni-r.pt\/wp-content\/uploads\/2025\/01\/WhatsApp-Image-2024-12-16-at-16.04.30-400x143.jpeg 400w, https:\/\/www.uni-r.pt\/wp-content\/uploads\/2025\/01\/WhatsApp-Image-2024-12-16-at-16.04.30-600x214.jpeg 600w, https:\/\/www.uni-r.pt\/wp-content\/uploads\/2025\/01\/WhatsApp-Image-2024-12-16-at-16.04.30-800x286.jpeg 800w, https:\/\/www.uni-r.pt\/wp-content\/uploads\/2025\/01\/WhatsApp-Image-2024-12-16-at-16.04.30-1200x428.jpeg 1200w, https:\/\/www.uni-r.pt\/wp-content\/uploads\/2025\/01\/WhatsApp-Image-2024-12-16-at-16.04.30.jpeg 1600w\" sizes=\"(min-width: 2200px) 100vw, (min-width: 928px) 230px, (min-width: 856px) 287px, (min-width: 784px) 383px, (min-width: 712px) 574px, (min-width: 640px) 712px, \" \/><\/a><\/div><\/div><\/div><div class=\"swiper-slide\"><div class=\"fusion-carousel-item-wrapper\"><div class=\"fusion-image-wrapper hover-type-none\"><a data-rel=\"iLightbox[image_carousel_1]\" data-title=\"WhatsApp Image 2024-12-16 at 16.05.12\" aria-label=\"WhatsApp Image 2024-12-16 at 16.05.12\" href=\"http:\/\/www.uni-r.pt\/wp-content\/uploads\/2025\/01\/WhatsApp-Image-2024-12-16-at-16.05.12.jpeg\" target=\"_self\"><img decoding=\"async\" width=\"1600\" height=\"630\" src=\"https:\/\/www.uni-r.pt\/wp-content\/uploads\/2025\/01\/WhatsApp-Image-2024-12-16-at-16.05.12.jpeg\" class=\"attachment-full size-full\" alt=\"\" srcset=\"https:\/\/www.uni-r.pt\/wp-content\/uploads\/2025\/01\/WhatsApp-Image-2024-12-16-at-16.05.12-200x79.jpeg 200w, https:\/\/www.uni-r.pt\/wp-content\/uploads\/2025\/01\/WhatsApp-Image-2024-12-16-at-16.05.12-400x158.jpeg 400w, https:\/\/www.uni-r.pt\/wp-content\/uploads\/2025\/01\/WhatsApp-Image-2024-12-16-at-16.05.12-600x236.jpeg 600w, https:\/\/www.uni-r.pt\/wp-content\/uploads\/2025\/01\/WhatsApp-Image-2024-12-16-at-16.05.12-800x315.jpeg 800w, https:\/\/www.uni-r.pt\/wp-content\/uploads\/2025\/01\/WhatsApp-Image-2024-12-16-at-16.05.12-1200x473.jpeg 1200w, https:\/\/www.uni-r.pt\/wp-content\/uploads\/2025\/01\/WhatsApp-Image-2024-12-16-at-16.05.12.jpeg 1600w\" sizes=\"(min-width: 2200px) 100vw, (min-width: 928px) 230px, (min-width: 856px) 287px, (min-width: 784px) 383px, (min-width: 712px) 574px, (min-width: 640px) 712px, \" \/><\/a><\/div><\/div><\/div><div class=\"swiper-slide\"><div class=\"fusion-carousel-item-wrapper\"><div class=\"fusion-image-wrapper hover-type-none\"><a data-rel=\"iLightbox[image_carousel_1]\" data-title=\"WhatsApp Image 2024-12-16 at 16.06.55\" aria-label=\"WhatsApp Image 2024-12-16 at 16.06.55\" href=\"http:\/\/www.uni-r.pt\/wp-content\/uploads\/2025\/01\/WhatsApp-Image-2024-12-16-at-16.06.55.jpeg\" target=\"_self\"><img decoding=\"async\" width=\"1600\" height=\"531\" src=\"https:\/\/www.uni-r.pt\/wp-content\/uploads\/2025\/01\/WhatsApp-Image-2024-12-16-at-16.06.55.jpeg\" class=\"attachment-full size-full\" alt=\"\" srcset=\"https:\/\/www.uni-r.pt\/wp-content\/uploads\/2025\/01\/WhatsApp-Image-2024-12-16-at-16.06.55-200x66.jpeg 200w, https:\/\/www.uni-r.pt\/wp-content\/uploads\/2025\/01\/WhatsApp-Image-2024-12-16-at-16.06.55-400x133.jpeg 400w, https:\/\/www.uni-r.pt\/wp-content\/uploads\/2025\/01\/WhatsApp-Image-2024-12-16-at-16.06.55-600x199.jpeg 600w, https:\/\/www.uni-r.pt\/wp-content\/uploads\/2025\/01\/WhatsApp-Image-2024-12-16-at-16.06.55-800x266.jpeg 800w, https:\/\/www.uni-r.pt\/wp-content\/uploads\/2025\/01\/WhatsApp-Image-2024-12-16-at-16.06.55-1200x398.jpeg 1200w, https:\/\/www.uni-r.pt\/wp-content\/uploads\/2025\/01\/WhatsApp-Image-2024-12-16-at-16.06.55.jpeg 1600w\" sizes=\"(min-width: 2200px) 100vw, (min-width: 928px) 230px, (min-width: 856px) 287px, (min-width: 784px) 383px, (min-width: 712px) 574px, (min-width: 640px) 712px, \" \/><\/a><\/div><\/div><\/div><div class=\"swiper-slide\"><div class=\"fusion-carousel-item-wrapper\"><div class=\"fusion-image-wrapper hover-type-none\"><a data-rel=\"iLightbox[image_carousel_1]\" data-title=\"WhatsApp Image 2024-12-16 at 16.18.56\" aria-label=\"WhatsApp Image 2024-12-16 at 16.18.56\" href=\"http:\/\/www.uni-r.pt\/wp-content\/uploads\/2025\/01\/WhatsApp-Image-2024-12-16-at-16.18.56.jpeg\" target=\"_self\"><img decoding=\"async\" width=\"1600\" height=\"499\" src=\"https:\/\/www.uni-r.pt\/wp-content\/uploads\/2025\/01\/WhatsApp-Image-2024-12-16-at-16.18.56.jpeg\" class=\"attachment-full size-full\" alt=\"\" srcset=\"https:\/\/www.uni-r.pt\/wp-content\/uploads\/2025\/01\/WhatsApp-Image-2024-12-16-at-16.18.56-200x62.jpeg 200w, https:\/\/www.uni-r.pt\/wp-content\/uploads\/2025\/01\/WhatsApp-Image-2024-12-16-at-16.18.56-400x125.jpeg 400w, https:\/\/www.uni-r.pt\/wp-content\/uploads\/2025\/01\/WhatsApp-Image-2024-12-16-at-16.18.56-600x187.jpeg 600w, https:\/\/www.uni-r.pt\/wp-content\/uploads\/2025\/01\/WhatsApp-Image-2024-12-16-at-16.18.56-800x250.jpeg 800w, https:\/\/www.uni-r.pt\/wp-content\/uploads\/2025\/01\/WhatsApp-Image-2024-12-16-at-16.18.56-1200x374.jpeg 1200w, https:\/\/www.uni-r.pt\/wp-content\/uploads\/2025\/01\/WhatsApp-Image-2024-12-16-at-16.18.56.jpeg 1600w\" sizes=\"(min-width: 2200px) 100vw, (min-width: 928px) 230px, (min-width: 856px) 287px, (min-width: 784px) 383px, (min-width: 712px) 574px, (min-width: 640px) 712px, \" \/><\/a><\/div><\/div><\/div><\/div><div class=\"awb-swiper-button awb-swiper-button-prev\"><i class=\"awb-icon-angle-left\" aria-hidden=\"true\"><\/i><\/div><div class=\"awb-swiper-button awb-swiper-button-next\"><i class=\"awb-icon-angle-right\" aria-hidden=\"true\"><\/i><\/div><\/div><\/div><\/div><\/div><div class=\"fusion-layout-column fusion_builder_column fusion-builder-column-1 fusion_builder_column_1_3 1_3 fusion-flex-column\" style=\"--awb-bg-size:cover;--awb-width-large:33.333333333333%;--awb-margin-top-large:0px;--awb-spacing-right-large:5.76%;--awb-margin-bottom-large:20px;--awb-spacing-left-large:5.76%;--awb-width-medium:33.333333333333%;--awb-order-medium:0;--awb-spacing-right-medium:5.76%;--awb-spacing-left-medium:5.76%;--awb-width-small:100%;--awb-order-small:0;--awb-spacing-right-small:1.92%;--awb-spacing-left-small:1.92%;\"><div class=\"fusion-column-wrapper fusion-column-has-shadow fusion-flex-justify-content-flex-start fusion-content-layout-column\"><\/div><\/div><\/div><\/div>\n","protected":false},"excerpt":{"rendered":"","protected":false},"author":1,"featured_media":0,"parent":0,"menu_order":0,"comment_status":"closed","ping_status":"closed","template":"100-width.php","meta":{"_acf_changed":false,"footnotes":""},"class_list":["post-573","page","type-page","status-publish","hentry"],"acf":[],"_links":{"self":[{"href":"https:\/\/www.uni-r.pt\/index.php?rest_route=\/wp\/v2\/pages\/573","targetHints":{"allow":["GET"]}}],"collection":[{"href":"https:\/\/www.uni-r.pt\/index.php?rest_route=\/wp\/v2\/pages"}],"about":[{"href":"https:\/\/www.uni-r.pt\/index.php?rest_route=\/wp\/v2\/types\/page"}],"author":[{"embeddable":true,"href":"https:\/\/www.uni-r.pt\/index.php?rest_route=\/wp\/v2\/users\/1"}],"replies":[{"embeddable":true,"href":"https:\/\/www.uni-r.pt\/index.php?rest_route=%2Fwp%2Fv2%2Fcomments&post=573"}],"version-history":[{"count":4,"href":"https:\/\/www.uni-r.pt\/index.php?rest_route=\/wp\/v2\/pages\/573\/revisions"}],"predecessor-version":[{"id":1457,"href":"https:\/\/www.uni-r.pt\/index.php?rest_route=\/wp\/v2\/pages\/573\/revisions\/1457"}],"wp:attachment":[{"href":"https:\/\/www.uni-r.pt\/index.php?rest_route=%2Fwp%2Fv2%2Fmedia&parent=573"}],"curies":[{"name":"wp","href":"https:\/\/api.w.org\/{rel}","templated":true}]}}