{"id":753,"date":"2025-02-18T10:24:13","date_gmt":"2025-02-18T10:24:13","guid":{"rendered":"https:\/\/www.uni-r.pt\/?page_id=753"},"modified":"2025-09-08T15:10:00","modified_gmt":"2025-09-08T15:10:00","slug":"ciclo-de-cinema-e-saude-mental","status":"publish","type":"page","link":"https:\/\/www.uni-r.pt\/?page_id=753","title":{"rendered":"Ciclo de Cinema e Sa\u00fade Mental"},"content":{"rendered":"<div class=\"fusion-fullwidth fullwidth-box fusion-builder-row-1 fusion-flex-container has-pattern-background has-mask-background nonhundred-percent-fullwidth non-hundred-percent-height-scrolling\" style=\"--awb-border-radius-top-left:0px;--awb-border-radius-top-right:0px;--awb-border-radius-bottom-right:0px;--awb-border-radius-bottom-left:0px;--awb-flex-wrap:wrap;\" ><div class=\"fusion-builder-row fusion-row fusion-flex-align-items-flex-start fusion-flex-content-wrap\" style=\"max-width:1248px;margin-left: calc(-4% \/ 2 );margin-right: calc(-4% \/ 2 );\"><div class=\"fusion-layout-column fusion_builder_column fusion-builder-column-0 fusion_builder_column_2_3 2_3 fusion-flex-column\" style=\"--awb-bg-size:cover;--awb-width-large:66.666666666667%;--awb-margin-top-large:0px;--awb-spacing-right-large:2.88%;--awb-margin-bottom-large:20px;--awb-spacing-left-large:2.88%;--awb-width-medium:66.666666666667%;--awb-order-medium:0;--awb-spacing-right-medium:2.88%;--awb-spacing-left-medium:2.88%;--awb-width-small:100%;--awb-order-small:0;--awb-spacing-right-small:1.92%;--awb-spacing-left-small:1.92%;\"><div class=\"fusion-column-wrapper fusion-column-has-shadow fusion-flex-justify-content-flex-start fusion-content-layout-column\"><div class=\"fusion-text fusion-text-1\" style=\"--awb-content-alignment:justify;\"><p>Ao longo do 2\u00ba semestre do ano letivo de 2024\/2025, decorre o \u201cCiclo de Cinema e Sa\u00fade Mental\u201d com acesso gratuito para toda comunidade do Ispa e p\u00fablico em geral \u00a0interessados nas tem\u00e1ticas abordadas. A visualiza\u00e7\u00e3o das sess\u00f5es decorre no <span style=\"color: #3366ff;\"><a style=\"color: #3366ff;\" href=\"https:\/\/maps.app.goo.gl\/hrCfD7sVA8HsqKaBA\" target=\"_blank\" rel=\"noopener\">Audit\u00f3rio Armando Castro do Ispa<\/a><\/span>, entre as 20h30 e as 22h30, sendo a sua organiza\u00e7\u00e3o e coordena\u00e7\u00e3o responsabilidade do Professor Doutor Jos\u00e9 Ornelas em articula\u00e7\u00e3o com o projeto \u201cUNI_R: Resposta Integrada na Sa\u00fade Mental no Ensino Superior\u201d.<\/p>\n<p>Almejamos que estas 12 sess\u00f5es marquem o semestre pelos seus debates enriquecedores acerca da perspetiva da arte, nomeadamente o cinema, na representa\u00e7\u00e3o da doen\u00e7a e da sa\u00fade mental ao p\u00fablico. Para al\u00e9m de um filme tem\u00e1tico, cada sess\u00e3o conta com a presen\u00e7a de oradores convidados tanto da \u00e1rea da sa\u00fade mental como do cinema.<\/p>\n<ol>\n<li><span style=\"color: #0000ff;\"><a style=\"color: #0000ff;\" href=\"https:\/\/www.uni-r.pt\/?page_id=785\"><span style=\"color: #3366ff;\"><strong>Ordem Moral<\/strong> (2020)<\/span><\/a>\u00a0<\/span> &gt; 13\/fevereiro<\/li>\n<li><span style=\"color: #000080;\"><a style=\"color: #000080;\" href=\"https:\/\/www.uni-r.pt\/?page_id=775\"><span style=\"color: #3366ff;\"><strong>Love &amp; Mercy<\/strong> (2014)\u00a0<\/span><\/a><\/span> &gt; 27\/fevereiro<\/li>\n<li><a href=\"https:\/\/www.uni-r.pt\/?page_id=912\"><span style=\"color: #3366ff;\"><strong>Voando sobre um Ninho de Cucos<\/strong> (1975)\u00a0<\/span><\/a> &gt; 13\/mar\u00e7o<\/li>\n<li><strong>Asas da Liberdade <\/strong>(1984)\u00a0 &gt; 27\/mar\u00e7o<\/li>\n<li><strong>Lars e o Verdadeiro Amor<\/strong> (2007)\u00a0 &gt; 10\/abril<\/li>\n<li><strong>Frances<\/strong> (1982) &gt; 24\/abril<\/li>\n<li><span style=\"color: #3366ff;\"><a style=\"color: #3366ff;\" href=\"https:\/\/www.uni-r.pt\/?page_id=952\"><strong>A Paix\u00e3o de\u00a0Camille Claudel<\/strong> (1988)<\/a><\/span> &gt; 8\/maio<\/li>\n<li><strong>Laranja Mec\u00e2nica<\/strong> (1971)\u00a0 &gt; 22\/maio<\/li>\n<li><span style=\"color: #3366ff;\"><a style=\"color: #3366ff;\" href=\"https:\/\/www.uni-r.pt\/?page_id=984\"><strong>Uma Mente Brilhante <\/strong>(2001)<\/a>\u00a0<\/span> &gt; 5\/junho<\/li>\n<\/ol>\n<p>O \u201cCiclo de Cinema e Sa\u00fade Mental\u201d foi, sem sombra de d\u00favidas, uma atividade importante para a forma\u00e7\u00e3o profissional e pessoal dos estudantes do Ispa, uma vez que permitiu enriquecer as suas perspetivas sobre a comunica\u00e7\u00e3o da Sa\u00fade Mental ao p\u00fablico, assim como enriquecer o seu conhecimento cultural e art\u00edstico.<\/p>\n<p>Outras not\u00edcias relacionadas:<\/p>\n<div class=\"video-shortcode\">\n<blockquote class=\"wp-embedded-content\" data-secret=\"a5fjWRMMMO\">\n<p><a href=\"https:\/\/www.ispa.pt\/agenda\/eventos\/ciclo-de-cinema-do-ispa-estreia-com-ordem-moral\/\">Ciclo de Cinema do Ispa estreia com &#8216;Ordem Moral&#8217;<\/a><\/p>\n<\/blockquote>\n<p><iframe class=\"wp-embedded-content\" sandbox=\"allow-scripts\" security=\"restricted\" style=\"position: absolute; visibility: hidden;\" title=\"&#8220;Ciclo de Cinema do Ispa estreia com &#8216;Ordem Moral&#8217;&#8221; &#8212; Ispa \u2013 Instituto Universit\u00e1rio\" src=\"https:\/\/www.ispa.pt\/agenda\/eventos\/ciclo-de-cinema-do-ispa-estreia-com-ordem-moral\/embed\/#?secret=8CaoMx9tdT#?secret=a5fjWRMMMO\" data-secret=\"a5fjWRMMMO\" width=\"600\" height=\"338\" frameborder=\"0\" marginwidth=\"0\" marginheight=\"0\" scrolling=\"no\"><\/iframe><\/div>\n<\/div><\/div><\/div><div class=\"fusion-layout-column fusion_builder_column fusion-builder-column-1 fusion_builder_column_1_3 1_3 fusion-flex-column\" style=\"--awb-bg-size:cover;--awb-width-large:33.333333333333%;--awb-margin-top-large:0px;--awb-spacing-right-large:5.76%;--awb-margin-bottom-large:20px;--awb-spacing-left-large:5.76%;--awb-width-medium:33.333333333333%;--awb-order-medium:0;--awb-spacing-right-medium:5.76%;--awb-spacing-left-medium:5.76%;--awb-width-small:100%;--awb-order-small:0;--awb-spacing-right-small:1.92%;--awb-spacing-left-small:1.92%;\"><div class=\"fusion-column-wrapper fusion-column-has-shadow fusion-flex-justify-content-flex-start fusion-content-layout-column\"><div class=\"fusion-video fusion-selfhosted-video\" style=\"max-width:100%;\"><div class=\"video-wrapper\"><video playsinline=\"true\" width=\"100%\" style=\"object-fit: cover;\" autoplay=\"true\" muted=\"true\" preload=\"auto\" controls=\"1\"><source src=\"http:\/\/www.uni-r.pt\/wp-content\/uploads\/2025\/02\/Cinema_insta_small_5.mp4\" type=\"video\/mp4\">Sorry, your browser doesn&#039;t support embedded videos.<\/video><\/div><\/div><\/div><\/div><\/div><\/div>\n","protected":false},"excerpt":{"rendered":"","protected":false},"author":1,"featured_media":0,"parent":0,"menu_order":0,"comment_status":"closed","ping_status":"closed","template":"100-width.php","meta":{"_acf_changed":false,"footnotes":""},"class_list":["post-753","page","type-page","status-publish","hentry"],"acf":[],"_links":{"self":[{"href":"https:\/\/www.uni-r.pt\/index.php?rest_route=\/wp\/v2\/pages\/753","targetHints":{"allow":["GET"]}}],"collection":[{"href":"https:\/\/www.uni-r.pt\/index.php?rest_route=\/wp\/v2\/pages"}],"about":[{"href":"https:\/\/www.uni-r.pt\/index.php?rest_route=\/wp\/v2\/types\/page"}],"author":[{"embeddable":true,"href":"https:\/\/www.uni-r.pt\/index.php?rest_route=\/wp\/v2\/users\/1"}],"replies":[{"embeddable":true,"href":"https:\/\/www.uni-r.pt\/index.php?rest_route=%2Fwp%2Fv2%2Fcomments&post=753"}],"version-history":[{"count":28,"href":"https:\/\/www.uni-r.pt\/index.php?rest_route=\/wp\/v2\/pages\/753\/revisions"}],"predecessor-version":[{"id":769,"href":"https:\/\/www.uni-r.pt\/index.php?rest_route=\/wp\/v2\/pages\/753\/revisions\/769"}],"wp:attachment":[{"href":"https:\/\/www.uni-r.pt\/index.php?rest_route=%2Fwp%2Fv2%2Fmedia&parent=753"}],"curies":[{"name":"wp","href":"https:\/\/api.w.org\/{rel}","templated":true}]}}