{"id":813,"date":"2025-03-10T19:02:16","date_gmt":"2025-03-10T19:02:16","guid":{"rendered":"https:\/\/www.uni-r.pt\/?page_id=813"},"modified":"2025-11-19T11:51:55","modified_gmt":"2025-11-19T11:51:55","slug":"masterclass-de-fotografia","status":"publish","type":"page","link":"https:\/\/www.uni-r.pt\/?page_id=813","title":{"rendered":"Masterclass de Fotografia"},"content":{"rendered":"<div class=\"fusion-fullwidth fullwidth-box fusion-builder-row-1 fusion-flex-container has-pattern-background has-mask-background nonhundred-percent-fullwidth non-hundred-percent-height-scrolling\" style=\"--awb-border-radius-top-left:0px;--awb-border-radius-top-right:0px;--awb-border-radius-bottom-right:0px;--awb-border-radius-bottom-left:0px;--awb-flex-wrap:wrap;\" ><div class=\"fusion-builder-row fusion-row fusion-flex-align-items-flex-start fusion-flex-content-wrap\" style=\"max-width:1248px;margin-left: calc(-4% \/ 2 );margin-right: calc(-4% \/ 2 );\"><div class=\"fusion-layout-column fusion_builder_column fusion-builder-column-0 fusion_builder_column_2_3 2_3 fusion-flex-column\" style=\"--awb-bg-size:cover;--awb-width-large:66.666666666667%;--awb-margin-top-large:0px;--awb-spacing-right-large:2.88%;--awb-margin-bottom-large:20px;--awb-spacing-left-large:2.88%;--awb-width-medium:66.666666666667%;--awb-order-medium:0;--awb-spacing-right-medium:2.88%;--awb-spacing-left-medium:2.88%;--awb-width-small:100%;--awb-order-small:0;--awb-spacing-right-small:1.92%;--awb-spacing-left-small:1.92%;\"><div class=\"fusion-column-wrapper fusion-column-has-shadow fusion-flex-justify-content-flex-start fusion-content-layout-column\"><div class=\"fusion-text fusion-text-1\" style=\"--awb-content-alignment:justify;\"><p>No \u00e2mbito da inaugura\u00e7\u00e3o da exposi\u00e7\u00e3o fotogr\u00e1fica \u201cPo\u00e9tica Urbana \u2013 Deambula\u00e7\u00f5es pelo Quotidiano de Macau\u201d, na galeria Malangatana no Ispa, o autor <a href=\"https:\/\/www.goncalolobopinheiro.com\">Gon\u00e7alo Lobo Pinheiro<\/a> organizou uma <em>masterclass<\/em> para estudantes e restante comunidade do Ispa. Com esta <em>masterclass, <\/em>Gon\u00e7alo Lobo Pinheiro procurou promover a liberdade e a ambi\u00e7\u00e3o art\u00edstica de todos os amantes de fotografia.<\/p>\n<p><em>\u201c<\/em>Durante toda a manh\u00e3 do dia 21 de fevereiro, os estudantes e docentes do Ispa percorreram, com Gon\u00e7alo Lobo Pinheiro, as ruas de Alfama para realizarem uma s\u00e9rie de experimentos fotogr\u00e1ficos e, consequentemente, aprimorarem as suas compet\u00eancias com as c\u00e2maras. Posteriormente, revisitaram a exposi\u00e7\u00e3o \u201cPo\u00e9tica Urbana \u2013 Deambula\u00e7\u00f5es pelo Quotidiano de Macau\u201d, onde o autor revelou as t\u00e9cnicas e as hist\u00f3rias escondidas por detr\u00e1s de cada fotografia.<\/p>\n<p>Atrav\u00e9s de conversas e de algumas hist\u00f3rias pessoais, Gon\u00e7alo Lobo Pinheiro conseguiu desconstruir as ideias de est\u00e9tica na arte de fotografar e incentivar os mais receosos a n\u00e3o desistirem dos seus sonhos e a arriscar, fazendo desta <em>masterclass <\/em>um grande sucesso junto dos estudantes do Ispa.<\/p>\n<p>Outras not\u00edcias relacionadas:<\/p>\n<ul>\n<li><a href=\"https:\/\/www.ispa.pt\/agenda\/eventos\/fotografia-poetica-urbana-deambulacoes-pelo-quotidiano-de-macau\/\">https:\/\/www.ispa.pt\/agenda\/eventos\/fotografia-poetica-urbana-deambulacoes-pelo-quotidiano-de-macau\/<\/a><\/li>\n<li><a href=\"https:\/\/asianreviewofbooks.com\/poetica-urbana-urban-poetry-photography-by-goncalo-lobo-pinheiro\/\">https:\/\/asianreviewofbooks.com\/poetica-urbana-urban-poetry-photography-by-goncalo-lobo-pinheiro\/<\/a><\/li>\n<\/ul>\n<\/div><\/div><\/div><\/div><\/div>\n","protected":false},"excerpt":{"rendered":"","protected":false},"author":1,"featured_media":0,"parent":0,"menu_order":0,"comment_status":"closed","ping_status":"closed","template":"100-width.php","meta":{"_acf_changed":false,"footnotes":""},"class_list":["post-813","page","type-page","status-publish","hentry"],"acf":[],"_links":{"self":[{"href":"https:\/\/www.uni-r.pt\/index.php?rest_route=\/wp\/v2\/pages\/813","targetHints":{"allow":["GET"]}}],"collection":[{"href":"https:\/\/www.uni-r.pt\/index.php?rest_route=\/wp\/v2\/pages"}],"about":[{"href":"https:\/\/www.uni-r.pt\/index.php?rest_route=\/wp\/v2\/types\/page"}],"author":[{"embeddable":true,"href":"https:\/\/www.uni-r.pt\/index.php?rest_route=\/wp\/v2\/users\/1"}],"replies":[{"embeddable":true,"href":"https:\/\/www.uni-r.pt\/index.php?rest_route=%2Fwp%2Fv2%2Fcomments&post=813"}],"version-history":[{"count":4,"href":"https:\/\/www.uni-r.pt\/index.php?rest_route=\/wp\/v2\/pages\/813\/revisions"}],"predecessor-version":[{"id":1460,"href":"https:\/\/www.uni-r.pt\/index.php?rest_route=\/wp\/v2\/pages\/813\/revisions\/1460"}],"wp:attachment":[{"href":"https:\/\/www.uni-r.pt\/index.php?rest_route=%2Fwp%2Fv2%2Fmedia&parent=813"}],"curies":[{"name":"wp","href":"https:\/\/api.w.org\/{rel}","templated":true}]}}