{"id":925,"date":"2025-05-07T09:04:23","date_gmt":"2025-05-07T09:04:23","guid":{"rendered":"https:\/\/www.uni-r.pt\/?page_id=925"},"modified":"2025-11-19T11:55:00","modified_gmt":"2025-11-19T11:55:00","slug":"jornadas-da-psicologia-ispianas-ii","status":"publish","type":"page","link":"https:\/\/www.uni-r.pt\/?page_id=925","title":{"rendered":"II Jornadas da Psicologia Ispianas"},"content":{"rendered":"<div class=\"fusion-fullwidth fullwidth-box fusion-builder-row-1 fusion-flex-container has-pattern-background has-mask-background nonhundred-percent-fullwidth non-hundred-percent-height-scrolling\" style=\"--awb-border-radius-top-left:0px;--awb-border-radius-top-right:0px;--awb-border-radius-bottom-right:0px;--awb-border-radius-bottom-left:0px;--awb-flex-wrap:wrap;\" ><div class=\"fusion-builder-row fusion-row fusion-flex-align-items-flex-start fusion-flex-content-wrap\" style=\"max-width:1248px;margin-left: calc(-4% \/ 2 );margin-right: calc(-4% \/ 2 );\"><div class=\"fusion-layout-column fusion_builder_column fusion-builder-column-0 fusion_builder_column_2_3 2_3 fusion-flex-column\" style=\"--awb-bg-size:cover;--awb-width-large:66.666666666667%;--awb-margin-top-large:0px;--awb-spacing-right-large:2.88%;--awb-margin-bottom-large:20px;--awb-spacing-left-large:2.88%;--awb-width-medium:66.666666666667%;--awb-order-medium:0;--awb-spacing-right-medium:2.88%;--awb-spacing-left-medium:2.88%;--awb-width-small:100%;--awb-order-small:0;--awb-spacing-right-small:1.92%;--awb-spacing-left-small:1.92%;\"><div class=\"fusion-column-wrapper fusion-column-has-shadow fusion-flex-justify-content-flex-start fusion-content-layout-column\"><div class=\"fusion-text fusion-text-1\" style=\"--awb-content-alignment:justify;\"><p>As Jornadas da Psicologia Ispianas decorreram ao longo dos dias 21 e 22 de mar\u00e7o de 2025, contando com a participa\u00e7\u00e3o de psic\u00f3logos de diversas \u00e1reas e institui\u00e7\u00f5es e, consequentemente, com testemunhos enriquecedores sobre as suas pr\u00e1ticas e \u00e1reas de investiga\u00e7\u00e3o. Esta iniciativa, por parte da Associa\u00e7\u00e3o de Estudantes do Ispa, retomou este ano com a sua segunda edi\u00e7\u00e3o, fazendo furor junto da comunidade acad\u00e9mica do Ispa.<\/p>\n<p>Desde interven\u00e7\u00f5es em indiv\u00edduos com Perturba\u00e7\u00e3o do Espetro do Autismo at\u00e9 \u00e0s dificuldades da Era Digital, esta iniciativa procurou promover, atrav\u00e9s de palestras e debates, novas perspetivas para todos os estudantes interessados em descobrir novas \u00e1reas e vertentes dentro da Psicologia.<\/p>\n<p>Como n\u00e3o podia deixar de ser, o Projeto UNI_R tamb\u00e9m esteve presente nesta atividade representado pela Professora Maria Jo\u00e3o Vargas Moniz (Coordenadora do Projeto) e pelo investigador Francisco Queir\u00f3s (T\u00e9cnico do Projeto). Durante a manh\u00e3 de 22 de mar\u00e7o, a equipa apresentou os principais objetivos do projeto, assim como os seus procedimentos de implementa\u00e7\u00e3o e os resultados obtidos at\u00e9 ao momento. Ap\u00f3s esta apresenta\u00e7\u00e3o, alguns estudantes partilharam as suas experi\u00eancias acad\u00e9micas e sociais no Ispa, procurando contribuir para o futuro do projeto e do Ispa.<\/p>\n<p style=\"padding-left: 40px;\"><em>\u201cA presen\u00e7a do UNI_R nesta atividade foi crucial para o desenvolvimento do projeto, uma vez que nos permitiu apresentar os nossos objetivos com mais profundidade e clareza. Acho que nenhum de n\u00f3s esperava pela repercuss\u00e3o que esta apresenta\u00e7\u00e3o teria em alguns estudantes\u2026\u201d \u2013 <\/em>Francisco Queir\u00f3s, T\u00e9cnico do Projeto UNI_R<\/p>\n<p>Entre muitas experi\u00eancias e partilhas, as Jornadas da Psicologia Ispianas decorreram com imenso entusiasmo por parte de todos os envolvidos, promovendo a curiosidade e o interesse dos estudantes pela Psicologia e alimentando o desejo, em cada um de n\u00f3s, que contem com uma terceira edi\u00e7\u00e3o no pr\u00f3ximo ano\u2026<\/p>\n<p>Outras not\u00edcias relacionadas:<\/p>\n<div class=\"video-shortcode\">\n<blockquote class=\"wp-embedded-content\" data-secret=\"gTg8FtJr2M\">\n<p><a href=\"https:\/\/www.ispa.pt\/agenda\/eventos\/ii-jornadas-da-psicologia-ispianas\/\">II Jornadas da Psicologia Ispianas<\/a><\/p>\n<\/blockquote>\n<p><iframe class=\"wp-embedded-content\" sandbox=\"allow-scripts\" security=\"restricted\" style=\"position: absolute; visibility: hidden;\" title=\"&#8220;II Jornadas da Psicologia Ispianas&#8221; &#8212; Ispa \u2013 Instituto Universit\u00e1rio\" src=\"https:\/\/www.ispa.pt\/agenda\/eventos\/ii-jornadas-da-psicologia-ispianas\/embed\/#?secret=fM1owhOYTN#?secret=gTg8FtJr2M\" data-secret=\"gTg8FtJr2M\" width=\"600\" height=\"338\" frameborder=\"0\" marginwidth=\"0\" marginheight=\"0\" scrolling=\"no\"><\/iframe><\/div>\n<\/div><\/div><\/div><div class=\"fusion-layout-column fusion_builder_column fusion-builder-column-1 fusion_builder_column_1_3 1_3 fusion-flex-column\" style=\"--awb-bg-size:cover;--awb-width-large:33.333333333333%;--awb-margin-top-large:0px;--awb-spacing-right-large:5.76%;--awb-margin-bottom-large:20px;--awb-spacing-left-large:5.76%;--awb-width-medium:33.333333333333%;--awb-order-medium:0;--awb-spacing-right-medium:5.76%;--awb-spacing-left-medium:5.76%;--awb-width-small:100%;--awb-order-small:0;--awb-spacing-right-small:1.92%;--awb-spacing-left-small:1.92%;\"><div class=\"fusion-column-wrapper fusion-column-has-shadow fusion-flex-justify-content-flex-start fusion-content-layout-column\"><div class=\"fusion-video fusion-selfhosted-video\" style=\"max-width:100%;\"><div class=\"video-wrapper\"><video playsinline=\"true\" width=\"100%\" style=\"object-fit: cover;\" autoplay=\"true\" muted=\"true\" preload=\"auto\" controls=\"1\"><source src=\"http:\/\/www.uni-r.pt\/wp-content\/uploads\/2025\/05\/Jornadas_Ispianas_2025.mp4\" type=\"video\/mp4\">Sorry, your browser doesn&#039;t support embedded videos.<\/video><\/div><\/div><\/div><\/div><\/div><\/div>\n","protected":false},"excerpt":{"rendered":"","protected":false},"author":1,"featured_media":0,"parent":0,"menu_order":0,"comment_status":"closed","ping_status":"closed","template":"100-width.php","meta":{"_acf_changed":false,"footnotes":""},"class_list":["post-925","page","type-page","status-publish","hentry"],"acf":[],"_links":{"self":[{"href":"https:\/\/www.uni-r.pt\/index.php?rest_route=\/wp\/v2\/pages\/925","targetHints":{"allow":["GET"]}}],"collection":[{"href":"https:\/\/www.uni-r.pt\/index.php?rest_route=\/wp\/v2\/pages"}],"about":[{"href":"https:\/\/www.uni-r.pt\/index.php?rest_route=\/wp\/v2\/types\/page"}],"author":[{"embeddable":true,"href":"https:\/\/www.uni-r.pt\/index.php?rest_route=\/wp\/v2\/users\/1"}],"replies":[{"embeddable":true,"href":"https:\/\/www.uni-r.pt\/index.php?rest_route=%2Fwp%2Fv2%2Fcomments&post=925"}],"version-history":[{"count":9,"href":"https:\/\/www.uni-r.pt\/index.php?rest_route=\/wp\/v2\/pages\/925\/revisions"}],"predecessor-version":[{"id":1461,"href":"https:\/\/www.uni-r.pt\/index.php?rest_route=\/wp\/v2\/pages\/925\/revisions\/1461"}],"wp:attachment":[{"href":"https:\/\/www.uni-r.pt\/index.php?rest_route=%2Fwp%2Fv2%2Fmedia&parent=925"}],"curies":[{"name":"wp","href":"https:\/\/api.w.org\/{rel}","templated":true}]}}