{"id":976,"date":"2025-06-07T19:31:19","date_gmt":"2025-06-07T19:31:19","guid":{"rendered":"https:\/\/www.uni-r.pt\/?page_id=976"},"modified":"2025-11-11T10:49:29","modified_gmt":"2025-11-11T10:49:29","slug":"atividades-de-disseminacao","status":"publish","type":"page","link":"https:\/\/www.uni-r.pt\/?page_id=976","title":{"rendered":"Atividades de Dissemina\u00e7\u00e3o"},"content":{"rendered":"<p><div class=\"fusion-fullwidth fullwidth-box fusion-builder-row-1 fusion-flex-container has-pattern-background has-mask-background nonhundred-percent-fullwidth non-hundred-percent-height-scrolling\" style=\"--awb-border-radius-top-left:0px;--awb-border-radius-top-right:0px;--awb-border-radius-bottom-right:0px;--awb-border-radius-bottom-left:0px;--awb-flex-wrap:wrap;\" ><div class=\"fusion-builder-row fusion-row fusion-flex-align-items-flex-start fusion-flex-content-wrap\" style=\"max-width:1248px;margin-left: calc(-4% \/ 2 );margin-right: calc(-4% \/ 2 );\"><div class=\"fusion-layout-column fusion_builder_column fusion-builder-column-0 fusion_builder_column_1_1 1_1 fusion-flex-column\" style=\"--awb-bg-size:cover;--awb-width-large:100%;--awb-margin-top-large:0px;--awb-spacing-right-large:1.92%;--awb-margin-bottom-large:20px;--awb-spacing-left-large:1.92%;--awb-width-medium:100%;--awb-order-medium:0;--awb-spacing-right-medium:1.92%;--awb-spacing-left-medium:1.92%;--awb-width-small:100%;--awb-order-small:0;--awb-spacing-right-small:1.92%;--awb-spacing-left-small:1.92%;\"><div class=\"fusion-column-wrapper fusion-column-has-shadow fusion-flex-justify-content-flex-start fusion-content-layout-column\"><\/div><\/div><div class=\"fusion-layout-column fusion_builder_column fusion-builder-column-1 fusion_builder_column_1_4 1_4 fusion-flex-column\" style=\"--awb-bg-size:cover;--awb-width-large:25%;--awb-margin-top-large:0px;--awb-spacing-right-large:7.68%;--awb-margin-bottom-large:20px;--awb-spacing-left-large:7.68%;--awb-width-medium:25%;--awb-order-medium:0;--awb-spacing-right-medium:7.68%;--awb-spacing-left-medium:7.68%;--awb-width-small:100%;--awb-order-small:0;--awb-spacing-right-small:1.92%;--awb-spacing-left-small:1.92%;\"><div class=\"fusion-column-wrapper fusion-column-has-shadow fusion-flex-justify-content-flex-start fusion-content-layout-column\"><div class=\"fusion-image-element \" style=\"text-align:center;--awb-max-width:206px;--awb-caption-title-font-family:var(--h2_typography-font-family);--awb-caption-title-font-weight:var(--h2_typography-font-weight);--awb-caption-title-font-style:var(--h2_typography-font-style);--awb-caption-title-size:var(--h2_typography-font-size);--awb-caption-title-transform:var(--h2_typography-text-transform);--awb-caption-title-line-height:var(--h2_typography-line-height);--awb-caption-title-letter-spacing:var(--h2_typography-letter-spacing);\"><span class=\" fusion-imageframe imageframe-none imageframe-1 hover-type-none\"><a class=\"fusion-no-lightbox\" href=\"https:\/\/www.uni-r.pt\/?page_id=1265\" target=\"_self\" aria-label=\"Cartaz_Conf_building_communities\"><img decoding=\"async\" width=\"216\" height=\"300\" src=\"http:\/\/www.uni-r.pt\/wp-content\/uploads\/2025\/09\/Cartaz_Conf_building_communities-216x300.jpg\" alt class=\"img-responsive wp-image-1266\" srcset=\"https:\/\/www.uni-r.pt\/wp-content\/uploads\/2025\/09\/Cartaz_Conf_building_communities-200x278.jpg 200w, https:\/\/www.uni-r.pt\/wp-content\/uploads\/2025\/09\/Cartaz_Conf_building_communities-400x555.jpg 400w, https:\/\/www.uni-r.pt\/wp-content\/uploads\/2025\/09\/Cartaz_Conf_building_communities.jpg 480w\" sizes=\"(max-width: 640px) 100vw, 400px\" \/><\/a><\/span><\/div><div class=\"fusion-text fusion-text-1\"><h5 style=\"text-align: center;\">Building Community Strength in Uncertain Times<\/h5>\n<p style=\"text-align: center;\">Lisboa, Julho 2025<\/p>\n<\/div><\/div><\/div><div class=\"fusion-layout-column fusion_builder_column fusion-builder-column-2 fusion_builder_column_1_4 1_4 fusion-flex-column\" style=\"--awb-bg-size:cover;--awb-width-large:25%;--awb-margin-top-large:0px;--awb-spacing-right-large:7.68%;--awb-margin-bottom-large:20px;--awb-spacing-left-large:7.68%;--awb-width-medium:25%;--awb-order-medium:0;--awb-spacing-right-medium:7.68%;--awb-spacing-left-medium:7.68%;--awb-width-small:100%;--awb-order-small:0;--awb-spacing-right-small:1.92%;--awb-spacing-left-small:1.92%;\"><div class=\"fusion-column-wrapper fusion-column-has-shadow fusion-flex-justify-content-flex-start fusion-content-layout-column\"><div class=\"fusion-image-element \" style=\"text-align:center;--awb-max-width:200px;--awb-caption-title-font-family:var(--h2_typography-font-family);--awb-caption-title-font-weight:var(--h2_typography-font-weight);--awb-caption-title-font-style:var(--h2_typography-font-style);--awb-caption-title-size:var(--h2_typography-font-size);--awb-caption-title-transform:var(--h2_typography-text-transform);--awb-caption-title-line-height:var(--h2_typography-line-height);--awb-caption-title-letter-spacing:var(--h2_typography-letter-spacing);\"><span class=\" fusion-imageframe imageframe-none imageframe-2 hover-type-none\"><a class=\"fusion-no-lightbox\" href=\"https:\/\/www.uni-r.pt\/?page_id=1003\" target=\"_self\" aria-label=\"Cartaz_para_separador\"><img decoding=\"async\" width=\"800\" height=\"1146\" src=\"http:\/\/www.uni-r.pt\/wp-content\/uploads\/2025\/06\/Cartaz_para_separador.jpg\" alt class=\"img-responsive wp-image-1024\" srcset=\"https:\/\/www.uni-r.pt\/wp-content\/uploads\/2025\/06\/Cartaz_para_separador-200x287.jpg 200w, https:\/\/www.uni-r.pt\/wp-content\/uploads\/2025\/06\/Cartaz_para_separador-400x573.jpg 400w, https:\/\/www.uni-r.pt\/wp-content\/uploads\/2025\/06\/Cartaz_para_separador-600x860.jpg 600w, https:\/\/www.uni-r.pt\/wp-content\/uploads\/2025\/06\/Cartaz_para_separador.jpg 800w\" sizes=\"(max-width: 640px) 100vw, 400px\" \/><\/a><\/span><\/div><div class=\"fusion-text fusion-text-2\"><h5 style=\"text-align: center;\">XII Simp\u00f3sio Nacional de Investiga\u00e7\u00e3o em Psicologia<\/h5>\n<p style=\"text-align: center;\">Lisboa, Maio 2025<\/p>\n<\/div><\/div><\/div><div class=\"fusion-layout-column fusion_builder_column fusion-builder-column-3 fusion_builder_column_1_4 1_4 fusion-flex-column\" style=\"--awb-bg-size:cover;--awb-width-large:25%;--awb-margin-top-large:0px;--awb-spacing-right-large:7.68%;--awb-margin-bottom-large:20px;--awb-spacing-left-large:7.68%;--awb-width-medium:25%;--awb-order-medium:0;--awb-spacing-right-medium:7.68%;--awb-spacing-left-medium:7.68%;--awb-width-small:100%;--awb-order-small:0;--awb-spacing-right-small:1.92%;--awb-spacing-left-small:1.92%;\"><div class=\"fusion-column-wrapper fusion-column-has-shadow fusion-flex-justify-content-flex-start fusion-content-layout-column\"><div class=\"fusion-image-element \" style=\"text-align:center;--awb-max-width:200px;--awb-caption-title-font-family:var(--h2_typography-font-family);--awb-caption-title-font-weight:var(--h2_typography-font-weight);--awb-caption-title-font-style:var(--h2_typography-font-style);--awb-caption-title-size:var(--h2_typography-font-size);--awb-caption-title-transform:var(--h2_typography-text-transform);--awb-caption-title-line-height:var(--h2_typography-line-height);--awb-caption-title-letter-spacing:var(--h2_typography-letter-spacing);\"><span class=\" fusion-imageframe imageframe-none imageframe-3 hover-type-none\"><a class=\"fusion-no-lightbox\" href=\"https:\/\/www.uni-r.pt\/?page_id=960\" target=\"_self\" aria-label=\"Novo2\"><img decoding=\"async\" width=\"698\" height=\"990\" src=\"http:\/\/www.uni-r.pt\/wp-content\/uploads\/2025\/06\/Novo2.jpg\" alt class=\"img-responsive wp-image-1030\" srcset=\"https:\/\/www.uni-r.pt\/wp-content\/uploads\/2025\/06\/Novo2-200x284.jpg 200w, https:\/\/www.uni-r.pt\/wp-content\/uploads\/2025\/06\/Novo2-400x567.jpg 400w, https:\/\/www.uni-r.pt\/wp-content\/uploads\/2025\/06\/Novo2-600x851.jpg 600w, https:\/\/www.uni-r.pt\/wp-content\/uploads\/2025\/06\/Novo2.jpg 698w\" sizes=\"(max-width: 640px) 100vw, 400px\" \/><\/a><\/span><\/div><div class=\"fusion-text fusion-text-3\"><h5 style=\"text-align: center;\">Confer\u00eancia Internacional &#8220;Sa\u00fade Mental Comunit\u00e1ria&#8221;<\/h5>\n<p style=\"text-align: center;\">Lisboa, Mar\u00e7o 2025<\/p>\n<\/div><\/div><\/div><div class=\"fusion-layout-column fusion_builder_column fusion-builder-column-4 fusion_builder_column_1_4 1_4 fusion-flex-column\" style=\"--awb-bg-size:cover;--awb-width-large:25%;--awb-margin-top-large:0px;--awb-spacing-right-large:7.68%;--awb-margin-bottom-large:20px;--awb-spacing-left-large:7.68%;--awb-width-medium:25%;--awb-order-medium:0;--awb-spacing-right-medium:7.68%;--awb-spacing-left-medium:7.68%;--awb-width-small:100%;--awb-order-small:0;--awb-spacing-right-small:1.92%;--awb-spacing-left-small:1.92%;\"><div class=\"fusion-column-wrapper fusion-column-has-shadow fusion-flex-justify-content-flex-start fusion-content-layout-column\"><div class=\"fusion-image-element \" style=\"text-align:center;--awb-max-width:200px;--awb-caption-title-font-family:var(--h2_typography-font-family);--awb-caption-title-font-weight:var(--h2_typography-font-weight);--awb-caption-title-font-style:var(--h2_typography-font-style);--awb-caption-title-size:var(--h2_typography-font-size);--awb-caption-title-transform:var(--h2_typography-text-transform);--awb-caption-title-line-height:var(--h2_typography-line-height);--awb-caption-title-letter-spacing:var(--h2_typography-letter-spacing);\"><span class=\" fusion-imageframe imageframe-none imageframe-4 hover-type-none\"><a class=\"fusion-no-lightbox\" href=\"https:\/\/www.uni-r.pt\/?page_id=925\" target=\"_self\" aria-label=\"Cartaz_jornadas\"><img decoding=\"async\" width=\"400\" height=\"566\" src=\"http:\/\/www.uni-r.pt\/wp-content\/uploads\/2025\/05\/Cartaz_jornadas-400x566.png\" alt class=\"img-responsive wp-image-927\" srcset=\"https:\/\/www.uni-r.pt\/wp-content\/uploads\/2025\/05\/Cartaz_jornadas-200x283.png 200w, https:\/\/www.uni-r.pt\/wp-content\/uploads\/2025\/05\/Cartaz_jornadas-400x566.png 400w, https:\/\/www.uni-r.pt\/wp-content\/uploads\/2025\/05\/Cartaz_jornadas.png 500w\" sizes=\"(max-width: 640px) 100vw, 400px\" \/><\/a><\/span><\/div><div class=\"fusion-text fusion-text-4\"><h5 style=\"text-align: center;\">II Jornadas da Psicologia Ispianas<\/h5>\n<p style=\"text-align: center;\">Lisboa, Mar\u00e7o 2025<\/p>\n<\/div><\/div><\/div><div class=\"fusion-layout-column fusion_builder_column fusion-builder-column-5 fusion_builder_column_1_4 1_4 fusion-flex-column\" style=\"--awb-bg-size:cover;--awb-width-large:25%;--awb-margin-top-large:0px;--awb-spacing-right-large:7.68%;--awb-margin-bottom-large:20px;--awb-spacing-left-large:7.68%;--awb-width-medium:25%;--awb-order-medium:0;--awb-spacing-right-medium:7.68%;--awb-spacing-left-medium:7.68%;--awb-width-small:100%;--awb-order-small:0;--awb-spacing-right-small:1.92%;--awb-spacing-left-small:1.92%;\"><div class=\"fusion-column-wrapper fusion-column-has-shadow fusion-flex-justify-content-flex-start fusion-content-layout-column\"><div class=\"fusion-image-element \" style=\"text-align:center;--awb-max-width:200px;--awb-caption-title-font-family:var(--h2_typography-font-family);--awb-caption-title-font-weight:var(--h2_typography-font-weight);--awb-caption-title-font-style:var(--h2_typography-font-style);--awb-caption-title-size:var(--h2_typography-font-size);--awb-caption-title-transform:var(--h2_typography-text-transform);--awb-caption-title-line-height:var(--h2_typography-line-height);--awb-caption-title-letter-spacing:var(--h2_typography-letter-spacing);\"><span class=\" fusion-imageframe imageframe-none imageframe-5 hover-type-none\"><a class=\"fusion-no-lightbox\" href=\"https:\/\/www.uni-r.pt\/?page_id=370\" target=\"_self\" aria-label=\"Inovacao\"><img decoding=\"async\" width=\"744\" height=\"1046\" src=\"http:\/\/www.uni-r.pt\/wp-content\/uploads\/2025\/06\/Inovacao.jpg\" alt class=\"img-responsive wp-image-1001\" srcset=\"https:\/\/www.uni-r.pt\/wp-content\/uploads\/2025\/06\/Inovacao-200x281.jpg 200w, https:\/\/www.uni-r.pt\/wp-content\/uploads\/2025\/06\/Inovacao-400x562.jpg 400w, https:\/\/www.uni-r.pt\/wp-content\/uploads\/2025\/06\/Inovacao-600x844.jpg 600w, https:\/\/www.uni-r.pt\/wp-content\/uploads\/2025\/06\/Inovacao.jpg 744w\" sizes=\"(max-width: 640px) 100vw, 400px\" \/><\/a><\/span><\/div><div class=\"fusion-text fusion-text-5\"><h5 style=\"text-align: center;\">Inova\u00e7\u00e3o e Bem-Estar para o Sucesso<\/h5>\n<p style=\"text-align: center;\">Coimbra, Outubro 2024<\/p>\n<\/div><\/div><\/div><\/div><\/div><div class=\"fusion-fullwidth fullwidth-box fusion-builder-row-2 fusion-flex-container has-pattern-background has-mask-background nonhundred-percent-fullwidth non-hundred-percent-height-scrolling\" style=\"--awb-border-radius-top-left:0px;--awb-border-radius-top-right:0px;--awb-border-radius-bottom-right:0px;--awb-border-radius-bottom-left:0px;--awb-flex-wrap:wrap;\" ><div class=\"fusion-builder-row fusion-row fusion-flex-align-items-flex-start fusion-flex-content-wrap\" style=\"max-width:1248px;margin-left: calc(-4% \/ 2 );margin-right: calc(-4% \/ 2 );\"><\/div><\/div><\/p>\n","protected":false},"excerpt":{"rendered":"","protected":false},"author":1,"featured_media":0,"parent":0,"menu_order":0,"comment_status":"closed","ping_status":"closed","template":"100-width.php","meta":{"_acf_changed":false,"footnotes":""},"class_list":["post-976","page","type-page","status-publish","hentry"],"acf":[],"_links":{"self":[{"href":"https:\/\/www.uni-r.pt\/index.php?rest_route=\/wp\/v2\/pages\/976","targetHints":{"allow":["GET"]}}],"collection":[{"href":"https:\/\/www.uni-r.pt\/index.php?rest_route=\/wp\/v2\/pages"}],"about":[{"href":"https:\/\/www.uni-r.pt\/index.php?rest_route=\/wp\/v2\/types\/page"}],"author":[{"embeddable":true,"href":"https:\/\/www.uni-r.pt\/index.php?rest_route=\/wp\/v2\/users\/1"}],"replies":[{"embeddable":true,"href":"https:\/\/www.uni-r.pt\/index.php?rest_route=%2Fwp%2Fv2%2Fcomments&post=976"}],"version-history":[{"count":14,"href":"https:\/\/www.uni-r.pt\/index.php?rest_route=\/wp\/v2\/pages\/976\/revisions"}],"predecessor-version":[{"id":1441,"href":"https:\/\/www.uni-r.pt\/index.php?rest_route=\/wp\/v2\/pages\/976\/revisions\/1441"}],"wp:attachment":[{"href":"https:\/\/www.uni-r.pt\/index.php?rest_route=%2Fwp%2Fv2%2Fmedia&parent=976"}],"curies":[{"name":"wp","href":"https:\/\/api.w.org\/{rel}","templated":true}]}}